{"id":3429,"date":"2015-02-01T15:49:33","date_gmt":"2015-02-01T15:49:33","guid":{"rendered":"http:\/\/www.isbe-archaeologie.at\/?page_id=3429"},"modified":"2016-04-07T12:40:33","modified_gmt":"2016-04-07T12:40:33","slug":"siedlung-fuchskogel","status":"publish","type":"page","link":"http:\/\/www.isbe-archaeologie.at\/?page_id=3429","title":{"rendered":"Siedlung Fuchskogel"},"content":{"rendered":"<section  class='av_textblock_section av-av_textblock-0366cc7376be6c9e82a3e9cc8987b64f '   itemscope=\"itemscope\" itemtype=\"https:\/\/schema.org\/CreativeWork\" ><div class='avia_textblock'  itemprop=\"text\" ><h3>Die Siedlung am Fuchskogel bei Fladnitz<\/h3>\n<p style=\"text-align: justify;\">Der an der Ostseite des Raabtales nur m\u00e4\u00dfig hoch aufragende bewaldete Fuchskogel f\u00e4llt durch seinen noch heute deutlich sichtbaren, steil abbrechenden Wall an seiner Ostseite auf. Dieser konnte bereits im Rahmen einer ersten Grabungskampagne im Jahr 2013 untersucht werden, wobei \u00fcberraschende Erkenntnisse zutage traten. Der Wall samt vorgelagertem Graben und einer dahinter aufragenden Holzpalisadenstellung war in der Fr\u00fchbronzezeit (21. Jahrhundert v. Chr.) errichtet worden, wie anhand von Radiokarbondatierungen festgestellt werden konnte, und sch\u00fctzte die auf dem H\u00fcgelr\u00fccken befindliche Siedlung vor feindlichen Zugriffen. Das Interesse der 2014 durchgef\u00fchrten arch\u00e4ologischen Ausgrabungen lag daher auf der Erforschung dieses inneren Siedlungsareals, auf dem sich weitere bemerkenswerte Details unter der Erde verbargen:<br \/>\nDie erste Phase der bronzezeitlichen Besiedlung am Fuchskogel war noch nicht mit einem Wall befestigt und setzte bereits im 22. Jahrhundert v. Chr. ein, wie charakteristische Keramikfunde belegen, die der sog. Kisapostag-Kultur (2100\u22121800 v. Chr.) zugeordnet werden k\u00f6nnen. Die zugeh\u00f6rigen Geb\u00e4ude besa\u00dfen massive Steinrollierungen als Fundamente und Auflage f\u00fcr Holzbalken. Die aufgehenden W\u00e4nde waren ebenfalls aus Holz errichtet, das zur Isolierung mit einer Schicht aus Lehm ummantelt war. Diese blieb, wenn das Holz verbrannte, als sog. H\u00fcttenlehm in verziegelter Form erhalten.<br \/>\nDer Wall wurde erst in einer zweiten Besiedlungsphase errichtet, zu der aus Holzbalken und Holzpfosten errichtete Geb\u00e4ude ohne Steinrollierungen geh\u00f6ren. Die Siedlung war jedoch vermutlich bereits in der ersten Phase von einer Holzpalisadenstellung umgeben. Die bronzezeitliche Besiedlung\u00a0 am Fuchskogel bricht am Ende des 3. bzw. zu Beginn des 2. Jahrtausends v. Chr. ab.<br \/>\nBeinahe 2000 Jahre sp\u00e4ter wird der Fuchskogel in sp\u00e4tkeltischer Zeit (Lat\u00e8nezeit) im 2. und 1. Jahrhundert\u00a0 v. Chr. erneut besiedelt und auch neu befestigt. So konnte festgestellt werden, dass an den\u00a0 fr\u00fchbronzezeitlichen Wall an der Innenseite eine rampenartig ansteigende Ansch\u00fcttung angelegt wurde, die die \u00e4lteren Siedlungsreste \u00fcberlagerte. Sog. Grubenh\u00e4user und charakteristische Keramikfragmente aus Graphitton mit metallisch gl\u00e4nzender Oberfl\u00e4che sind dieser letzten sp\u00e4teisenzeitlichen Besiedlungsphase zuzuordnen.<\/p>\n<p style=\"text-align: justify;\">Die Grabungsarbeiten des Jahres 2015 auf dem Fuchskogel wurden gezielt im Bereich der im Jahr davor angeschnittenen und nicht vollst\u00e4ndig erfassten Siedlungsobjekte fortgesetzt.<\/p>\n<p style=\"text-align: justify;\">Gleich wie im Vorjahr konnte auch 2015 eine Besiedlung in der Fr\u00fchbronze- und in der Sp\u00e4tlat\u00e8nezeit nachgewiesen werden, wobei erneut zahlreiche Subphasen dieser zwei Hauptbesiedlungsphasen differenziert werden konnten. In Schnitt 1 konnte die gesamte bereits 2014 abschnittsweise erfasste massive, gro\u00dfe Rollsteinlage, bei der es sich wohl um die Unterlage eines Geb\u00e4udes handelt freigelegt werden. Sie war im Bereich ihrer Nordwestecke durch eine Grube gest\u00f6rt, die mit zahlreichen Keramikfragmenten verf\u00fcllt war, welche der fr\u00fchbronzezeitlichen Somogyv\u00e1r-Vinkovci-Kultur zugewiesen werden k\u00f6nnen.<\/p>\n<p style=\"text-align: justify;\">Diese Funde belegen jedoch, dass die kleine H\u00f6hensiedlung auf dem Fuchskogel bereits erstmals in der beginnenden Fr\u00fchbronzezeit (25.\/24. Jahrhundert v. Chr.) in der Somogyv\u00e1r-Vinkovci-Kultur besiedelt worden war und nicht erst, wie noch 2014 angenommen, in der ebenfalls fr\u00fchbronzezeitlichen Kisapostag-Kultur (23.\/22. Jahrhundert v. Chr.).<\/p>\n<p style=\"text-align: justify;\">\u00a0Dadurch ergibt sich f\u00fcr den Fuchskogel eine bislang \u2013 nicht nur in der Steiermark \u2013 einzigartige fr\u00fchbronzezeitliche Besiedlungssequenz, die wichtige Erkenntnisse zum \u00dcbergang dieser beiden aufeinander folgenden Kulturgruppen erbringen wird.<\/p>\n<p style=\"text-align: justify;\">Den insgesamt drei sp\u00e4tlat\u00e8nezeitlichen Besiedlungsphasen k\u00f6nnen nunmehr zahlreiche Geb\u00e4udereste zugeordnet werden.<\/p>\n<p style=\"text-align: justify;\">Die Ausgrabungen am Fuchskogel werden 2016 fortgesetzt und abgeschlossen werden.<\/p>\n<p style=\"text-align: justify;\">Die Ausgrabungen am Fuchskogel wurden vom <a href=\"http:\/\/www.kirchberger-laendchen.at\/\" target=\"_blank\" rel=\"noopener\"><em>Historischen Verein f\u00fcr das Kirchberger L\u00e4ndchen<\/em><\/a> e. V. initiiert und finanziert.<\/p>\n<\/div><\/section>\n<div id='av-masonry-1' class='av-masonry av-av_masonry_gallery-406aa0d3d2d9f01360472fe494c6ec8b noHover av-fixed-size av-1px-gap av-hover-overlay- av-masonry-animation-active av-masonry-col-6 av-caption-always av-caption-style- av-masonry-gallery ' data-post_id=\"3429\"><div class=\"av-masonry-container isotope av-js-disabled\"><div class='av-masonry-entry isotope-item av-masonry-item-no-image '><\/div><a href=\"http:\/\/www.isbe-archaeologie.at\/wp-content\/uploads\/2015\/02\/ausgenommener-Palisadengraben-1030x690.jpg\" data-srcset=\"http:\/\/www.isbe-archaeologie.at\/wp-content\/uploads\/2015\/02\/ausgenommener-Palisadengraben-1030x690.jpg 1030w, http:\/\/www.isbe-archaeologie.at\/wp-content\/uploads\/2015\/02\/ausgenommener-Palisadengraben-300x201.jpg 300w, http:\/\/www.isbe-archaeologie.at\/wp-content\/uploads\/2015\/02\/ausgenommener-Palisadengraben-705x472.jpg 705w, http:\/\/www.isbe-archaeologie.at\/wp-content\/uploads\/2015\/02\/ausgenommener-Palisadengraben-450x301.jpg 450w, http:\/\/www.isbe-archaeologie.at\/wp-content\/uploads\/2015\/02\/ausgenommener-Palisadengraben.jpg 1181w\" data-sizes=\"(max-width: 1030px) 100vw, 1030px\"  aria-label=\"Bild ausgenommener Palisadengraben\"  id='av-masonry-1-item-3431' data-av-masonry-item='3431' class='av-masonry-entry isotope-item post-3431 attachment type-attachment status-inherit hentry  av-masonry-item-with-image' title=\"ausgenommener Palisadengraben\" alt=\"\"    itemprop=\"thumbnailUrl\" ><div class='av-inner-masonry-sizer'><\/div><figure class='av-inner-masonry main_color'><div class=\"av-masonry-outerimage-container\"><div class='av-masonry-image-container' style=\"background-image: url(http:\/\/www.isbe-archaeologie.at\/wp-content\/uploads\/2015\/02\/ausgenommener-Palisadengraben-705x472.jpg);\"  title=\"ausgenommener Palisadengraben\"  ><\/div><\/div><\/figure><\/a><!--end av-masonry entry--><a href=\"http:\/\/www.isbe-archaeologie.at\/wp-content\/uploads\/2015\/02\/Grabungsschnitt-im-Bereich-der-Siedlungsfl\u00e4che-1030x706.jpg\" data-srcset=\"http:\/\/www.isbe-archaeologie.at\/wp-content\/uploads\/2015\/02\/Grabungsschnitt-im-Bereich-der-Siedlungsfl\u00e4che-1030x706.jpg 1030w, http:\/\/www.isbe-archaeologie.at\/wp-content\/uploads\/2015\/02\/Grabungsschnitt-im-Bereich-der-Siedlungsfl\u00e4che-300x206.jpg 300w, http:\/\/www.isbe-archaeologie.at\/wp-content\/uploads\/2015\/02\/Grabungsschnitt-im-Bereich-der-Siedlungsfl\u00e4che-705x483.jpg 705w, http:\/\/www.isbe-archaeologie.at\/wp-content\/uploads\/2015\/02\/Grabungsschnitt-im-Bereich-der-Siedlungsfl\u00e4che-450x308.jpg 450w, http:\/\/www.isbe-archaeologie.at\/wp-content\/uploads\/2015\/02\/Grabungsschnitt-im-Bereich-der-Siedlungsfl\u00e4che.jpg 1181w\" data-sizes=\"(max-width: 1030px) 100vw, 1030px\"  aria-label=\"Bild Grabungsschnitt im Bereich der Siedlungsfl\u00e4che\"  id='av-masonry-1-item-3432' data-av-masonry-item='3432' class='av-masonry-entry isotope-item post-3432 attachment type-attachment status-inherit hentry  av-masonry-item-with-image' title=\"Grabungsschnitt im Bereich der Siedlungsfl\u00e4che\" alt=\"\"    itemprop=\"thumbnailUrl\" ><div class='av-inner-masonry-sizer'><\/div><figure class='av-inner-masonry main_color'><div class=\"av-masonry-outerimage-container\"><div class='av-masonry-image-container' style=\"background-image: url(http:\/\/www.isbe-archaeologie.at\/wp-content\/uploads\/2015\/02\/Grabungsschnitt-im-Bereich-der-Siedlungsfl\u00e4che-705x483.jpg);\"  title=\"Grabungsschnitt im Bereich der Siedlungsfl\u00e4che\"  ><\/div><\/div><\/figure><\/a><!--end av-masonry entry--><a href=\"http:\/\/www.isbe-archaeologie.at\/wp-content\/uploads\/2015\/02\/hitzeger\u00f6tete-Steinrollierung-eines-bronzezeitlichen-Geb\u00e4udes-1030x645.jpg\" data-srcset=\"http:\/\/www.isbe-archaeologie.at\/wp-content\/uploads\/2015\/02\/hitzeger\u00f6tete-Steinrollierung-eines-bronzezeitlichen-Geb\u00e4udes-1030x645.jpg 1030w, http:\/\/www.isbe-archaeologie.at\/wp-content\/uploads\/2015\/02\/hitzeger\u00f6tete-Steinrollierung-eines-bronzezeitlichen-Geb\u00e4udes-300x188.jpg 300w, http:\/\/www.isbe-archaeologie.at\/wp-content\/uploads\/2015\/02\/hitzeger\u00f6tete-Steinrollierung-eines-bronzezeitlichen-Geb\u00e4udes-705x441.jpg 705w, http:\/\/www.isbe-archaeologie.at\/wp-content\/uploads\/2015\/02\/hitzeger\u00f6tete-Steinrollierung-eines-bronzezeitlichen-Geb\u00e4udes-450x282.jpg 450w, http:\/\/www.isbe-archaeologie.at\/wp-content\/uploads\/2015\/02\/hitzeger\u00f6tete-Steinrollierung-eines-bronzezeitlichen-Geb\u00e4udes.jpg 1181w\" data-sizes=\"(max-width: 1030px) 100vw, 1030px\"  aria-label=\"Bild hitzeger\u00f6tete Steinrollierung eines bronzezeitlichen Geb\u00e4udes\"  id='av-masonry-1-item-3433' data-av-masonry-item='3433' class='av-masonry-entry isotope-item post-3433 attachment type-attachment status-inherit hentry  av-masonry-item-with-image' title=\"hitzeger\u00f6tete Steinrollierung eines bronzezeitlichen Geb\u00e4udes\" alt=\"\"    itemprop=\"thumbnailUrl\" ><div class='av-inner-masonry-sizer'><\/div><figure class='av-inner-masonry main_color'><div class=\"av-masonry-outerimage-container\"><div class='av-masonry-image-container' style=\"background-image: url(http:\/\/www.isbe-archaeologie.at\/wp-content\/uploads\/2015\/02\/hitzeger\u00f6tete-Steinrollierung-eines-bronzezeitlichen-Geb\u00e4udes-705x441.jpg);\"  title=\"hitzeger\u00f6tete Steinrollierung eines bronzezeitlichen Geb\u00e4udes\"  ><\/div><\/div><\/figure><\/a><!--end av-masonry entry--><a href=\"http:\/\/www.isbe-archaeologie.at\/wp-content\/uploads\/2015\/02\/Impression-der-Siedlungsfl\u00e4che-am-Fuchskogel1-1030x686.jpg\" data-srcset=\"http:\/\/www.isbe-archaeologie.at\/wp-content\/uploads\/2015\/02\/Impression-der-Siedlungsfl\u00e4che-am-Fuchskogel1-1030x686.jpg 1030w, http:\/\/www.isbe-archaeologie.at\/wp-content\/uploads\/2015\/02\/Impression-der-Siedlungsfl\u00e4che-am-Fuchskogel1-300x200.jpg 300w, http:\/\/www.isbe-archaeologie.at\/wp-content\/uploads\/2015\/02\/Impression-der-Siedlungsfl\u00e4che-am-Fuchskogel1-705x470.jpg 705w, http:\/\/www.isbe-archaeologie.at\/wp-content\/uploads\/2015\/02\/Impression-der-Siedlungsfl\u00e4che-am-Fuchskogel1-450x300.jpg 450w, http:\/\/www.isbe-archaeologie.at\/wp-content\/uploads\/2015\/02\/Impression-der-Siedlungsfl\u00e4che-am-Fuchskogel1.jpg 1181w\" data-sizes=\"(max-width: 1030px) 100vw, 1030px\"  aria-label=\"Bild Impression der Siedlungsfl\u00e4che am Fuchskogel\"  id='av-masonry-1-item-3434' data-av-masonry-item='3434' class='av-masonry-entry isotope-item post-3434 attachment type-attachment status-inherit hentry  av-masonry-item-with-image' title=\"Impression der Siedlungsfl\u00e4che am Fuchskogel\" alt=\"\"    itemprop=\"thumbnailUrl\" ><div class='av-inner-masonry-sizer'><\/div><figure class='av-inner-masonry main_color'><div class=\"av-masonry-outerimage-container\"><div class='av-masonry-image-container' style=\"background-image: url(http:\/\/www.isbe-archaeologie.at\/wp-content\/uploads\/2015\/02\/Impression-der-Siedlungsfl\u00e4che-am-Fuchskogel1-705x470.jpg);\"  title=\"Impression der Siedlungsfl\u00e4che am Fuchskogel\"  ><\/div><\/div><\/figure><\/a><!--end av-masonry entry--><a href=\"http:\/\/www.isbe-archaeologie.at\/wp-content\/uploads\/2015\/02\/Profil-des-Grabens-1030x690.jpg\" data-srcset=\"http:\/\/www.isbe-archaeologie.at\/wp-content\/uploads\/2015\/02\/Profil-des-Grabens-1030x690.jpg 1030w, http:\/\/www.isbe-archaeologie.at\/wp-content\/uploads\/2015\/02\/Profil-des-Grabens-300x201.jpg 300w, http:\/\/www.isbe-archaeologie.at\/wp-content\/uploads\/2015\/02\/Profil-des-Grabens-705x472.jpg 705w, http:\/\/www.isbe-archaeologie.at\/wp-content\/uploads\/2015\/02\/Profil-des-Grabens-450x301.jpg 450w, http:\/\/www.isbe-archaeologie.at\/wp-content\/uploads\/2015\/02\/Profil-des-Grabens.jpg 1181w\" data-sizes=\"(max-width: 1030px) 100vw, 1030px\"  aria-label=\"Bild Profil des Grabens\"  id='av-masonry-1-item-3435' data-av-masonry-item='3435' class='av-masonry-entry isotope-item post-3435 attachment type-attachment status-inherit hentry  av-masonry-item-with-image' title=\"Profil des Grabens\" alt=\"\"    itemprop=\"thumbnailUrl\" ><div class='av-inner-masonry-sizer'><\/div><figure class='av-inner-masonry main_color'><div class=\"av-masonry-outerimage-container\"><div class='av-masonry-image-container' style=\"background-image: url(http:\/\/www.isbe-archaeologie.at\/wp-content\/uploads\/2015\/02\/Profil-des-Grabens-705x472.jpg);\"  title=\"Profil des Grabens\"  ><\/div><\/div><\/figure><\/a><!--end av-masonry entry--><a href=\"http:\/\/www.isbe-archaeologie.at\/wp-content\/uploads\/2015\/02\/Schnitt-durch-den-Wall-und-den-Graben.jpg\" data-srcset=\"http:\/\/www.isbe-archaeologie.at\/wp-content\/uploads\/2015\/02\/Schnitt-durch-den-Wall-und-den-Graben.jpg 395w, http:\/\/www.isbe-archaeologie.at\/wp-content\/uploads\/2015\/02\/Schnitt-durch-den-Wall-und-den-Graben-201x300.jpg 201w\" data-sizes=\"(max-width: 395px) 100vw, 395px\"  aria-label=\"Bild Schnitt durch den Wall und den Graben\"  id='av-masonry-1-item-3436' data-av-masonry-item='3436' class='av-masonry-entry isotope-item post-3436 attachment type-attachment status-inherit hentry  av-masonry-item-with-image' title=\"Schnitt durch den Wall und den Graben\" alt=\"\"    itemprop=\"thumbnailUrl\" ><div class='av-inner-masonry-sizer'><\/div><figure class='av-inner-masonry main_color'><div class=\"av-masonry-outerimage-container\"><div class='av-masonry-image-container' style=\"background-image: url(http:\/\/www.isbe-archaeologie.at\/wp-content\/uploads\/2015\/02\/Schnitt-durch-den-Wall-und-den-Graben.jpg);\"  title=\"Schnitt durch den Wall und den Graben\"  ><\/div><\/div><\/figure><\/a><!--end av-masonry entry--><\/div><a class='av-masonry-pagination av-masonry-load-more' href='#load-more'  data-ids='3431,3432,3433,3434,3435,3436,3437,3438,3439,3440,3441,4051,4050,4049,4048,4047,4046,4045,4044,4043,4042'  data-caption_elements='none'  data-caption_styling=''  data-caption_display='always'  data-img_copyright=''  data-size='fixed'  data-orientation=''  data-image_size='masonry'  data-gap='1px'  data-columns='6'  data-av-desktop-columns=''  data-av-medium-columns=''  data-av-small-columns=''  data-av-mini-columns=''  data-items='6'  data-paginate='load_more'  data-color=''  data-custom_bg=''  data-img_copyright_font=''  data-av-desktop-font-img_copyright_font=''  data-av-medium-font-img_copyright_font=''  data-av-small-font-img_copyright_font=''  data-av-mini-font-img_copyright_font=''  data-img_copyright_color=''  data-img_copyright_bg=''  data-animation='active'  data-animation_duration=''  data-animation_custom_bg_color=''  data-animation_custom_bg_color_multi_list=''  data-animation_z_index_curtain='100'  data-overlay_fx=''  data-container_links='active'  data-link_dest=''  data-lightbox_text=''  data-img_scrset=''  data-lazy_loading='disabled'  data-av-desktop-hide=''  data-av-medium-hide=''  data-av-small-hide=''  data-av-mini-hide=''  data-alb_description=''  data-id=''  data-custom_class=''  data-template_class=''  data-av_uid=''  data-sc_version='1.0'  data-action=''  data-link='category'  data-post_type='post, page, attachment, revision, nav_menu_item, custom_css, customize_changeset, oembed_cache, user_request, wp_block, wp_template, wp_template_part, wp_global_styles, wp_navigation, wp_font_family, wp_font_face, portfolio, avia_framework_post'  data-term_rel='IN'  data-offset='0'  data-container_class='av-masonry-gallery'  data-wc_prod_visible=''  data-wc_prod_hidden=''  data-wc_prod_featured=''  data-prod_order_by=''  data-prod_order=''  data-sort='no'  data-auto_ratio='1.7'  data-set_breadcrumb='1'  data-custom_markup=''  data-query_orderby='date'  data-query_order='DESC'  data-date_filter=''  data-date_filter_start=''  data-date_filter_end=''  data-date_filter_format='yy\/mm\/dd'  data-period_filter_unit_1=''  data-period_filter_unit_2=''  data-page_element_filter=''  data-avno='69bfe00316'>Mehr laden<\/a><\/div>\n","protected":false},"excerpt":{"rendered":"","protected":false},"author":1,"featured_media":0,"parent":3409,"menu_order":3,"comment_status":"open","ping_status":"open","template":"","meta":{"footnotes":""},"_links":{"self":[{"href":"http:\/\/www.isbe-archaeologie.at\/index.php?rest_route=\/wp\/v2\/pages\/3429"}],"collection":[{"href":"http:\/\/www.isbe-archaeologie.at\/index.php?rest_route=\/wp\/v2\/pages"}],"about":[{"href":"http:\/\/www.isbe-archaeologie.at\/index.php?rest_route=\/wp\/v2\/types\/page"}],"author":[{"embeddable":true,"href":"http:\/\/www.isbe-archaeologie.at\/index.php?rest_route=\/wp\/v2\/users\/1"}],"replies":[{"embeddable":true,"href":"http:\/\/www.isbe-archaeologie.at\/index.php?rest_route=%2Fwp%2Fv2%2Fcomments&post=3429"}],"version-history":[{"count":8,"href":"http:\/\/www.isbe-archaeologie.at\/index.php?rest_route=\/wp\/v2\/pages\/3429\/revisions"}],"predecessor-version":[{"id":4134,"href":"http:\/\/www.isbe-archaeologie.at\/index.php?rest_route=\/wp\/v2\/pages\/3429\/revisions\/4134"}],"up":[{"embeddable":true,"href":"http:\/\/www.isbe-archaeologie.at\/index.php?rest_route=\/wp\/v2\/pages\/3409"}],"wp:attachment":[{"href":"http:\/\/www.isbe-archaeologie.at\/index.php?rest_route=%2Fwp%2Fv2%2Fmedia&parent=3429"}],"curies":[{"name":"wp","href":"https:\/\/api.w.org\/{rel}","templated":true}]}}