{"id":3445,"date":"2015-02-04T01:48:49","date_gmt":"2015-02-04T01:48:49","guid":{"rendered":"http:\/\/www.isbe-archaeologie.at\/?page_id=3445"},"modified":"2015-02-10T17:27:02","modified_gmt":"2015-02-10T17:27:02","slug":"kultwagengrab-strettweg","status":"publish","type":"page","link":"http:\/\/www.isbe-archaeologie.at\/?page_id=3445","title":{"rendered":"Kultwagengrab Strettweg"},"content":{"rendered":"<section  class='av_textblock_section av-av_textblock-0366cc7376be6c9e82a3e9cc8987b64f '   itemscope=\"itemscope\" itemtype=\"https:\/\/schema.org\/CreativeWork\" ><div class='avia_textblock'  itemprop=\"text\" ><h3>Das Kultwagengrab von Strettweg &#8211; Tumulus I<\/h3>\n<p style=\"text-align: justify;\">Am Ende der Ausgrabung in Tumulus II erm\u00f6glichte ein zuf\u00e4llig auf dem Acker entdecktes Bronzefragment die Lokalisierung des Kultwagengrabes (Tumulus I). Das besagte St\u00fcck ist Teil einer schon im 19. Jahrhundert geborgenen sog. Breitrandsch\u00fcssel. Bei den arch\u00e4ologischen Untersuchungen im Herbst 2012 (Auftraggeber: <em>Museumsverein Judenburg<\/em> e. V. &#8211; <a href=\"http:\/\/fuerstengrab-strettweg.at\/\" target=\"_blank\" rel=\"noopener\"><em>Arbeitskreis Falkenberg<\/em><\/a>) traten bereits knapp unter der Ackerkrume die ersten Steine der durch die Grabungen des 19. Jahrhunderts gest\u00f6rten Struktur zutage. Denn auch dieser monumentale Grabh\u00fcgel von etwa 35 m Durchmesser enthielt eine steinerne Grabkammereinfassung mit der beachtlichen Gr\u00f6\u00dfe von 11 x 11 m und einen Zugangskorridor (Dromos). Im Gegensatz zu Tumulus II war dieses Grabmal nicht nur von einem umlaufenden Graben, sondern zus\u00e4tzlich von einer Mauer umgeben, die es in eine Reihe mit etruskischen Vorbildern stellt.<\/p>\n<p style=\"text-align: justify;\">Aufgrund der Funde von 1851 und 1852 galt das Kultwagengrab lange Zeit als Musterbeispiel der Grablege eines \u201eF\u00fcrsten\u201c der Hallstattzeit. Die Nachuntersuchungen legen nahe, dass diese Forschungsmeinung zu diskutieren sein wird, da die f\u00fcr einen F\u00fcrsten und Krieger charakteristischen Ausstattungsst\u00fccke, wie Schwert, Helm etc., fehlten. Dominant hingegen waren die Beigaben einer Frau, die beispielsweise ein Collier mit \u00fcber 2.500 Bernsteinperlen und zahlreichen Glasperlen ihr Eigen nannte. Zahlreiche weitere Schmuckst\u00fccke, wie Goldperlen, Fibeln, Zierbleche, Anh\u00e4nger und Armreifen, sind ebenfalls besagter Frau zuzurechnen. Diese \u00fcberaus reichen Beigaben zeichnen sie als herausragende Person aus, die, wie vergleichbare Fundkomplexe aus dem etruskischen und dem westbalkanischen Bereich zeigen, m\u00f6glicherweise die Funktion einer \u201ePriesterin\u201c inne hatte. Dies w\u00fcrde auch die Beigabe des Kultwagens erkl\u00e4ren.<\/p>\n<p style=\"text-align: justify;\">Fast alle im Zuge dieser Grabung get\u00e4tigten Funde (\u00fcber 7.000) sind kleine bis kleinste Fragmente, die bei den T\u00e4tigkeiten des 19. Jahrhunderts \u00fcbersehen oder nicht beachtet wurden und sich daher nicht mehr in ihrer urspr\u00fcnglichen Deponierungslage befanden. Auch in diesem Grab waren mehrere Personen (eine Frau, ein M\u00e4dchen und zwei M\u00e4nner) beigesetzt worden. Bestandteile von Zaumzeug f\u00fcr vier Reit- und zwei Zugpferde, Teile eines Wagens, prachtvolle Bronze- und Keramikgef\u00e4\u00dfe, Bratspie\u00dfe, weitere Teile des Kultwagens und die Waffen der M\u00e4nner vervollst\u00e4ndigten das Ensemble.<\/p>\n<\/div><\/section>\n<div id='av-masonry-1' class='av-masonry av-av_masonry_gallery-12ba64146c003a0924adb09c07d4e82d noHover av-fixed-size av-1px-gap av-hover-overlay- av-masonry-animation-active av-masonry-col-6 av-caption-always av-caption-style- av-masonry-gallery ' data-post_id=\"3445\"><div class=\"av-masonry-container isotope av-js-disabled\"><div class='av-masonry-entry isotope-item av-masonry-item-no-image '><\/div><a href=\"http:\/\/www.isbe-archaeologie.at\/wp-content\/uploads\/2015\/02\/Bernsteinperlenketten-532x1030.jpg\" data-srcset=\"http:\/\/www.isbe-archaeologie.at\/wp-content\/uploads\/2015\/02\/Bernsteinperlenketten-532x1030.jpg 532w, http:\/\/www.isbe-archaeologie.at\/wp-content\/uploads\/2015\/02\/Bernsteinperlenketten-155x300.jpg 155w, http:\/\/www.isbe-archaeologie.at\/wp-content\/uploads\/2015\/02\/Bernsteinperlenketten-775x1500.jpg 775w, http:\/\/www.isbe-archaeologie.at\/wp-content\/uploads\/2015\/02\/Bernsteinperlenketten-364x705.jpg 364w, http:\/\/www.isbe-archaeologie.at\/wp-content\/uploads\/2015\/02\/Bernsteinperlenketten-450x871.jpg 450w, http:\/\/www.isbe-archaeologie.at\/wp-content\/uploads\/2015\/02\/Bernsteinperlenketten.jpg 787w\" data-sizes=\"(max-width: 532px) 100vw, 532px\"  aria-label=\"Bild Bernsteinperlenketten\"  id='av-masonry-1-item-3446' data-av-masonry-item='3446' class='av-masonry-entry isotope-item post-3446 attachment type-attachment status-inherit hentry  av-masonry-item-with-image' title=\"Bernsteinperlenketten\" alt=\"\"    itemprop=\"thumbnailUrl\" ><div class='av-inner-masonry-sizer'><\/div><figure class='av-inner-masonry main_color'><div class=\"av-masonry-outerimage-container\"><div class='av-masonry-image-container' style=\"background-image: url(http:\/\/www.isbe-archaeologie.at\/wp-content\/uploads\/2015\/02\/Bernsteinperlenketten-364x705.jpg);\"  title=\"Bernsteinperlenketten\"  ><\/div><\/div><\/figure><\/a><!--end av-masonry entry--><a href=\"http:\/\/www.isbe-archaeologie.at\/wp-content\/uploads\/2015\/02\/Bronzequadrat-mit-Punktbuckelverzierung.jpg\" data-srcset=\"http:\/\/www.isbe-archaeologie.at\/wp-content\/uploads\/2015\/02\/Bronzequadrat-mit-Punktbuckelverzierung.jpg 204w, http:\/\/www.isbe-archaeologie.at\/wp-content\/uploads\/2015\/02\/Bronzequadrat-mit-Punktbuckelverzierung-36x36.jpg 36w\" data-sizes=\"(max-width: 204px) 100vw, 204px\"  aria-label=\"Bild Bronzequadrat mit Punktbuckelverzierung\"  id='av-masonry-1-item-3447' data-av-masonry-item='3447' class='av-masonry-entry isotope-item post-3447 attachment type-attachment status-inherit hentry  av-masonry-item-with-image' title=\"Bronzequadrat mit Punktbuckelverzierung\" alt=\"\"    itemprop=\"thumbnailUrl\" ><div class='av-inner-masonry-sizer'><\/div><figure class='av-inner-masonry main_color'><div class=\"av-masonry-outerimage-container\"><div class='av-masonry-image-container' style=\"background-image: url(http:\/\/www.isbe-archaeologie.at\/wp-content\/uploads\/2015\/02\/Bronzequadrat-mit-Punktbuckelverzierung.jpg);\"  title=\"Bronzequadrat mit Punktbuckelverzierung\"  ><\/div><\/div><\/figure><\/a><!--end av-masonry entry--><a href=\"http:\/\/www.isbe-archaeologie.at\/wp-content\/uploads\/2015\/02\/eingeebnete-H\u00fcgelgr\u00e4ber-in-Strettweg-im-Hintergrund-der-Falkenberg-1030x690.jpg\" data-srcset=\"http:\/\/www.isbe-archaeologie.at\/wp-content\/uploads\/2015\/02\/eingeebnete-H\u00fcgelgr\u00e4ber-in-Strettweg-im-Hintergrund-der-Falkenberg-1030x690.jpg 1030w, http:\/\/www.isbe-archaeologie.at\/wp-content\/uploads\/2015\/02\/eingeebnete-H\u00fcgelgr\u00e4ber-in-Strettweg-im-Hintergrund-der-Falkenberg-300x201.jpg 300w, http:\/\/www.isbe-archaeologie.at\/wp-content\/uploads\/2015\/02\/eingeebnete-H\u00fcgelgr\u00e4ber-in-Strettweg-im-Hintergrund-der-Falkenberg-705x472.jpg 705w, http:\/\/www.isbe-archaeologie.at\/wp-content\/uploads\/2015\/02\/eingeebnete-H\u00fcgelgr\u00e4ber-in-Strettweg-im-Hintergrund-der-Falkenberg-450x301.jpg 450w, http:\/\/www.isbe-archaeologie.at\/wp-content\/uploads\/2015\/02\/eingeebnete-H\u00fcgelgr\u00e4ber-in-Strettweg-im-Hintergrund-der-Falkenberg.jpg 1181w\" data-sizes=\"(max-width: 1030px) 100vw, 1030px\"  aria-label=\"Bild eingeebnete H\u00fcgelgr\u00e4ber in Strettweg &#8211; im Hintergrund der Falkenberg\"  id='av-masonry-1-item-3448' data-av-masonry-item='3448' class='av-masonry-entry isotope-item post-3448 attachment type-attachment status-inherit hentry  av-masonry-item-with-image' title=\"eingeebnete H\u00fcgelgr\u00e4ber in Strettweg &#8211; im Hintergrund der Falkenberg\" alt=\"\"    itemprop=\"thumbnailUrl\" ><div class='av-inner-masonry-sizer'><\/div><figure class='av-inner-masonry main_color'><div class=\"av-masonry-outerimage-container\"><div class='av-masonry-image-container' style=\"background-image: url(http:\/\/www.isbe-archaeologie.at\/wp-content\/uploads\/2015\/02\/eingeebnete-H\u00fcgelgr\u00e4ber-in-Strettweg-im-Hintergrund-der-Falkenberg-705x472.jpg);\"  title=\"eingeebnete H\u00fcgelgr\u00e4ber in Strettweg &#8211; im Hintergrund der Falkenberg\"  ><\/div><\/div><\/figure><\/a><!--end av-masonry entry--><a href=\"http:\/\/www.isbe-archaeologie.at\/wp-content\/uploads\/2015\/02\/Fragment-eines-Radanh\u00e4ngers-aus-Bronze.jpg\" data-srcset=\"http:\/\/www.isbe-archaeologie.at\/wp-content\/uploads\/2015\/02\/Fragment-eines-Radanh\u00e4ngers-aus-Bronze.jpg 640w, http:\/\/www.isbe-archaeologie.at\/wp-content\/uploads\/2015\/02\/Fragment-eines-Radanh\u00e4ngers-aus-Bronze-300x269.jpg 300w, http:\/\/www.isbe-archaeologie.at\/wp-content\/uploads\/2015\/02\/Fragment-eines-Radanh\u00e4ngers-aus-Bronze-450x404.jpg 450w\" data-sizes=\"(max-width: 640px) 100vw, 640px\"  aria-label=\"Bild Fragment eines Radanh\u00e4ngers aus Bronze\"  id='av-masonry-1-item-3449' data-av-masonry-item='3449' class='av-masonry-entry isotope-item post-3449 attachment type-attachment status-inherit hentry  av-masonry-item-with-image' title=\"Fragment eines Radanh\u00e4ngers aus Bronze\" alt=\"\"    itemprop=\"thumbnailUrl\" ><div class='av-inner-masonry-sizer'><\/div><figure class='av-inner-masonry main_color'><div class=\"av-masonry-outerimage-container\"><div class='av-masonry-image-container' style=\"background-image: url(http:\/\/www.isbe-archaeologie.at\/wp-content\/uploads\/2015\/02\/Fragment-eines-Radanh\u00e4ngers-aus-Bronze.jpg);\"  title=\"Fragment eines Radanh\u00e4ngers aus Bronze\"  ><\/div><\/div><\/figure><\/a><!--end av-masonry entry--><a href=\"http:\/\/www.isbe-archaeologie.at\/wp-content\/uploads\/2015\/02\/Goldperlen.jpg\" data-srcset=\"http:\/\/www.isbe-archaeologie.at\/wp-content\/uploads\/2015\/02\/Goldperlen.jpg 340w, http:\/\/www.isbe-archaeologie.at\/wp-content\/uploads\/2015\/02\/Goldperlen-300x223.jpg 300w\" data-sizes=\"(max-width: 340px) 100vw, 340px\"  aria-label=\"Bild Goldperlen\"  id='av-masonry-1-item-3450' data-av-masonry-item='3450' class='av-masonry-entry isotope-item post-3450 attachment type-attachment status-inherit hentry  av-masonry-item-with-image' title=\"Goldperlen\" alt=\"\"    itemprop=\"thumbnailUrl\" ><div class='av-inner-masonry-sizer'><\/div><figure class='av-inner-masonry main_color'><div class=\"av-masonry-outerimage-container\"><div class='av-masonry-image-container' style=\"background-image: url(http:\/\/www.isbe-archaeologie.at\/wp-content\/uploads\/2015\/02\/Goldperlen.jpg);\"  title=\"Goldperlen\"  ><\/div><\/div><\/figure><\/a><!--end av-masonry entry--><a href=\"http:\/\/www.isbe-archaeologie.at\/wp-content\/uploads\/2015\/02\/Grabkammer-mit-St\u00f6rungen-des-19.-Jahrhunderts-1030x690.jpg\" data-srcset=\"http:\/\/www.isbe-archaeologie.at\/wp-content\/uploads\/2015\/02\/Grabkammer-mit-St\u00f6rungen-des-19.-Jahrhunderts-1030x690.jpg 1030w, http:\/\/www.isbe-archaeologie.at\/wp-content\/uploads\/2015\/02\/Grabkammer-mit-St\u00f6rungen-des-19.-Jahrhunderts-300x201.jpg 300w, http:\/\/www.isbe-archaeologie.at\/wp-content\/uploads\/2015\/02\/Grabkammer-mit-St\u00f6rungen-des-19.-Jahrhunderts-705x472.jpg 705w, http:\/\/www.isbe-archaeologie.at\/wp-content\/uploads\/2015\/02\/Grabkammer-mit-St\u00f6rungen-des-19.-Jahrhunderts-450x301.jpg 450w, http:\/\/www.isbe-archaeologie.at\/wp-content\/uploads\/2015\/02\/Grabkammer-mit-St\u00f6rungen-des-19.-Jahrhunderts.jpg 1181w\" data-sizes=\"(max-width: 1030px) 100vw, 1030px\"  aria-label=\"Bild Grabkammer mit St\u00f6rungen des 19. Jahrhunderts\"  id='av-masonry-1-item-3451' data-av-masonry-item='3451' class='av-masonry-entry isotope-item post-3451 attachment type-attachment status-inherit hentry  av-masonry-item-with-image' title=\"Grabkammer mit St\u00f6rungen des 19. Jahrhunderts\" alt=\"\"    itemprop=\"thumbnailUrl\" ><div class='av-inner-masonry-sizer'><\/div><figure class='av-inner-masonry main_color'><div class=\"av-masonry-outerimage-container\"><div class='av-masonry-image-container' style=\"background-image: url(http:\/\/www.isbe-archaeologie.at\/wp-content\/uploads\/2015\/02\/Grabkammer-mit-St\u00f6rungen-des-19.-Jahrhunderts-705x472.jpg);\"  title=\"Grabkammer mit St\u00f6rungen des 19. Jahrhunderts\"  ><\/div><\/div><\/figure><\/a><!--end av-masonry entry--><\/div><a class='av-masonry-pagination av-masonry-load-more' href='#load-more'  data-ids='3446,3447,3448,3449,3450,3451,3452,3453,3454,3455,3456'  data-caption_elements='none'  data-caption_styling=''  data-caption_display='always'  data-img_copyright=''  data-size='fixed'  data-orientation=''  data-image_size='masonry'  data-gap='1px'  data-columns='6'  data-av-desktop-columns=''  data-av-medium-columns=''  data-av-small-columns=''  data-av-mini-columns=''  data-items='6'  data-paginate='load_more'  data-color=''  data-custom_bg=''  data-img_copyright_font=''  data-av-desktop-font-img_copyright_font=''  data-av-medium-font-img_copyright_font=''  data-av-small-font-img_copyright_font=''  data-av-mini-font-img_copyright_font=''  data-img_copyright_color=''  data-img_copyright_bg=''  data-animation='active'  data-animation_duration=''  data-animation_custom_bg_color=''  data-animation_custom_bg_color_multi_list=''  data-animation_z_index_curtain='100'  data-overlay_fx=''  data-container_links='active'  data-link_dest=''  data-lightbox_text=''  data-img_scrset=''  data-lazy_loading='disabled'  data-av-desktop-hide=''  data-av-medium-hide=''  data-av-small-hide=''  data-av-mini-hide=''  data-alb_description=''  data-id=''  data-custom_class=''  data-template_class=''  data-av_uid=''  data-sc_version='1.0'  data-action=''  data-link='category'  data-post_type='post, page, attachment, revision, nav_menu_item, custom_css, customize_changeset, oembed_cache, user_request, wp_block, wp_template, wp_template_part, wp_global_styles, wp_navigation, wp_font_family, wp_font_face, portfolio, avia_framework_post'  data-term_rel='IN'  data-offset='0'  data-container_class='av-masonry-gallery'  data-wc_prod_visible=''  data-wc_prod_hidden=''  data-wc_prod_featured=''  data-prod_order_by=''  data-prod_order=''  data-sort='no'  data-auto_ratio='1.7'  data-set_breadcrumb='1'  data-custom_markup=''  data-query_orderby='date'  data-query_order='DESC'  data-date_filter=''  data-date_filter_start=''  data-date_filter_end=''  data-date_filter_format='yy\/mm\/dd'  data-period_filter_unit_1=''  data-period_filter_unit_2=''  data-page_element_filter=''  data-avno='a6488e4aaf'>Mehr laden<\/a><\/div>\n","protected":false},"excerpt":{"rendered":"","protected":false},"author":1,"featured_media":0,"parent":3409,"menu_order":3,"comment_status":"open","ping_status":"open","template":"","meta":{"footnotes":""},"_links":{"self":[{"href":"http:\/\/www.isbe-archaeologie.at\/index.php?rest_route=\/wp\/v2\/pages\/3445"}],"collection":[{"href":"http:\/\/www.isbe-archaeologie.at\/index.php?rest_route=\/wp\/v2\/pages"}],"about":[{"href":"http:\/\/www.isbe-archaeologie.at\/index.php?rest_route=\/wp\/v2\/types\/page"}],"author":[{"embeddable":true,"href":"http:\/\/www.isbe-archaeologie.at\/index.php?rest_route=\/wp\/v2\/users\/1"}],"replies":[{"embeddable":true,"href":"http:\/\/www.isbe-archaeologie.at\/index.php?rest_route=%2Fwp%2Fv2%2Fcomments&post=3445"}],"version-history":[{"count":7,"href":"http:\/\/www.isbe-archaeologie.at\/index.php?rest_route=\/wp\/v2\/pages\/3445\/revisions"}],"predecessor-version":[{"id":3933,"href":"http:\/\/www.isbe-archaeologie.at\/index.php?rest_route=\/wp\/v2\/pages\/3445\/revisions\/3933"}],"up":[{"embeddable":true,"href":"http:\/\/www.isbe-archaeologie.at\/index.php?rest_route=\/wp\/v2\/pages\/3409"}],"wp:attachment":[{"href":"http:\/\/www.isbe-archaeologie.at\/index.php?rest_route=%2Fwp%2Fv2%2Fmedia&parent=3445"}],"curies":[{"name":"wp","href":"https:\/\/api.w.org\/{rel}","templated":true}]}}