{"id":3457,"date":"2015-02-04T01:39:52","date_gmt":"2015-02-04T01:39:52","guid":{"rendered":"http:\/\/www.isbe-archaeologie.at\/?page_id=3457"},"modified":"2015-02-12T18:41:23","modified_gmt":"2015-02-12T18:41:23","slug":"helmgrab-strettweg","status":"publish","type":"page","link":"http:\/\/www.isbe-archaeologie.at\/?page_id=3457","title":{"rendered":"Helmgrab Strettweg"},"content":{"rendered":"<section  class='av_textblock_section av-av_textblock-0366cc7376be6c9e82a3e9cc8987b64f '   itemscope=\"itemscope\" itemtype=\"https:\/\/schema.org\/CreativeWork\" ><div class='avia_textblock'  itemprop=\"text\" ><h3>Das Helmgrab von Strettweg &#8211; Tumulus II<\/h3>\n<p style=\"text-align: justify;\">Im Fr\u00fchjahr 2012 wurden in Strettweg durch geopysikalische Messungen der <a href=\"http:\/\/www.zamg.ac.at\/cms\/de\/produkte\/geophysik\/archeo-prospections-r\"><em>ZAMG Archeo Prospections<\/em><\/a> (Zentralanstalt f\u00fcr Meteorologie und Geodynamik) festgestellte Reste eines H\u00fcgelgrabes arch\u00e4ologisch untersucht (Auftraggeber: <em>Museumsverein Judenburg<\/em> e. V. &#8211; <a href=\"http:\/\/fuerstengrab-strettweg.at\/\" target=\"_blank\" rel=\"noopener\"><em>Arbeitskreis Falkenberg<\/em><\/a>). Die Ausgrabung erbrachte ein noch ungest\u00f6rt erhaltenes hallstattzeitliches \u201eF\u00fcrstengrab\u201c (Tumulus II). Erosion und Ackert\u00e4tigkeit haben den einst eindrucksvollen Grabh\u00fcgel mit 38 m Durchmesser und einer H\u00f6he von vielleicht bis zu 10 m eingeebnet. Selbst von der m\u00e4chtigen Steinstruktur der 8,5 x 8,5 m gro\u00dfen Grabkammer waren nur mehr wenige Lagen erhalten. Trotzdem bewahrten sie die wertvollen Beigaben des \u201eF\u00fcrsten\u201c, eines weiteren Mannes und einer Frau f\u00fcr die Nachwelt, die Ende des 7.\/Anfang des 8. Jahrhunderts v. Chr. datiert werden k\u00f6nnen.<\/p>\n<p style=\"text-align: justify;\">Alle drei Bestatteten wurden samt Grabbeigaben auf einem Scheiterhaufen verbrannt, die verbliebenen Knochenreste wurden in Bronzegef\u00e4\u00dfen beigesetzt. Alle \u00fcbrigen mitverbrannten Gegenst\u00e4nde wurden ebenfalls eingesammelt und vor dem Verschlie\u00dfen der Grabkammer im Eingangskorridor (Dromos) deponiert. Ein weiterer, intakter Beigabensatz wurde in die Grabkammer gestellt. Der F\u00fcrst pr\u00e4sentiert sich hiermit als reich ausgestatteter (Reiter-) Krieger mit prunkvollen Waffen. Ihm wurde ein besonderes Schwert mitgegeben, das seiner Form nach wesentlich \u00e4lter ist als seine \u00fcbrigen Waffen, also wahrscheinlich als \u201eTraditionsschwert\u201c und Statussymbol anzusprechen sein wird. Weiters besa\u00df er einen hutf\u00f6rmigen Helm aus Bronze, an dessen Scheitel zwei kleine Figuren mit erhobenen Armen (Unheil abwehrender Gestus) angebracht sind. Pr\u00e4chtige Bronze- und Keramikgef\u00e4\u00dfe, ein Glasgef\u00e4\u00df, Pferdegeschirr und Bestandteile eines Wagens erg\u00e4nzten das Ensemble. Die Beigaben waren zumindest zum Teil in organischen Materialien verpackt. Am Helm, der zusammen mit den \u00fcbrigen Fundst\u00fccken aus Metall am <a href=\"http:\/\/web.rgzm.de\/\" target=\"_blank\" rel=\"noopener\"><em>R\u00f6misch\u2013Germanischen Zentralmuseum<\/em> <em>RGZM<\/em><\/a> in Mainz restauriert wurde,\u00a0 haben sich beispielsweise Reste eines Geflechtes erhalten.<\/p>\n<\/div><\/section>\n<div id='av-masonry-1' class='av-masonry av-av_masonry_gallery-2a5522efd42a250a965c52d05368b081 noHover av-fixed-size av-1px-gap av-hover-overlay- av-masonry-animation-active av-masonry-col-6 av-caption-always av-caption-style- av-masonry-gallery ' data-post_id=\"3457\"><div class=\"av-masonry-container isotope av-js-disabled\"><div class='av-masonry-entry isotope-item av-masonry-item-no-image '><\/div><a href=\"http:\/\/www.isbe-archaeologie.at\/wp-content\/uploads\/2015\/02\/das-Innere-der-Grabkammer-mit-den-in-originaler-Lage-belassenen-Funden.jpg\" data-srcset=\"http:\/\/www.isbe-archaeologie.at\/wp-content\/uploads\/2015\/02\/das-Innere-der-Grabkammer-mit-den-in-originaler-Lage-belassenen-Funden.jpg 913w, http:\/\/www.isbe-archaeologie.at\/wp-content\/uploads\/2015\/02\/das-Innere-der-Grabkammer-mit-den-in-originaler-Lage-belassenen-Funden-300x246.jpg 300w, http:\/\/www.isbe-archaeologie.at\/wp-content\/uploads\/2015\/02\/das-Innere-der-Grabkammer-mit-den-in-originaler-Lage-belassenen-Funden-705x579.jpg 705w, http:\/\/www.isbe-archaeologie.at\/wp-content\/uploads\/2015\/02\/das-Innere-der-Grabkammer-mit-den-in-originaler-Lage-belassenen-Funden-450x370.jpg 450w\" data-sizes=\"(max-width: 913px) 100vw, 913px\"  aria-label=\"Bild das Innere der Grabkammer mit den in originaler Lage belassenen Funden\"  id='av-masonry-1-item-3458' data-av-masonry-item='3458' class='av-masonry-entry isotope-item post-3458 attachment type-attachment status-inherit hentry  av-masonry-item-with-image' title=\"das Innere der Grabkammer mit den in originaler Lage belassenen Funden\" alt=\"\"    itemprop=\"thumbnailUrl\" ><div class='av-inner-masonry-sizer'><\/div><figure class='av-inner-masonry main_color'><div class=\"av-masonry-outerimage-container\"><div class='av-masonry-image-container' style=\"background-image: url(http:\/\/www.isbe-archaeologie.at\/wp-content\/uploads\/2015\/02\/das-Innere-der-Grabkammer-mit-den-in-originaler-Lage-belassenen-Funden-705x579.jpg);\"  title=\"das Innere der Grabkammer mit den in originaler Lage belassenen Funden\"  ><\/div><\/div><\/figure><\/a><!--end av-masonry entry--><a href=\"http:\/\/www.isbe-archaeologie.at\/wp-content\/uploads\/2015\/02\/das-Schwert-des-F\u00fcrsten-in-Fundlage.jpg\" data-srcset=\"http:\/\/www.isbe-archaeologie.at\/wp-content\/uploads\/2015\/02\/das-Schwert-des-F\u00fcrsten-in-Fundlage.jpg 721w, http:\/\/www.isbe-archaeologie.at\/wp-content\/uploads\/2015\/02\/das-Schwert-des-F\u00fcrsten-in-Fundlage-300x127.jpg 300w, http:\/\/www.isbe-archaeologie.at\/wp-content\/uploads\/2015\/02\/das-Schwert-des-F\u00fcrsten-in-Fundlage-705x299.jpg 705w, http:\/\/www.isbe-archaeologie.at\/wp-content\/uploads\/2015\/02\/das-Schwert-des-F\u00fcrsten-in-Fundlage-450x191.jpg 450w\" data-sizes=\"(max-width: 721px) 100vw, 721px\"  aria-label=\"Bild das Schwert des F\u00fcrsten in Fundlage\"  id='av-masonry-1-item-3459' data-av-masonry-item='3459' class='av-masonry-entry isotope-item post-3459 attachment type-attachment status-inherit hentry  av-masonry-item-with-image' title=\"das Schwert des F\u00fcrsten in Fundlage\" alt=\"\"    itemprop=\"thumbnailUrl\" ><div class='av-inner-masonry-sizer'><\/div><figure class='av-inner-masonry main_color'><div class=\"av-masonry-outerimage-container\"><div class='av-masonry-image-container' style=\"background-image: url(http:\/\/www.isbe-archaeologie.at\/wp-content\/uploads\/2015\/02\/das-Schwert-des-F\u00fcrsten-in-Fundlage-705x299.jpg);\"  title=\"das Schwert des F\u00fcrsten in Fundlage\"  ><\/div><\/div><\/figure><\/a><!--end av-masonry entry--><a href=\"http:\/\/www.isbe-archaeologie.at\/wp-content\/uploads\/2015\/02\/Grabkammer-mit-Zugangskorridor-in-freigelegtem-Zustand-778x1030.jpg\" data-srcset=\"http:\/\/www.isbe-archaeologie.at\/wp-content\/uploads\/2015\/02\/Grabkammer-mit-Zugangskorridor-in-freigelegtem-Zustand-778x1030.jpg 778w, http:\/\/www.isbe-archaeologie.at\/wp-content\/uploads\/2015\/02\/Grabkammer-mit-Zugangskorridor-in-freigelegtem-Zustand-227x300.jpg 227w, http:\/\/www.isbe-archaeologie.at\/wp-content\/uploads\/2015\/02\/Grabkammer-mit-Zugangskorridor-in-freigelegtem-Zustand-532x705.jpg 532w, http:\/\/www.isbe-archaeologie.at\/wp-content\/uploads\/2015\/02\/Grabkammer-mit-Zugangskorridor-in-freigelegtem-Zustand-450x596.jpg 450w, http:\/\/www.isbe-archaeologie.at\/wp-content\/uploads\/2015\/02\/Grabkammer-mit-Zugangskorridor-in-freigelegtem-Zustand.jpg 864w\" data-sizes=\"(max-width: 778px) 100vw, 778px\"  aria-label=\"Bild Grabkammer mit Zugangskorridor in freigelegtem Zustand\"  id='av-masonry-1-item-3460' data-av-masonry-item='3460' class='av-masonry-entry isotope-item post-3460 attachment type-attachment status-inherit hentry  av-masonry-item-with-image' title=\"Grabkammer mit Zugangskorridor in freigelegtem Zustand\" alt=\"\"    itemprop=\"thumbnailUrl\" ><div class='av-inner-masonry-sizer'><\/div><figure class='av-inner-masonry main_color'><div class=\"av-masonry-outerimage-container\"><div class='av-masonry-image-container' style=\"background-image: url(http:\/\/www.isbe-archaeologie.at\/wp-content\/uploads\/2015\/02\/Grabkammer-mit-Zugangskorridor-in-freigelegtem-Zustand-532x705.jpg);\"  title=\"Grabkammer mit Zugangskorridor in freigelegtem Zustand\"  ><\/div><\/div><\/figure><\/a><!--end av-masonry entry--><a href=\"http:\/\/www.isbe-archaeologie.at\/wp-content\/uploads\/2015\/02\/Grabkammer-mit-Zugangskorridor1.jpg\" data-srcset=\"http:\/\/www.isbe-archaeologie.at\/wp-content\/uploads\/2015\/02\/Grabkammer-mit-Zugangskorridor1.jpg 787w, http:\/\/www.isbe-archaeologie.at\/wp-content\/uploads\/2015\/02\/Grabkammer-mit-Zugangskorridor1-300x201.jpg 300w, http:\/\/www.isbe-archaeologie.at\/wp-content\/uploads\/2015\/02\/Grabkammer-mit-Zugangskorridor1-705x472.jpg 705w, http:\/\/www.isbe-archaeologie.at\/wp-content\/uploads\/2015\/02\/Grabkammer-mit-Zugangskorridor1-450x301.jpg 450w\" data-sizes=\"(max-width: 787px) 100vw, 787px\"  aria-label=\"Bild Grabkammer mit Zugangskorridor\"  id='av-masonry-1-item-3461' data-av-masonry-item='3461' class='av-masonry-entry isotope-item post-3461 attachment type-attachment status-inherit hentry  av-masonry-item-with-image' title=\"Grabkammer mit Zugangskorridor\" alt=\"\"    itemprop=\"thumbnailUrl\" ><div class='av-inner-masonry-sizer'><\/div><figure class='av-inner-masonry main_color'><div class=\"av-masonry-outerimage-container\"><div class='av-masonry-image-container' style=\"background-image: url(http:\/\/www.isbe-archaeologie.at\/wp-content\/uploads\/2015\/02\/Grabkammer-mit-Zugangskorridor1-705x472.jpg);\"  title=\"Grabkammer mit Zugangskorridor\"  ><\/div><\/div><\/figure><\/a><!--end av-masonry entry--><a href=\"http:\/\/www.isbe-archaeologie.at\/wp-content\/uploads\/2015\/02\/Helmzier-Bronzefigur-mit-erhobenen-Armen.jpg\" data-srcset=\"http:\/\/www.isbe-archaeologie.at\/wp-content\/uploads\/2015\/02\/Helmzier-Bronzefigur-mit-erhobenen-Armen.jpg 344w, http:\/\/www.isbe-archaeologie.at\/wp-content\/uploads\/2015\/02\/Helmzier-Bronzefigur-mit-erhobenen-Armen-300x263.jpg 300w\" data-sizes=\"(max-width: 344px) 100vw, 344px\"  aria-label=\"Bild Helmzier &#8211; Bronzefigur mit erhobenen Armen\"  id='av-masonry-1-item-3462' data-av-masonry-item='3462' class='av-masonry-entry isotope-item post-3462 attachment type-attachment status-inherit hentry  av-masonry-item-with-image' title=\"Helmzier &#8211; Bronzefigur mit erhobenen Armen\" alt=\"\"    itemprop=\"thumbnailUrl\" ><div class='av-inner-masonry-sizer'><\/div><figure class='av-inner-masonry main_color'><div class=\"av-masonry-outerimage-container\"><div class='av-masonry-image-container' style=\"background-image: url(http:\/\/www.isbe-archaeologie.at\/wp-content\/uploads\/2015\/02\/Helmzier-Bronzefigur-mit-erhobenen-Armen.jpg);\"  title=\"Helmzier &#8211; Bronzefigur mit erhobenen Armen\"  ><\/div><\/div><\/figure><\/a><!--end av-masonry entry--><a href=\"http:\/\/www.isbe-archaeologie.at\/wp-content\/uploads\/2015\/02\/Henkelfragment-mit-Zieraufs\u00e4tzen-einer-feinen-Keramikschale.jpg\" data-srcset=\"http:\/\/www.isbe-archaeologie.at\/wp-content\/uploads\/2015\/02\/Henkelfragment-mit-Zieraufs\u00e4tzen-einer-feinen-Keramikschale.jpg 568w, http:\/\/www.isbe-archaeologie.at\/wp-content\/uploads\/2015\/02\/Henkelfragment-mit-Zieraufs\u00e4tzen-einer-feinen-Keramikschale-300x224.jpg 300w, http:\/\/www.isbe-archaeologie.at\/wp-content\/uploads\/2015\/02\/Henkelfragment-mit-Zieraufs\u00e4tzen-einer-feinen-Keramikschale-450x336.jpg 450w\" data-sizes=\"(max-width: 568px) 100vw, 568px\"  aria-label=\"Bild Henkelfragment mit Zieraufs\u00e4tzen einer feinen Keramikschale\"  id='av-masonry-1-item-3463' data-av-masonry-item='3463' class='av-masonry-entry isotope-item post-3463 attachment type-attachment status-inherit hentry  av-masonry-item-with-image' title=\"Henkelfragment mit Zieraufs\u00e4tzen einer feinen Keramikschale\" alt=\"\"    itemprop=\"thumbnailUrl\" ><div class='av-inner-masonry-sizer'><\/div><figure class='av-inner-masonry main_color'><div class=\"av-masonry-outerimage-container\"><div class='av-masonry-image-container' style=\"background-image: url(http:\/\/www.isbe-archaeologie.at\/wp-content\/uploads\/2015\/02\/Henkelfragment-mit-Zieraufs\u00e4tzen-einer-feinen-Keramikschale.jpg);\"  title=\"Henkelfragment mit Zieraufs\u00e4tzen einer feinen Keramikschale\"  ><\/div><\/div><\/figure><\/a><!--end av-masonry entry--><\/div><a class='av-masonry-pagination av-masonry-load-more' href='#load-more'  data-ids='3458,3459,3460,3461,3462,3463,3464,3465,3466,3467'  data-caption_elements='none'  data-caption_styling=''  data-caption_display='always'  data-img_copyright=''  data-size='fixed'  data-orientation=''  data-image_size='masonry'  data-gap='1px'  data-columns='6'  data-av-desktop-columns=''  data-av-medium-columns=''  data-av-small-columns=''  data-av-mini-columns=''  data-items='6'  data-paginate='load_more'  data-color=''  data-custom_bg=''  data-img_copyright_font=''  data-av-desktop-font-img_copyright_font=''  data-av-medium-font-img_copyright_font=''  data-av-small-font-img_copyright_font=''  data-av-mini-font-img_copyright_font=''  data-img_copyright_color=''  data-img_copyright_bg=''  data-animation='active'  data-animation_duration=''  data-animation_custom_bg_color=''  data-animation_custom_bg_color_multi_list=''  data-animation_z_index_curtain='100'  data-overlay_fx=''  data-container_links='active'  data-link_dest=''  data-lightbox_text=''  data-img_scrset=''  data-lazy_loading='disabled'  data-av-desktop-hide=''  data-av-medium-hide=''  data-av-small-hide=''  data-av-mini-hide=''  data-alb_description=''  data-id=''  data-custom_class=''  data-template_class=''  data-av_uid=''  data-sc_version='1.0'  data-action=''  data-link='category'  data-post_type='post, page, attachment, revision, nav_menu_item, custom_css, customize_changeset, oembed_cache, user_request, wp_block, wp_template, wp_template_part, wp_global_styles, wp_navigation, wp_font_family, wp_font_face, portfolio, avia_framework_post'  data-term_rel='IN'  data-offset='0'  data-container_class='av-masonry-gallery'  data-wc_prod_visible=''  data-wc_prod_hidden=''  data-wc_prod_featured=''  data-prod_order_by=''  data-prod_order=''  data-sort='no'  data-auto_ratio='1.7'  data-set_breadcrumb='1'  data-custom_markup=''  data-query_orderby='date'  data-query_order='DESC'  data-date_filter=''  data-date_filter_start=''  data-date_filter_end=''  data-date_filter_format='yy\/mm\/dd'  data-period_filter_unit_1=''  data-period_filter_unit_2=''  data-page_element_filter=''  data-avno='69bfe00316'>Mehr laden<\/a><\/div>\n","protected":false},"excerpt":{"rendered":"","protected":false},"author":1,"featured_media":0,"parent":3409,"menu_order":3,"comment_status":"open","ping_status":"open","template":"","meta":{"footnotes":""},"_links":{"self":[{"href":"http:\/\/www.isbe-archaeologie.at\/index.php?rest_route=\/wp\/v2\/pages\/3457"}],"collection":[{"href":"http:\/\/www.isbe-archaeologie.at\/index.php?rest_route=\/wp\/v2\/pages"}],"about":[{"href":"http:\/\/www.isbe-archaeologie.at\/index.php?rest_route=\/wp\/v2\/types\/page"}],"author":[{"embeddable":true,"href":"http:\/\/www.isbe-archaeologie.at\/index.php?rest_route=\/wp\/v2\/users\/1"}],"replies":[{"embeddable":true,"href":"http:\/\/www.isbe-archaeologie.at\/index.php?rest_route=%2Fwp%2Fv2%2Fcomments&post=3457"}],"version-history":[{"count":10,"href":"http:\/\/www.isbe-archaeologie.at\/index.php?rest_route=\/wp\/v2\/pages\/3457\/revisions"}],"predecessor-version":[{"id":3949,"href":"http:\/\/www.isbe-archaeologie.at\/index.php?rest_route=\/wp\/v2\/pages\/3457\/revisions\/3949"}],"up":[{"embeddable":true,"href":"http:\/\/www.isbe-archaeologie.at\/index.php?rest_route=\/wp\/v2\/pages\/3409"}],"wp:attachment":[{"href":"http:\/\/www.isbe-archaeologie.at\/index.php?rest_route=%2Fwp%2Fv2%2Fmedia&parent=3457"}],"curies":[{"name":"wp","href":"https:\/\/api.w.org\/{rel}","templated":true}]}}