{"id":3479,"date":"2015-02-04T01:38:02","date_gmt":"2015-02-04T01:38:02","guid":{"rendered":"http:\/\/www.isbe-archaeologie.at\/?page_id=3479"},"modified":"2015-02-10T17:36:39","modified_gmt":"2015-02-10T17:36:39","slug":"bleikolmhuegel-waltersdorf","status":"publish","type":"page","link":"http:\/\/www.isbe-archaeologie.at\/?page_id=3479","title":{"rendered":"Bleikolmh\u00fcgel Waltersdorf"},"content":{"rendered":"<section  class='av_textblock_section av-av_textblock-0366cc7376be6c9e82a3e9cc8987b64f '   itemscope=\"itemscope\" itemtype=\"https:\/\/schema.org\/CreativeWork\" ><div class='avia_textblock'  itemprop=\"text\" ><h3>Der Bleikolmh\u00fcgel von Waltersdorf<\/h3>\n<p style=\"text-align: justify;\">Rund 1.200 m nordwestlich der Gr\u00e4bergruppe von Strettweg, in Waltersdorf gelegen, konnte 2013 einer der gr\u00f6\u00dften Grabh\u00fcgel des Ostalpenraumes untersucht werden (Auftraggeber: <a href=\"http:\/\/www.fuerstengrab-strettweg.at\/\"><em>Arbeitskreis Falkenberg <\/em><\/a>e. V.). Nach den Grundbesitzern wird er als \u201eBleikolmh\u00fcgel\u201c bezeichnet. Bereits die geophysikalischen Messungen lie\u00dfen die gewaltigen Dimensionen von 50 m H\u00fcgeldurchmesser, einem 9 m breiten Graben und einer 13 x 13 m messenden Steinstruktur der Grabkammer mit Eingangskorridor (Dromos) erkennen.<\/p>\n<p style=\"text-align: justify;\">Die ersten Befunde traten auch hier wiederum knapp unter der Ackeroberfl\u00e4che zutage und erbrachten \u00fcberraschende neue Aspekte: Bereits im Neolithikum (5. Jahrtausend v. Chr.) befand sich an der Stelle des sp\u00e4teren F\u00fcrstengrabes eine Siedlung. Au\u00dferdem galt der monumentale hallstattzeitliche Grabh\u00fcgel offenbar noch lange Zeit sp\u00e4ter als bedeutender Ort, vielleicht im Sinne eines \u201eAhnengrabh\u00fcgels\u201c. Denn in der R\u00f6merzeit (1.\/2. Jahrhundert n. Chr.) und im Fr\u00fchmittelalter (8.\/9. Jahrhundert n. Chr.) wurde in ihm erneut bestattet. W\u00e4hrend von den r\u00f6merzeitlichen Grabst\u00e4tten nur dislozierte Funde get\u00e4tigt werden konnten, blieben 44 ann\u00e4hernd in West-Ost-Richtung orientierte fr\u00fchmittelalterliche Gr\u00e4ber mit Skelettresten, Trachtausstattung und Beigaben erhalten.<\/p>\n<p style=\"text-align: justify;\">Die einst mannshohe, begehbare hallstattzeitliche Grabkammer des \u201eBleikolmh\u00fcgels\u201c war in der eindrucksvollen H\u00f6he von \u00fcber einem Meter erhalten und von einer m\u00e4chtigen Steinpackung umgeben. Ein breiter Zugangskorridor f\u00fchrte ins Innere der einstigen Holzkammer. Auch dieser wies, wie die Reste von in den Boden geschlagenen Pfosten belegen, eine Holzverschalung auf. Die Errichtung der h\u00f6lzernen Bauteile der Kammer und des Dromos erfolgte vor Ort, dies wird durch eine im dichten Lehm erhaltene Schicht aus Holzsp\u00e4nen, Rinde und Bl\u00e4ttern unter dem Boden der Grabkammer sowie rund um die Steinstrukturen deutlich.<\/p>\n<p style=\"text-align: justify;\">Die gewaltige Gr\u00f6\u00dfe des H\u00fcgels lie\u00df darauf schlie\u00dfen, dass in seinem Inneren eine \u00e4u\u00dferst pr\u00e4chtige und reiche Ausstattung verwahrt wurde. Dieser Umstand bewirkte jedoch bereits bald nach der Errichtung dieses Grabmales seine Beraubung. So blieb von den einst hier niedergelegten Bestattungen und den ohne Zweifel sehr qualit\u00e4tsvollen Beigaben nur mehr Weniges erhalten (Schmuckgegenst\u00e4nde, Bruchst\u00fccke von Glas-, Bronze- und Keramikgef\u00e4\u00dfen, verzierte Beinfragmente, Wagen- und Waffenteile). Dieses l\u00e4sst jedoch auf mehrere Bestattungsphasen und Nachbestattung in, auf und au\u00dferhalb der Grabkammer zwischen dem 7. und der ersten H\u00e4lfte des 5. Jahrhunderts v. Chr. schlie\u00dfen.<\/p>\n<\/div><\/section>\n<div id='av-masonry-1' class='av-masonry av-av_masonry_gallery-887e6c4f382aa4136aee1699b7841443 noHover av-fixed-size av-1px-gap av-hover-overlay- av-masonry-animation-active av-masonry-col-6 av-caption-always av-caption-style- av-masonry-gallery ' data-post_id=\"3479\"><div class=\"av-masonry-container isotope av-js-disabled\"><div class='av-masonry-entry isotope-item av-masonry-item-no-image '><\/div><a href=\"http:\/\/www.isbe-archaeologie.at\/wp-content\/uploads\/2015\/02\/Holzpfostenreihe-im-Zugangskorridor-zur-hallstattzeitlichen-Grabkammer-1030x686.jpg\" data-srcset=\"http:\/\/www.isbe-archaeologie.at\/wp-content\/uploads\/2015\/02\/Holzpfostenreihe-im-Zugangskorridor-zur-hallstattzeitlichen-Grabkammer-1030x686.jpg 1030w, http:\/\/www.isbe-archaeologie.at\/wp-content\/uploads\/2015\/02\/Holzpfostenreihe-im-Zugangskorridor-zur-hallstattzeitlichen-Grabkammer-300x200.jpg 300w, http:\/\/www.isbe-archaeologie.at\/wp-content\/uploads\/2015\/02\/Holzpfostenreihe-im-Zugangskorridor-zur-hallstattzeitlichen-Grabkammer-705x470.jpg 705w, http:\/\/www.isbe-archaeologie.at\/wp-content\/uploads\/2015\/02\/Holzpfostenreihe-im-Zugangskorridor-zur-hallstattzeitlichen-Grabkammer-450x300.jpg 450w, http:\/\/www.isbe-archaeologie.at\/wp-content\/uploads\/2015\/02\/Holzpfostenreihe-im-Zugangskorridor-zur-hallstattzeitlichen-Grabkammer.jpg 1181w\" data-sizes=\"(max-width: 1030px) 100vw, 1030px\"  aria-label=\"Bild Holzpfostenreihe im Zugangskorridor zur hallstattzeitlichen Grabkammer\"  id='av-masonry-1-item-3480' data-av-masonry-item='3480' class='av-masonry-entry isotope-item post-3480 attachment type-attachment status-inherit hentry  av-masonry-item-with-image' title=\"Holzpfostenreihe im Zugangskorridor zur hallstattzeitlichen Grabkammer\" alt=\"\"    itemprop=\"thumbnailUrl\" ><div class='av-inner-masonry-sizer'><\/div><figure class='av-inner-masonry main_color'><div class=\"av-masonry-outerimage-container\"><div class='av-masonry-image-container' style=\"background-image: url(http:\/\/www.isbe-archaeologie.at\/wp-content\/uploads\/2015\/02\/Holzpfostenreihe-im-Zugangskorridor-zur-hallstattzeitlichen-Grabkammer-705x470.jpg);\"  title=\"Holzpfostenreihe im Zugangskorridor zur hallstattzeitlichen Grabkammer\"  ><\/div><\/div><\/figure><\/a><!--end av-masonry entry--><a href=\"http:\/\/www.isbe-archaeologie.at\/wp-content\/uploads\/2015\/02\/Holzpfostenreste-im-Zugangskorridor-zur-hallstattzeitlichen-Grabkammer-1030x686.jpg\" data-srcset=\"http:\/\/www.isbe-archaeologie.at\/wp-content\/uploads\/2015\/02\/Holzpfostenreste-im-Zugangskorridor-zur-hallstattzeitlichen-Grabkammer-1030x686.jpg 1030w, http:\/\/www.isbe-archaeologie.at\/wp-content\/uploads\/2015\/02\/Holzpfostenreste-im-Zugangskorridor-zur-hallstattzeitlichen-Grabkammer-300x200.jpg 300w, http:\/\/www.isbe-archaeologie.at\/wp-content\/uploads\/2015\/02\/Holzpfostenreste-im-Zugangskorridor-zur-hallstattzeitlichen-Grabkammer-705x470.jpg 705w, http:\/\/www.isbe-archaeologie.at\/wp-content\/uploads\/2015\/02\/Holzpfostenreste-im-Zugangskorridor-zur-hallstattzeitlichen-Grabkammer-450x300.jpg 450w, http:\/\/www.isbe-archaeologie.at\/wp-content\/uploads\/2015\/02\/Holzpfostenreste-im-Zugangskorridor-zur-hallstattzeitlichen-Grabkammer.jpg 1181w\" data-sizes=\"(max-width: 1030px) 100vw, 1030px\"  aria-label=\"Bild Holzpfostenreste im Zugangskorridor zur hallstattzeitlichen Grabkammer\"  id='av-masonry-1-item-3481' data-av-masonry-item='3481' class='av-masonry-entry isotope-item post-3481 attachment type-attachment status-inherit hentry  av-masonry-item-with-image' title=\"Holzpfostenreste im Zugangskorridor zur hallstattzeitlichen Grabkammer\" alt=\"\"    itemprop=\"thumbnailUrl\" ><div class='av-inner-masonry-sizer'><\/div><figure class='av-inner-masonry main_color'><div class=\"av-masonry-outerimage-container\"><div class='av-masonry-image-container' style=\"background-image: url(http:\/\/www.isbe-archaeologie.at\/wp-content\/uploads\/2015\/02\/Holzpfostenreste-im-Zugangskorridor-zur-hallstattzeitlichen-Grabkammer-705x470.jpg);\"  title=\"Holzpfostenreste im Zugangskorridor zur hallstattzeitlichen Grabkammer\"  ><\/div><\/div><\/figure><\/a><!--end av-masonry entry--><a href=\"http:\/\/www.isbe-archaeologie.at\/wp-content\/uploads\/2015\/02\/im-Lehm-erhaltenes-Blatt-Hallstattzeit.jpg\" data-srcset=\"http:\/\/www.isbe-archaeologie.at\/wp-content\/uploads\/2015\/02\/im-Lehm-erhaltenes-Blatt-Hallstattzeit.jpg 732w, http:\/\/www.isbe-archaeologie.at\/wp-content\/uploads\/2015\/02\/im-Lehm-erhaltenes-Blatt-Hallstattzeit-300x184.jpg 300w, http:\/\/www.isbe-archaeologie.at\/wp-content\/uploads\/2015\/02\/im-Lehm-erhaltenes-Blatt-Hallstattzeit-705x431.jpg 705w, http:\/\/www.isbe-archaeologie.at\/wp-content\/uploads\/2015\/02\/im-Lehm-erhaltenes-Blatt-Hallstattzeit-450x275.jpg 450w\" data-sizes=\"(max-width: 732px) 100vw, 732px\"  aria-label=\"Bild im Lehm erhaltenes Blatt &#8211; Hallstattzeit\"  id='av-masonry-1-item-3482' data-av-masonry-item='3482' class='av-masonry-entry isotope-item post-3482 attachment type-attachment status-inherit hentry  av-masonry-item-with-image' title=\"im Lehm erhaltenes Blatt &#8211; Hallstattzeit\" alt=\"\"    itemprop=\"thumbnailUrl\" ><div class='av-inner-masonry-sizer'><\/div><figure class='av-inner-masonry main_color'><div class=\"av-masonry-outerimage-container\"><div class='av-masonry-image-container' style=\"background-image: url(http:\/\/www.isbe-archaeologie.at\/wp-content\/uploads\/2015\/02\/im-Lehm-erhaltenes-Blatt-Hallstattzeit-705x431.jpg);\"  title=\"im Lehm erhaltenes Blatt &#8211; Hallstattzeit\"  ><\/div><\/div><\/figure><\/a><!--end av-masonry entry--><a href=\"http:\/\/www.isbe-archaeologie.at\/wp-content\/uploads\/2015\/02\/Lehmummantelung-der-hallstattzeitlichen-Grabkammer-1030x686.jpg\" data-srcset=\"http:\/\/www.isbe-archaeologie.at\/wp-content\/uploads\/2015\/02\/Lehmummantelung-der-hallstattzeitlichen-Grabkammer-1030x686.jpg 1030w, http:\/\/www.isbe-archaeologie.at\/wp-content\/uploads\/2015\/02\/Lehmummantelung-der-hallstattzeitlichen-Grabkammer-300x200.jpg 300w, http:\/\/www.isbe-archaeologie.at\/wp-content\/uploads\/2015\/02\/Lehmummantelung-der-hallstattzeitlichen-Grabkammer-705x470.jpg 705w, http:\/\/www.isbe-archaeologie.at\/wp-content\/uploads\/2015\/02\/Lehmummantelung-der-hallstattzeitlichen-Grabkammer-450x300.jpg 450w, http:\/\/www.isbe-archaeologie.at\/wp-content\/uploads\/2015\/02\/Lehmummantelung-der-hallstattzeitlichen-Grabkammer.jpg 1181w\" data-sizes=\"(max-width: 1030px) 100vw, 1030px\"  aria-label=\"Bild Lehmummantelung der hallstattzeitlichen Grabkammer\"  id='av-masonry-1-item-3483' data-av-masonry-item='3483' class='av-masonry-entry isotope-item post-3483 attachment type-attachment status-inherit hentry  av-masonry-item-with-image' title=\"Lehmummantelung der hallstattzeitlichen Grabkammer\" alt=\"\"    itemprop=\"thumbnailUrl\" ><div class='av-inner-masonry-sizer'><\/div><figure class='av-inner-masonry main_color'><div class=\"av-masonry-outerimage-container\"><div class='av-masonry-image-container' style=\"background-image: url(http:\/\/www.isbe-archaeologie.at\/wp-content\/uploads\/2015\/02\/Lehmummantelung-der-hallstattzeitlichen-Grabkammer-705x470.jpg);\"  title=\"Lehmummantelung der hallstattzeitlichen Grabkammer\"  ><\/div><\/div><\/figure><\/a><!--end av-masonry entry--><a href=\"http:\/\/www.isbe-archaeologie.at\/wp-content\/uploads\/2015\/02\/neolithische-Steinwerkzeuge-und-Absplisse-1030x514.jpg\" data-srcset=\"http:\/\/www.isbe-archaeologie.at\/wp-content\/uploads\/2015\/02\/neolithische-Steinwerkzeuge-und-Absplisse-1030x514.jpg 1030w, http:\/\/www.isbe-archaeologie.at\/wp-content\/uploads\/2015\/02\/neolithische-Steinwerkzeuge-und-Absplisse-300x150.jpg 300w, http:\/\/www.isbe-archaeologie.at\/wp-content\/uploads\/2015\/02\/neolithische-Steinwerkzeuge-und-Absplisse-705x352.jpg 705w, http:\/\/www.isbe-archaeologie.at\/wp-content\/uploads\/2015\/02\/neolithische-Steinwerkzeuge-und-Absplisse-450x225.jpg 450w, http:\/\/www.isbe-archaeologie.at\/wp-content\/uploads\/2015\/02\/neolithische-Steinwerkzeuge-und-Absplisse.jpg 1184w\" data-sizes=\"(max-width: 1030px) 100vw, 1030px\"  aria-label=\"Bild neolithische Steinwerkzeuge und Absplisse\"  id='av-masonry-1-item-3484' data-av-masonry-item='3484' class='av-masonry-entry isotope-item post-3484 attachment type-attachment status-inherit hentry  av-masonry-item-with-image' title=\"neolithische Steinwerkzeuge und Absplisse\" alt=\"\"    itemprop=\"thumbnailUrl\" ><div class='av-inner-masonry-sizer'><\/div><figure class='av-inner-masonry main_color'><div class=\"av-masonry-outerimage-container\"><div class='av-masonry-image-container' style=\"background-image: url(http:\/\/www.isbe-archaeologie.at\/wp-content\/uploads\/2015\/02\/neolithische-Steinwerkzeuge-und-Absplisse-705x352.jpg);\"  title=\"neolithische Steinwerkzeuge und Absplisse\"  ><\/div><\/div><\/figure><\/a><!--end av-masonry entry--><a href=\"http:\/\/www.isbe-archaeologie.at\/wp-content\/uploads\/2015\/02\/Reste-einer-hallstattzeitlichen-Brandbestattung-1030x757.jpg\" data-srcset=\"http:\/\/www.isbe-archaeologie.at\/wp-content\/uploads\/2015\/02\/Reste-einer-hallstattzeitlichen-Brandbestattung-1030x757.jpg 1030w, http:\/\/www.isbe-archaeologie.at\/wp-content\/uploads\/2015\/02\/Reste-einer-hallstattzeitlichen-Brandbestattung-300x220.jpg 300w, http:\/\/www.isbe-archaeologie.at\/wp-content\/uploads\/2015\/02\/Reste-einer-hallstattzeitlichen-Brandbestattung-705x518.jpg 705w, http:\/\/www.isbe-archaeologie.at\/wp-content\/uploads\/2015\/02\/Reste-einer-hallstattzeitlichen-Brandbestattung-450x331.jpg 450w, http:\/\/www.isbe-archaeologie.at\/wp-content\/uploads\/2015\/02\/Reste-einer-hallstattzeitlichen-Brandbestattung.jpg 1181w\" data-sizes=\"(max-width: 1030px) 100vw, 1030px\"  aria-label=\"Bild Reste einer hallstattzeitlichen Brandbestattung\"  id='av-masonry-1-item-3485' data-av-masonry-item='3485' class='av-masonry-entry isotope-item post-3485 attachment type-attachment status-inherit hentry  av-masonry-item-with-image' title=\"Reste einer hallstattzeitlichen Brandbestattung\" alt=\"\"    itemprop=\"thumbnailUrl\" ><div class='av-inner-masonry-sizer'><\/div><figure class='av-inner-masonry main_color'><div class=\"av-masonry-outerimage-container\"><div class='av-masonry-image-container' style=\"background-image: url(http:\/\/www.isbe-archaeologie.at\/wp-content\/uploads\/2015\/02\/Reste-einer-hallstattzeitlichen-Brandbestattung-705x518.jpg);\"  title=\"Reste einer hallstattzeitlichen Brandbestattung\"  ><\/div><\/div><\/figure><\/a><!--end av-masonry entry--><\/div><a class='av-masonry-pagination av-masonry-load-more' href='#load-more'  data-ids='3480,3481,3482,3483,3484,3485,3486,3487,3488,3489,3490,3491,3492,3493,3494,3495,3496,3497,3498'  data-caption_elements='none'  data-caption_styling=''  data-caption_display='always'  data-img_copyright=''  data-size='fixed'  data-orientation=''  data-image_size='masonry'  data-gap='1px'  data-columns='6'  data-av-desktop-columns=''  data-av-medium-columns=''  data-av-small-columns=''  data-av-mini-columns=''  data-items='6'  data-paginate='load_more'  data-color=''  data-custom_bg=''  data-img_copyright_font=''  data-av-desktop-font-img_copyright_font=''  data-av-medium-font-img_copyright_font=''  data-av-small-font-img_copyright_font=''  data-av-mini-font-img_copyright_font=''  data-img_copyright_color=''  data-img_copyright_bg=''  data-animation='active'  data-animation_duration=''  data-animation_custom_bg_color=''  data-animation_custom_bg_color_multi_list=''  data-animation_z_index_curtain='100'  data-overlay_fx=''  data-container_links='active'  data-link_dest=''  data-lightbox_text=''  data-img_scrset=''  data-lazy_loading='disabled'  data-av-desktop-hide=''  data-av-medium-hide=''  data-av-small-hide=''  data-av-mini-hide=''  data-alb_description=''  data-id=''  data-custom_class=''  data-template_class=''  data-av_uid=''  data-sc_version='1.0'  data-action=''  data-link='category'  data-post_type='post, page, attachment, revision, nav_menu_item, custom_css, customize_changeset, oembed_cache, user_request, wp_block, wp_template, wp_template_part, wp_global_styles, wp_navigation, wp_font_family, wp_font_face, portfolio, avia_framework_post'  data-term_rel='IN'  data-offset='0'  data-container_class='av-masonry-gallery'  data-wc_prod_visible=''  data-wc_prod_hidden=''  data-wc_prod_featured=''  data-prod_order_by=''  data-prod_order=''  data-sort='no'  data-auto_ratio='1.7'  data-set_breadcrumb='1'  data-custom_markup=''  data-query_orderby='date'  data-query_order='DESC'  data-date_filter=''  data-date_filter_start=''  data-date_filter_end=''  data-date_filter_format='yy\/mm\/dd'  data-period_filter_unit_1=''  data-period_filter_unit_2=''  data-page_element_filter=''  data-avno='69bfe00316'>Mehr laden<\/a><\/div>\n","protected":false},"excerpt":{"rendered":"","protected":false},"author":1,"featured_media":0,"parent":3409,"menu_order":3,"comment_status":"open","ping_status":"open","template":"","meta":{"footnotes":""},"_links":{"self":[{"href":"http:\/\/www.isbe-archaeologie.at\/index.php?rest_route=\/wp\/v2\/pages\/3479"}],"collection":[{"href":"http:\/\/www.isbe-archaeologie.at\/index.php?rest_route=\/wp\/v2\/pages"}],"about":[{"href":"http:\/\/www.isbe-archaeologie.at\/index.php?rest_route=\/wp\/v2\/types\/page"}],"author":[{"embeddable":true,"href":"http:\/\/www.isbe-archaeologie.at\/index.php?rest_route=\/wp\/v2\/users\/1"}],"replies":[{"embeddable":true,"href":"http:\/\/www.isbe-archaeologie.at\/index.php?rest_route=%2Fwp%2Fv2%2Fcomments&post=3479"}],"version-history":[{"count":7,"href":"http:\/\/www.isbe-archaeologie.at\/index.php?rest_route=\/wp\/v2\/pages\/3479\/revisions"}],"predecessor-version":[{"id":3877,"href":"http:\/\/www.isbe-archaeologie.at\/index.php?rest_route=\/wp\/v2\/pages\/3479\/revisions\/3877"}],"up":[{"embeddable":true,"href":"http:\/\/www.isbe-archaeologie.at\/index.php?rest_route=\/wp\/v2\/pages\/3409"}],"wp:attachment":[{"href":"http:\/\/www.isbe-archaeologie.at\/index.php?rest_route=%2Fwp%2Fv2%2Fmedia&parent=3479"}],"curies":[{"name":"wp","href":"https:\/\/api.w.org\/{rel}","templated":true}]}}