{"id":3538,"date":"2015-02-04T01:59:12","date_gmt":"2015-02-04T01:59:12","guid":{"rendered":"http:\/\/www.isbe-archaeologie.at\/?page_id=3538"},"modified":"2015-02-10T17:49:12","modified_gmt":"2015-02-10T17:49:12","slug":"feldbegehung-survey","status":"publish","type":"page","link":"http:\/\/www.isbe-archaeologie.at\/?page_id=3538","title":{"rendered":"Feldbegehung &#8211; Survey"},"content":{"rendered":"<section  class='av_textblock_section av-av_textblock-0366cc7376be6c9e82a3e9cc8987b64f '   itemscope=\"itemscope\" itemtype=\"https:\/\/schema.org\/CreativeWork\" ><div class='avia_textblock'  itemprop=\"text\" ><h2><\/h2>\n<p style=\"text-align: justify;\">Feldbegehungen oder Surveys sind \u00e4u\u00dferst wichtige Grundlagen f\u00fcr die Erforschung einer arch\u00e4ologischen Landschaft. Wo immer Menschen einst lebten hinterlie\u00dfen sie Spuren, die man auch noch Jahrhunderte oder Jahrtausende sp\u00e4ter zu lesen vermag.<\/p>\n<p style=\"text-align: justify;\">Diese bestehen einerseits aus den Resten von Geb\u00e4uden und andererseits aus den durch die Bed\u00fcrfnisse des t\u00e4glichen Lebens entstehenden Abfallprodukten, wie sie etwa bei der Zubereitung von Nahrung, der Aufbewahrung von Nahrungsmitteln, der Erzeugung von Werkzeugen oder der Bekleidung etc. anfallen. So bieten etwa bei Begehungen aufgelesene Bruchst\u00fccke von T\u00f6pfen und Schalen aus Keramik einen wertvollen Hinweis auf einstige Siedlungen und deren zeitliche Einordnung. Au\u00dferdem blieben Strukturen von Bauwerken aus Holz oder Stein, zur Verteidigung dienender Gr\u00e4ben und W\u00e4lle oder die Reste von H\u00fcgelgr\u00e4bern erhalten, deren k\u00fcnstliche Entstehung man trotz Verfall, Erosion, landwirtschaftlicher Bearbeitung und Bewuchs noch erkennen kann.<\/p>\n<p style=\"text-align: justify;\">Eines der vorrangigen Forschungsziele des <span style=\"color: #940614;\"><em>Institutes f\u00fcr s\u00fcdostalpine Bronze- und Eisenzeit ISBE<\/em><\/span> besteht in der umfassenden Betrachtung einer solchen \u201earch\u00e4ologischen Landschaft\u201c mit ihren Siedlungen, Wegverbindungen, wirtschaftlichen Grundlagen, kulturellen und sozialen Besonderheiten.<\/p>\n<p style=\"text-align: justify;\">So z\u00e4hlt das \u201eLesen\u201c der in der Erde gespeicherten Informationen zu einer der wichtigsten Quellen der arch\u00e4ologischen Forschung!<\/p>\n<\/div><\/section>\n<div  class='avia-button-wrap av-av_button-453e1482af841cfa803b1c1eb934ee1b-wrap avia-button-right  avia-builder-el-1  el_after_av_textblock  el_before_av_masonry_gallery  avia-builder-el-last '><a href='http:\/\/www.isbe-archaeologie.at\/?page_id=3523'  class='avia-button av-av_button-453e1482af841cfa803b1c1eb934ee1b av-link-btn avia-icon_select-no avia-size-small avia-position-right avia-color-theme-color-subtle'  ><span class='avia_iconbox_title' >zur\u00fcck<\/span><\/a><\/div>\n<div id='av-masonry-1' class='av-masonry av-av_masonry_gallery-96220f75167c96a040757f986293ace2 noHover av-fixed-size av-1px-gap av-hover-overlay- av-masonry-animation-active av-masonry-col-6 av-caption-always av-caption-style- av-masonry-gallery ' data-post_id=\"3538\"><div class=\"av-masonry-container isotope av-js-disabled\"><div class='av-masonry-entry isotope-item av-masonry-item-no-image '><\/div><a href=\"http:\/\/www.isbe-archaeologie.at\/wp-content\/uploads\/2015\/02\/mittelalterliche-Burganlage-Umadum-bei-Raachau-689x1030.jpg\" data-srcset=\"http:\/\/www.isbe-archaeologie.at\/wp-content\/uploads\/2015\/02\/mittelalterliche-Burganlage-Umadum-bei-Raachau-689x1030.jpg 689w, http:\/\/www.isbe-archaeologie.at\/wp-content\/uploads\/2015\/02\/mittelalterliche-Burganlage-Umadum-bei-Raachau-201x300.jpg 201w, http:\/\/www.isbe-archaeologie.at\/wp-content\/uploads\/2015\/02\/mittelalterliche-Burganlage-Umadum-bei-Raachau-472x705.jpg 472w, http:\/\/www.isbe-archaeologie.at\/wp-content\/uploads\/2015\/02\/mittelalterliche-Burganlage-Umadum-bei-Raachau-450x672.jpg 450w, http:\/\/www.isbe-archaeologie.at\/wp-content\/uploads\/2015\/02\/mittelalterliche-Burganlage-Umadum-bei-Raachau.jpg 864w\" data-sizes=\"(max-width: 689px) 100vw, 689px\"  aria-label=\"Bild mittelalterliche Burganlage Umadum bei Raachau\"  id='av-masonry-1-item-3536' data-av-masonry-item='3536' class='av-masonry-entry isotope-item post-3536 attachment type-attachment status-inherit hentry  av-masonry-item-with-image' title=\"mittelalterliche Burganlage Umadum bei Raachau\" alt=\"\"    itemprop=\"thumbnailUrl\" ><div class='av-inner-masonry-sizer'><\/div><figure class='av-inner-masonry main_color'><div class=\"av-masonry-outerimage-container\"><div class='av-masonry-image-container' style=\"background-image: url(http:\/\/www.isbe-archaeologie.at\/wp-content\/uploads\/2015\/02\/mittelalterliche-Burganlage-Umadum-bei-Raachau-472x705.jpg);\"  title=\"mittelalterliche Burganlage Umadum bei Raachau\"  ><\/div><\/div><\/figure><\/a><!--end av-masonry entry--><a href=\"http:\/\/www.isbe-archaeologie.at\/wp-content\/uploads\/2015\/02\/Mauerreste-einer-abgekommenen-Burganlage-bei-St.-Veit-in-der-Gegend-728x1030.jpg\" data-srcset=\"http:\/\/www.isbe-archaeologie.at\/wp-content\/uploads\/2015\/02\/Mauerreste-einer-abgekommenen-Burganlage-bei-St.-Veit-in-der-Gegend-728x1030.jpg 728w, http:\/\/www.isbe-archaeologie.at\/wp-content\/uploads\/2015\/02\/Mauerreste-einer-abgekommenen-Burganlage-bei-St.-Veit-in-der-Gegend-212x300.jpg 212w, http:\/\/www.isbe-archaeologie.at\/wp-content\/uploads\/2015\/02\/Mauerreste-einer-abgekommenen-Burganlage-bei-St.-Veit-in-der-Gegend-1060x1500.jpg 1060w, http:\/\/www.isbe-archaeologie.at\/wp-content\/uploads\/2015\/02\/Mauerreste-einer-abgekommenen-Burganlage-bei-St.-Veit-in-der-Gegend-498x705.jpg 498w, http:\/\/www.isbe-archaeologie.at\/wp-content\/uploads\/2015\/02\/Mauerreste-einer-abgekommenen-Burganlage-bei-St.-Veit-in-der-Gegend-450x637.jpg 450w, http:\/\/www.isbe-archaeologie.at\/wp-content\/uploads\/2015\/02\/Mauerreste-einer-abgekommenen-Burganlage-bei-St.-Veit-in-der-Gegend.jpg 1074w\" data-sizes=\"(max-width: 728px) 100vw, 728px\"  aria-label=\"Bild Mauerreste einer abgekommenen Burganlage bei St. Veit in der Gegend\"  id='av-masonry-1-item-3535' data-av-masonry-item='3535' class='av-masonry-entry isotope-item post-3535 attachment type-attachment status-inherit hentry  av-masonry-item-with-image' title=\"Mauerreste einer abgekommenen Burganlage bei St. Veit in der Gegend\" alt=\"\"    itemprop=\"thumbnailUrl\" ><div class='av-inner-masonry-sizer'><\/div><figure class='av-inner-masonry main_color'><div class=\"av-masonry-outerimage-container\"><div class='av-masonry-image-container' style=\"background-image: url(http:\/\/www.isbe-archaeologie.at\/wp-content\/uploads\/2015\/02\/Mauerreste-einer-abgekommenen-Burganlage-bei-St.-Veit-in-der-Gegend-498x705.jpg);\"  title=\"Mauerreste einer abgekommenen Burganlage bei St. Veit in der Gegend\"  ><\/div><\/div><\/figure><\/a><!--end av-masonry entry--><a href=\"http:\/\/www.isbe-archaeologie.at\/wp-content\/uploads\/2015\/02\/H\u00fcgelgr\u00e4ber-bei-Flatschach-1030x686.jpg\" data-srcset=\"http:\/\/www.isbe-archaeologie.at\/wp-content\/uploads\/2015\/02\/H\u00fcgelgr\u00e4ber-bei-Flatschach-1030x686.jpg 1030w, http:\/\/www.isbe-archaeologie.at\/wp-content\/uploads\/2015\/02\/H\u00fcgelgr\u00e4ber-bei-Flatschach-300x200.jpg 300w, http:\/\/www.isbe-archaeologie.at\/wp-content\/uploads\/2015\/02\/H\u00fcgelgr\u00e4ber-bei-Flatschach-705x470.jpg 705w, http:\/\/www.isbe-archaeologie.at\/wp-content\/uploads\/2015\/02\/H\u00fcgelgr\u00e4ber-bei-Flatschach-450x300.jpg 450w, http:\/\/www.isbe-archaeologie.at\/wp-content\/uploads\/2015\/02\/H\u00fcgelgr\u00e4ber-bei-Flatschach.jpg 1181w\" data-sizes=\"(max-width: 1030px) 100vw, 1030px\"  aria-label=\"Bild H\u00fcgelgr\u00e4ber bei Flatschach\"  id='av-masonry-1-item-3534' data-av-masonry-item='3534' class='av-masonry-entry isotope-item post-3534 attachment type-attachment status-inherit hentry  av-masonry-item-with-image' title=\"H\u00fcgelgr\u00e4ber bei Flatschach\" alt=\"\"    itemprop=\"thumbnailUrl\" ><div class='av-inner-masonry-sizer'><\/div><figure class='av-inner-masonry main_color'><div class=\"av-masonry-outerimage-container\"><div class='av-masonry-image-container' style=\"background-image: url(http:\/\/www.isbe-archaeologie.at\/wp-content\/uploads\/2015\/02\/H\u00fcgelgr\u00e4ber-bei-Flatschach-705x470.jpg);\"  title=\"H\u00fcgelgr\u00e4ber bei Flatschach\"  ><\/div><\/div><\/figure><\/a><!--end av-masonry entry--><a href=\"http:\/\/www.isbe-archaeologie.at\/wp-content\/uploads\/2015\/02\/H\u00fcgelgrab-am-Buchkogel-bei-Wildon-1030x652.jpg\" data-srcset=\"http:\/\/www.isbe-archaeologie.at\/wp-content\/uploads\/2015\/02\/H\u00fcgelgrab-am-Buchkogel-bei-Wildon-1030x652.jpg 1030w, http:\/\/www.isbe-archaeologie.at\/wp-content\/uploads\/2015\/02\/H\u00fcgelgrab-am-Buchkogel-bei-Wildon-300x190.jpg 300w, http:\/\/www.isbe-archaeologie.at\/wp-content\/uploads\/2015\/02\/H\u00fcgelgrab-am-Buchkogel-bei-Wildon-705x446.jpg 705w, http:\/\/www.isbe-archaeologie.at\/wp-content\/uploads\/2015\/02\/H\u00fcgelgrab-am-Buchkogel-bei-Wildon-450x285.jpg 450w, http:\/\/www.isbe-archaeologie.at\/wp-content\/uploads\/2015\/02\/H\u00fcgelgrab-am-Buchkogel-bei-Wildon.jpg 1077w\" data-sizes=\"(max-width: 1030px) 100vw, 1030px\"  aria-label=\"Bild H\u00fcgelgrab am Buchkogel bei Wildon\"  id='av-masonry-1-item-3533' data-av-masonry-item='3533' class='av-masonry-entry isotope-item post-3533 attachment type-attachment status-inherit hentry  av-masonry-item-with-image' title=\"H\u00fcgelgrab am Buchkogel bei Wildon\" alt=\"\"    itemprop=\"thumbnailUrl\" ><div class='av-inner-masonry-sizer'><\/div><figure class='av-inner-masonry main_color'><div class=\"av-masonry-outerimage-container\"><div class='av-masonry-image-container' style=\"background-image: url(http:\/\/www.isbe-archaeologie.at\/wp-content\/uploads\/2015\/02\/H\u00fcgelgrab-am-Buchkogel-bei-Wildon-705x446.jpg);\"  title=\"H\u00fcgelgrab am Buchkogel bei Wildon\"  ><\/div><\/div><\/figure><\/a><!--end av-masonry entry--><a href=\"http:\/\/www.isbe-archaeologie.at\/wp-content\/uploads\/2015\/02\/Bergbauspuren-im-Wald-1030x690.jpg\" data-srcset=\"http:\/\/www.isbe-archaeologie.at\/wp-content\/uploads\/2015\/02\/Bergbauspuren-im-Wald-1030x690.jpg 1030w, http:\/\/www.isbe-archaeologie.at\/wp-content\/uploads\/2015\/02\/Bergbauspuren-im-Wald-300x201.jpg 300w, http:\/\/www.isbe-archaeologie.at\/wp-content\/uploads\/2015\/02\/Bergbauspuren-im-Wald-705x472.jpg 705w, http:\/\/www.isbe-archaeologie.at\/wp-content\/uploads\/2015\/02\/Bergbauspuren-im-Wald-450x301.jpg 450w, http:\/\/www.isbe-archaeologie.at\/wp-content\/uploads\/2015\/02\/Bergbauspuren-im-Wald.jpg 1181w\" data-sizes=\"(max-width: 1030px) 100vw, 1030px\"  aria-label=\"Bild Bergbauspuren im Wald\"  id='av-masonry-1-item-3532' data-av-masonry-item='3532' class='av-masonry-entry isotope-item post-3532 attachment type-attachment status-inherit hentry  av-masonry-item-with-image' title=\"Bergbauspuren im Wald\" alt=\"\"    itemprop=\"thumbnailUrl\" ><div class='av-inner-masonry-sizer'><\/div><figure class='av-inner-masonry main_color'><div class=\"av-masonry-outerimage-container\"><div class='av-masonry-image-container' style=\"background-image: url(http:\/\/www.isbe-archaeologie.at\/wp-content\/uploads\/2015\/02\/Bergbauspuren-im-Wald-705x472.jpg);\"  title=\"Bergbauspuren im Wald\"  ><\/div><\/div><\/figure><\/a><!--end av-masonry entry--><a href=\"http:\/\/www.isbe-archaeologie.at\/wp-content\/uploads\/2015\/02\/k\u00fcnstliche-Terrassierungen-am-Falkenberg.jpg\" data-srcset=\"http:\/\/www.isbe-archaeologie.at\/wp-content\/uploads\/2015\/02\/k\u00fcnstliche-Terrassierungen-am-Falkenberg.jpg 1003w, http:\/\/www.isbe-archaeologie.at\/wp-content\/uploads\/2015\/02\/k\u00fcnstliche-Terrassierungen-am-Falkenberg-300x200.jpg 300w, http:\/\/www.isbe-archaeologie.at\/wp-content\/uploads\/2015\/02\/k\u00fcnstliche-Terrassierungen-am-Falkenberg-705x469.jpg 705w, http:\/\/www.isbe-archaeologie.at\/wp-content\/uploads\/2015\/02\/k\u00fcnstliche-Terrassierungen-am-Falkenberg-450x299.jpg 450w\" data-sizes=\"(max-width: 1003px) 100vw, 1003px\"  aria-label=\"Bild k\u00fcnstliche Terrassierungen am Falkenberg\"  id='av-masonry-1-item-3529' data-av-masonry-item='3529' class='av-masonry-entry isotope-item post-3529 attachment type-attachment status-inherit hentry  av-masonry-item-with-image' title=\"k\u00fcnstliche Terrassierungen am Falkenberg\" alt=\"\"    itemprop=\"thumbnailUrl\" ><div class='av-inner-masonry-sizer'><\/div><figure class='av-inner-masonry main_color'><div class=\"av-masonry-outerimage-container\"><div class='av-masonry-image-container' style=\"background-image: url(http:\/\/www.isbe-archaeologie.at\/wp-content\/uploads\/2015\/02\/k\u00fcnstliche-Terrassierungen-am-Falkenberg-705x469.jpg);\"  title=\"k\u00fcnstliche Terrassierungen am Falkenberg\"  ><\/div><\/div><\/figure><\/a><!--end av-masonry entry--><\/div><a class='av-masonry-pagination av-masonry-load-more' href='#load-more'  data-ids='3536,3535,3534,3533,3532,3529,3524'  data-caption_elements='none'  data-caption_styling=''  data-caption_display='always'  data-img_copyright=''  data-size='fixed'  data-orientation=''  data-image_size='masonry'  data-gap='1px'  data-columns='6'  data-av-desktop-columns=''  data-av-medium-columns=''  data-av-small-columns=''  data-av-mini-columns=''  data-items='6'  data-paginate='load_more'  data-color=''  data-custom_bg=''  data-img_copyright_font=''  data-av-desktop-font-img_copyright_font=''  data-av-medium-font-img_copyright_font=''  data-av-small-font-img_copyright_font=''  data-av-mini-font-img_copyright_font=''  data-img_copyright_color=''  data-img_copyright_bg=''  data-animation='active'  data-animation_duration=''  data-animation_custom_bg_color=''  data-animation_custom_bg_color_multi_list=''  data-animation_z_index_curtain='100'  data-overlay_fx=''  data-container_links='active'  data-link_dest=''  data-lightbox_text=''  data-img_scrset=''  data-lazy_loading='disabled'  data-av-desktop-hide=''  data-av-medium-hide=''  data-av-small-hide=''  data-av-mini-hide=''  data-alb_description=''  data-id=''  data-custom_class=''  data-template_class=''  data-av_uid=''  data-sc_version='1.0'  data-action=''  data-link='category'  data-post_type='post, page, attachment, revision, nav_menu_item, custom_css, customize_changeset, oembed_cache, user_request, wp_block, wp_template, wp_template_part, wp_global_styles, wp_navigation, wp_font_family, wp_font_face, portfolio, avia_framework_post'  data-term_rel='IN'  data-offset='0'  data-container_class='av-masonry-gallery'  data-wc_prod_visible=''  data-wc_prod_hidden=''  data-wc_prod_featured=''  data-prod_order_by=''  data-prod_order=''  data-sort='no'  data-auto_ratio='1.7'  data-set_breadcrumb='1'  data-custom_markup=''  data-query_orderby='date'  data-query_order='DESC'  data-date_filter=''  data-date_filter_start=''  data-date_filter_end=''  data-date_filter_format='yy\/mm\/dd'  data-period_filter_unit_1=''  data-period_filter_unit_2=''  data-page_element_filter=''  data-avno='69bfe00316'>Mehr laden<\/a><\/div>\n","protected":false},"excerpt":{"rendered":"","protected":false},"author":1,"featured_media":0,"parent":3523,"menu_order":3,"comment_status":"open","ping_status":"open","template":"","meta":{"footnotes":""},"_links":{"self":[{"href":"http:\/\/www.isbe-archaeologie.at\/index.php?rest_route=\/wp\/v2\/pages\/3538"}],"collection":[{"href":"http:\/\/www.isbe-archaeologie.at\/index.php?rest_route=\/wp\/v2\/pages"}],"about":[{"href":"http:\/\/www.isbe-archaeologie.at\/index.php?rest_route=\/wp\/v2\/types\/page"}],"author":[{"embeddable":true,"href":"http:\/\/www.isbe-archaeologie.at\/index.php?rest_route=\/wp\/v2\/users\/1"}],"replies":[{"embeddable":true,"href":"http:\/\/www.isbe-archaeologie.at\/index.php?rest_route=%2Fwp%2Fv2%2Fcomments&post=3538"}],"version-history":[{"count":8,"href":"http:\/\/www.isbe-archaeologie.at\/index.php?rest_route=\/wp\/v2\/pages\/3538\/revisions"}],"predecessor-version":[{"id":3936,"href":"http:\/\/www.isbe-archaeologie.at\/index.php?rest_route=\/wp\/v2\/pages\/3538\/revisions\/3936"}],"up":[{"embeddable":true,"href":"http:\/\/www.isbe-archaeologie.at\/index.php?rest_route=\/wp\/v2\/pages\/3523"}],"wp:attachment":[{"href":"http:\/\/www.isbe-archaeologie.at\/index.php?rest_route=%2Fwp%2Fv2%2Fmedia&parent=3538"}],"curies":[{"name":"wp","href":"https:\/\/api.w.org\/{rel}","templated":true}]}}