{"id":3562,"date":"2015-02-04T01:57:39","date_gmt":"2015-02-04T01:57:39","guid":{"rendered":"http:\/\/www.isbe-archaeologie.at\/?page_id=3562"},"modified":"2015-02-10T17:54:06","modified_gmt":"2015-02-10T17:54:06","slug":"vermessung","status":"publish","type":"page","link":"http:\/\/www.isbe-archaeologie.at\/?page_id=3562","title":{"rendered":"Vermessung"},"content":{"rendered":"<section  class='av_textblock_section av-av_textblock-0366cc7376be6c9e82a3e9cc8987b64f '   itemscope=\"itemscope\" itemtype=\"https:\/\/schema.org\/CreativeWork\" ><div class='avia_textblock'  itemprop=\"text\" ><h2><\/h2>\n<p style=\"text-align: justify;\">Exakte Dokumentation geh\u00f6rt zu den obersten Pr\u00e4missen einer Ausgrabung. Um beispielsweise die exakte Lage eines Ausgrabungplatzes festzuhalten, muss sie im amtlichen Vermessungnetz verankert werden. Aber auch jede sich im Boden abzeichnende Struktur, wie etwa Mauern, vergangene Holzbalken, Gruben, Gr\u00e4ben, W\u00e4lle etc. und jedes aussagekr\u00e4ftige Fundst\u00fcck wird eingemessen um m\u00f6glichst viele Daten f\u00fcr die Auswertung der Grabungsergebnisse zu sammeln.<\/p>\n<p style=\"text-align: justify;\">Die im Zuge der Vermessung gespeicherten Lageinformationen dienen der Erstellung von Pl\u00e4nen und lassen R\u00fcckschl\u00fcsse auf die Stratigraphie und Chronologie der aufgedeckten Befunde zu.<\/p>\n<p style=\"text-align: justify;\">Orthofotos erm\u00f6glichen die rasche Aufnahme von detailreichen Ausschnitten, wie etwa komplexen Steinstrukturen.<\/p>\n<p style=\"text-align: justify;\">Terrestrische Laserscanner (TLS) erfassen alle Details der freigelegten Oberfl\u00e4che, die anschlie\u00dfend in einem virtuellen 3D Modell wiedergegeben werden k\u00f6nnen.<\/p>\n<\/div><\/section>\n<div  class='avia-button-wrap av-av_button-453e1482af841cfa803b1c1eb934ee1b-wrap avia-button-right  avia-builder-el-1  el_after_av_textblock  el_before_av_masonry_gallery  avia-builder-el-last '><a href='http:\/\/www.isbe-archaeologie.at\/?page_id=3523'  class='avia-button av-av_button-453e1482af841cfa803b1c1eb934ee1b av-link-btn avia-icon_select-no avia-size-small avia-position-right avia-color-theme-color-subtle'  ><span class='avia_iconbox_title' >zur\u00fcck<\/span><\/a><\/div>\n<div id='av-masonry-1' class='av-masonry av-av_masonry_gallery-56f6474895e995dbe44090f7c1a911e9 noHover av-fixed-size av-1px-gap av-hover-overlay- av-masonry-animation-active av-masonry-col-6 av-caption-always av-caption-style- av-masonry-gallery ' data-post_id=\"3562\"><div class=\"av-masonry-container isotope av-js-disabled\"><div class='av-masonry-entry isotope-item av-masonry-item-no-image '><\/div><a href=\"http:\/\/www.isbe-archaeologie.at\/wp-content\/uploads\/2015\/02\/Datenaufnahme-mittels-terrestrischem-Laserscanner-Bleikolmh\u00fcgel-1030x686.jpg\" data-srcset=\"http:\/\/www.isbe-archaeologie.at\/wp-content\/uploads\/2015\/02\/Datenaufnahme-mittels-terrestrischem-Laserscanner-Bleikolmh\u00fcgel-1030x686.jpg 1030w, http:\/\/www.isbe-archaeologie.at\/wp-content\/uploads\/2015\/02\/Datenaufnahme-mittels-terrestrischem-Laserscanner-Bleikolmh\u00fcgel-300x200.jpg 300w, http:\/\/www.isbe-archaeologie.at\/wp-content\/uploads\/2015\/02\/Datenaufnahme-mittels-terrestrischem-Laserscanner-Bleikolmh\u00fcgel-705x470.jpg 705w, http:\/\/www.isbe-archaeologie.at\/wp-content\/uploads\/2015\/02\/Datenaufnahme-mittels-terrestrischem-Laserscanner-Bleikolmh\u00fcgel-450x300.jpg 450w, http:\/\/www.isbe-archaeologie.at\/wp-content\/uploads\/2015\/02\/Datenaufnahme-mittels-terrestrischem-Laserscanner-Bleikolmh\u00fcgel.jpg 1181w\" data-sizes=\"(max-width: 1030px) 100vw, 1030px\"  aria-label=\"Bild Datenaufnahme mittels terrestrischem Laserscanner &#8211; Bleikolmh\u00fcgel\"  id='av-masonry-1-item-3563' data-av-masonry-item='3563' class='av-masonry-entry isotope-item post-3563 attachment type-attachment status-inherit hentry  av-masonry-item-with-image' title=\"Datenaufnahme mittels terrestrischem Laserscanner &#8211; Bleikolmh\u00fcgel\" alt=\"\"    itemprop=\"thumbnailUrl\" ><div class='av-inner-masonry-sizer'><\/div><figure class='av-inner-masonry main_color'><div class=\"av-masonry-outerimage-container\"><div class='av-masonry-image-container' style=\"background-image: url(http:\/\/www.isbe-archaeologie.at\/wp-content\/uploads\/2015\/02\/Datenaufnahme-mittels-terrestrischem-Laserscanner-Bleikolmh\u00fcgel-705x470.jpg);\"  title=\"Datenaufnahme mittels terrestrischem Laserscanner &#8211; Bleikolmh\u00fcgel\"  ><\/div><\/div><\/figure><\/a><!--end av-masonry entry--><a href=\"http:\/\/www.isbe-archaeologie.at\/wp-content\/uploads\/2015\/02\/Datenaufnahme-mittels-terrestrischem-Laserscanner-Grabkammer-des-Bleikolmh\u00fcgels-1030x686.jpg\" data-srcset=\"http:\/\/www.isbe-archaeologie.at\/wp-content\/uploads\/2015\/02\/Datenaufnahme-mittels-terrestrischem-Laserscanner-Grabkammer-des-Bleikolmh\u00fcgels-1030x686.jpg 1030w, http:\/\/www.isbe-archaeologie.at\/wp-content\/uploads\/2015\/02\/Datenaufnahme-mittels-terrestrischem-Laserscanner-Grabkammer-des-Bleikolmh\u00fcgels-300x200.jpg 300w, http:\/\/www.isbe-archaeologie.at\/wp-content\/uploads\/2015\/02\/Datenaufnahme-mittels-terrestrischem-Laserscanner-Grabkammer-des-Bleikolmh\u00fcgels-705x470.jpg 705w, http:\/\/www.isbe-archaeologie.at\/wp-content\/uploads\/2015\/02\/Datenaufnahme-mittels-terrestrischem-Laserscanner-Grabkammer-des-Bleikolmh\u00fcgels-450x300.jpg 450w, http:\/\/www.isbe-archaeologie.at\/wp-content\/uploads\/2015\/02\/Datenaufnahme-mittels-terrestrischem-Laserscanner-Grabkammer-des-Bleikolmh\u00fcgels.jpg 1181w\" data-sizes=\"(max-width: 1030px) 100vw, 1030px\"  aria-label=\"Bild Datenaufnahme mittels terrestrischem Laserscanner &#8211; Grabkammer des Bleikolmh\u00fcgels\"  id='av-masonry-1-item-3564' data-av-masonry-item='3564' class='av-masonry-entry isotope-item post-3564 attachment type-attachment status-inherit hentry  av-masonry-item-with-image' title=\"Datenaufnahme mittels terrestrischem Laserscanner &#8211; Grabkammer des Bleikolmh\u00fcgels\" alt=\"\"    itemprop=\"thumbnailUrl\" ><div class='av-inner-masonry-sizer'><\/div><figure class='av-inner-masonry main_color'><div class=\"av-masonry-outerimage-container\"><div class='av-masonry-image-container' style=\"background-image: url(http:\/\/www.isbe-archaeologie.at\/wp-content\/uploads\/2015\/02\/Datenaufnahme-mittels-terrestrischem-Laserscanner-Grabkammer-des-Bleikolmh\u00fcgels-705x470.jpg);\"  title=\"Datenaufnahme mittels terrestrischem Laserscanner &#8211; Grabkammer des Bleikolmh\u00fcgels\"  ><\/div><\/div><\/figure><\/a><!--end av-masonry entry--><a href=\"http:\/\/www.isbe-archaeologie.at\/wp-content\/uploads\/2015\/02\/Datenaufnahme-mittels-terrestrischem-Laserscanner-TLS-1030x686.jpg\" data-srcset=\"http:\/\/www.isbe-archaeologie.at\/wp-content\/uploads\/2015\/02\/Datenaufnahme-mittels-terrestrischem-Laserscanner-TLS-1030x686.jpg 1030w, http:\/\/www.isbe-archaeologie.at\/wp-content\/uploads\/2015\/02\/Datenaufnahme-mittels-terrestrischem-Laserscanner-TLS-300x200.jpg 300w, http:\/\/www.isbe-archaeologie.at\/wp-content\/uploads\/2015\/02\/Datenaufnahme-mittels-terrestrischem-Laserscanner-TLS-705x470.jpg 705w, http:\/\/www.isbe-archaeologie.at\/wp-content\/uploads\/2015\/02\/Datenaufnahme-mittels-terrestrischem-Laserscanner-TLS-450x300.jpg 450w, http:\/\/www.isbe-archaeologie.at\/wp-content\/uploads\/2015\/02\/Datenaufnahme-mittels-terrestrischem-Laserscanner-TLS.jpg 1181w\" data-sizes=\"(max-width: 1030px) 100vw, 1030px\"  aria-label=\"Bild Datenaufnahme mittels terrestrischem Laserscanner TLS\"  id='av-masonry-1-item-3565' data-av-masonry-item='3565' class='av-masonry-entry isotope-item post-3565 attachment type-attachment status-inherit hentry  av-masonry-item-with-image' title=\"Datenaufnahme mittels terrestrischem Laserscanner TLS\" alt=\"\"    itemprop=\"thumbnailUrl\" ><div class='av-inner-masonry-sizer'><\/div><figure class='av-inner-masonry main_color'><div class=\"av-masonry-outerimage-container\"><div class='av-masonry-image-container' style=\"background-image: url(http:\/\/www.isbe-archaeologie.at\/wp-content\/uploads\/2015\/02\/Datenaufnahme-mittels-terrestrischem-Laserscanner-TLS-705x470.jpg);\"  title=\"Datenaufnahme mittels terrestrischem Laserscanner TLS\"  ><\/div><\/div><\/figure><\/a><!--end av-masonry entry--><a href=\"http:\/\/www.isbe-archaeologie.at\/wp-content\/uploads\/2015\/02\/Einmessen-der-Strukturen-Ausgrabung-Schlossberg-bei-St.-Lorenzen1-1030x686.jpg\" data-srcset=\"http:\/\/www.isbe-archaeologie.at\/wp-content\/uploads\/2015\/02\/Einmessen-der-Strukturen-Ausgrabung-Schlossberg-bei-St.-Lorenzen1-1030x686.jpg 1030w, http:\/\/www.isbe-archaeologie.at\/wp-content\/uploads\/2015\/02\/Einmessen-der-Strukturen-Ausgrabung-Schlossberg-bei-St.-Lorenzen1-300x200.jpg 300w, http:\/\/www.isbe-archaeologie.at\/wp-content\/uploads\/2015\/02\/Einmessen-der-Strukturen-Ausgrabung-Schlossberg-bei-St.-Lorenzen1-705x470.jpg 705w, http:\/\/www.isbe-archaeologie.at\/wp-content\/uploads\/2015\/02\/Einmessen-der-Strukturen-Ausgrabung-Schlossberg-bei-St.-Lorenzen1-450x300.jpg 450w, http:\/\/www.isbe-archaeologie.at\/wp-content\/uploads\/2015\/02\/Einmessen-der-Strukturen-Ausgrabung-Schlossberg-bei-St.-Lorenzen1.jpg 1181w\" data-sizes=\"(max-width: 1030px) 100vw, 1030px\"  aria-label=\"Bild Einmessen der Strukturen &#8211; Ausgrabung Schlossberg bei St. Lorenzen\"  id='av-masonry-1-item-3566' data-av-masonry-item='3566' class='av-masonry-entry isotope-item post-3566 attachment type-attachment status-inherit hentry  av-masonry-item-with-image' title=\"Einmessen der Strukturen &#8211; Ausgrabung Schlossberg bei St. Lorenzen\" alt=\"\"    itemprop=\"thumbnailUrl\" ><div class='av-inner-masonry-sizer'><\/div><figure class='av-inner-masonry main_color'><div class=\"av-masonry-outerimage-container\"><div class='av-masonry-image-container' style=\"background-image: url(http:\/\/www.isbe-archaeologie.at\/wp-content\/uploads\/2015\/02\/Einmessen-der-Strukturen-Ausgrabung-Schlossberg-bei-St.-Lorenzen1-705x470.jpg);\"  title=\"Einmessen der Strukturen &#8211; Ausgrabung Schlossberg bei St. Lorenzen\"  ><\/div><\/div><\/figure><\/a><!--end av-masonry entry--><a href=\"http:\/\/www.isbe-archaeologie.at\/wp-content\/uploads\/2015\/02\/mittels-terrestrischem-Laserscanner-aufgenommene-Punktwolke-des-Bleikolmh\u00fcgels-1030x549.jpg\" data-srcset=\"http:\/\/www.isbe-archaeologie.at\/wp-content\/uploads\/2015\/02\/mittels-terrestrischem-Laserscanner-aufgenommene-Punktwolke-des-Bleikolmh\u00fcgels-1030x549.jpg 1030w, http:\/\/www.isbe-archaeologie.at\/wp-content\/uploads\/2015\/02\/mittels-terrestrischem-Laserscanner-aufgenommene-Punktwolke-des-Bleikolmh\u00fcgels-300x160.jpg 300w, http:\/\/www.isbe-archaeologie.at\/wp-content\/uploads\/2015\/02\/mittels-terrestrischem-Laserscanner-aufgenommene-Punktwolke-des-Bleikolmh\u00fcgels-705x375.jpg 705w, http:\/\/www.isbe-archaeologie.at\/wp-content\/uploads\/2015\/02\/mittels-terrestrischem-Laserscanner-aufgenommene-Punktwolke-des-Bleikolmh\u00fcgels-450x240.jpg 450w, http:\/\/www.isbe-archaeologie.at\/wp-content\/uploads\/2015\/02\/mittels-terrestrischem-Laserscanner-aufgenommene-Punktwolke-des-Bleikolmh\u00fcgels.jpg 1181w\" data-sizes=\"(max-width: 1030px) 100vw, 1030px\"  aria-label=\"Bild mittels terrestrischem Laserscanner aufgenommene Punktwolke des Bleikolmh\u00fcgels\"  id='av-masonry-1-item-3567' data-av-masonry-item='3567' class='av-masonry-entry isotope-item post-3567 attachment type-attachment status-inherit hentry  av-masonry-item-with-image' title=\"mittels terrestrischem Laserscanner aufgenommene Punktwolke des Bleikolmh\u00fcgels\" alt=\"\"    itemprop=\"thumbnailUrl\" ><div class='av-inner-masonry-sizer'><\/div><figure class='av-inner-masonry main_color'><div class=\"av-masonry-outerimage-container\"><div class='av-masonry-image-container' style=\"background-image: url(http:\/\/www.isbe-archaeologie.at\/wp-content\/uploads\/2015\/02\/mittels-terrestrischem-Laserscanner-aufgenommene-Punktwolke-des-Bleikolmh\u00fcgels-705x375.jpg);\"  title=\"mittels terrestrischem Laserscanner aufgenommene Punktwolke des Bleikolmh\u00fcgels\"  ><\/div><\/div><\/figure><\/a><!--end av-masonry entry--><a href=\"http:\/\/www.isbe-archaeologie.at\/wp-content\/uploads\/2015\/02\/mittels-terrestrischem-Laserscanner-aufgenommenes-3D-Modell-des-Bleikolmh\u00fcgels.jpg\" data-srcset=\"http:\/\/www.isbe-archaeologie.at\/wp-content\/uploads\/2015\/02\/mittels-terrestrischem-Laserscanner-aufgenommenes-3D-Modell-des-Bleikolmh\u00fcgels.jpg 897w, http:\/\/www.isbe-archaeologie.at\/wp-content\/uploads\/2015\/02\/mittels-terrestrischem-Laserscanner-aufgenommenes-3D-Modell-des-Bleikolmh\u00fcgels-300x185.jpg 300w, http:\/\/www.isbe-archaeologie.at\/wp-content\/uploads\/2015\/02\/mittels-terrestrischem-Laserscanner-aufgenommenes-3D-Modell-des-Bleikolmh\u00fcgels-705x435.jpg 705w, http:\/\/www.isbe-archaeologie.at\/wp-content\/uploads\/2015\/02\/mittels-terrestrischem-Laserscanner-aufgenommenes-3D-Modell-des-Bleikolmh\u00fcgels-450x278.jpg 450w\" data-sizes=\"(max-width: 897px) 100vw, 897px\"  aria-label=\"Bild mittels terrestrischem Laserscanner aufgenommenes 3D-Modell des Bleikolmh\u00fcgels\"  id='av-masonry-1-item-3568' data-av-masonry-item='3568' class='av-masonry-entry isotope-item post-3568 attachment type-attachment status-inherit hentry  av-masonry-item-with-image' title=\"mittels terrestrischem Laserscanner aufgenommenes 3D-Modell des Bleikolmh\u00fcgels\" alt=\"\"    itemprop=\"thumbnailUrl\" ><div class='av-inner-masonry-sizer'><\/div><figure class='av-inner-masonry main_color'><div class=\"av-masonry-outerimage-container\"><div class='av-masonry-image-container' style=\"background-image: url(http:\/\/www.isbe-archaeologie.at\/wp-content\/uploads\/2015\/02\/mittels-terrestrischem-Laserscanner-aufgenommenes-3D-Modell-des-Bleikolmh\u00fcgels-705x435.jpg);\"  title=\"mittels terrestrischem Laserscanner aufgenommenes 3D-Modell des Bleikolmh\u00fcgels\"  ><\/div><\/div><\/figure><\/a><!--end av-masonry entry--><\/div><a class='av-masonry-pagination av-masonry-load-more' href='#load-more'  data-ids='3563,3564,3565,3566,3567,3568,3569'  data-caption_elements='none'  data-caption_styling=''  data-caption_display='always'  data-img_copyright=''  data-size='fixed'  data-orientation=''  data-image_size='masonry'  data-gap='1px'  data-columns='6'  data-av-desktop-columns=''  data-av-medium-columns=''  data-av-small-columns=''  data-av-mini-columns=''  data-items='6'  data-paginate='load_more'  data-color=''  data-custom_bg=''  data-img_copyright_font=''  data-av-desktop-font-img_copyright_font=''  data-av-medium-font-img_copyright_font=''  data-av-small-font-img_copyright_font=''  data-av-mini-font-img_copyright_font=''  data-img_copyright_color=''  data-img_copyright_bg=''  data-animation='active'  data-animation_duration=''  data-animation_custom_bg_color=''  data-animation_custom_bg_color_multi_list=''  data-animation_z_index_curtain='100'  data-overlay_fx=''  data-container_links='active'  data-link_dest=''  data-lightbox_text=''  data-img_scrset=''  data-lazy_loading='disabled'  data-av-desktop-hide=''  data-av-medium-hide=''  data-av-small-hide=''  data-av-mini-hide=''  data-alb_description=''  data-id=''  data-custom_class=''  data-template_class=''  data-av_uid=''  data-sc_version='1.0'  data-action=''  data-link='category'  data-post_type='post, page, attachment, revision, nav_menu_item, custom_css, customize_changeset, oembed_cache, user_request, wp_block, wp_template, wp_template_part, wp_global_styles, wp_navigation, wp_font_family, wp_font_face, portfolio, avia_framework_post'  data-term_rel='IN'  data-offset='0'  data-container_class='av-masonry-gallery'  data-wc_prod_visible=''  data-wc_prod_hidden=''  data-wc_prod_featured=''  data-prod_order_by=''  data-prod_order=''  data-sort='no'  data-auto_ratio='1.7'  data-set_breadcrumb='1'  data-custom_markup=''  data-query_orderby='date'  data-query_order='DESC'  data-date_filter=''  data-date_filter_start=''  data-date_filter_end=''  data-date_filter_format='yy\/mm\/dd'  data-period_filter_unit_1=''  data-period_filter_unit_2=''  data-page_element_filter=''  data-avno='69bfe00316'>Mehr laden<\/a><\/div>\n","protected":false},"excerpt":{"rendered":"","protected":false},"author":1,"featured_media":0,"parent":3523,"menu_order":3,"comment_status":"open","ping_status":"open","template":"","meta":{"footnotes":""},"_links":{"self":[{"href":"http:\/\/www.isbe-archaeologie.at\/index.php?rest_route=\/wp\/v2\/pages\/3562"}],"collection":[{"href":"http:\/\/www.isbe-archaeologie.at\/index.php?rest_route=\/wp\/v2\/pages"}],"about":[{"href":"http:\/\/www.isbe-archaeologie.at\/index.php?rest_route=\/wp\/v2\/types\/page"}],"author":[{"embeddable":true,"href":"http:\/\/www.isbe-archaeologie.at\/index.php?rest_route=\/wp\/v2\/users\/1"}],"replies":[{"embeddable":true,"href":"http:\/\/www.isbe-archaeologie.at\/index.php?rest_route=%2Fwp%2Fv2%2Fcomments&post=3562"}],"version-history":[{"count":9,"href":"http:\/\/www.isbe-archaeologie.at\/index.php?rest_route=\/wp\/v2\/pages\/3562\/revisions"}],"predecessor-version":[{"id":3927,"href":"http:\/\/www.isbe-archaeologie.at\/index.php?rest_route=\/wp\/v2\/pages\/3562\/revisions\/3927"}],"up":[{"embeddable":true,"href":"http:\/\/www.isbe-archaeologie.at\/index.php?rest_route=\/wp\/v2\/pages\/3523"}],"wp:attachment":[{"href":"http:\/\/www.isbe-archaeologie.at\/index.php?rest_route=%2Fwp%2Fv2%2Fmedia&parent=3562"}],"curies":[{"name":"wp","href":"https:\/\/api.w.org\/{rel}","templated":true}]}}