{"id":3613,"date":"2015-02-04T18:32:22","date_gmt":"2015-02-04T18:32:22","guid":{"rendered":"http:\/\/www.isbe-archaeologie.at\/?page_id=3613"},"modified":"2021-02-01T17:11:24","modified_gmt":"2021-02-01T17:11:24","slug":"schulprojekte","status":"publish","type":"page","link":"http:\/\/www.isbe-archaeologie.at\/?page_id=3613","title":{"rendered":"Schulprojekte"},"content":{"rendered":"\n<style type=\"text\/css\" data-created_by=\"avia_inline_auto\" id=\"style-css-av-av_three_fourth-6126cab7d8fab8d08143dd2dacdf673c\">\n.flex_column.av-av_three_fourth-6126cab7d8fab8d08143dd2dacdf673c{\nborder-radius:0px 0px 0px 0px;\npadding:0px 0px 0px 0px;\n}\n<\/style>\n<div  class='flex_column av-av_three_fourth-6126cab7d8fab8d08143dd2dacdf673c av_three_fourth  avia-builder-el-0  el_before_av_one_fourth  avia-builder-el-first  first flex_column_div av-zero-column-padding  '     ><section  class='av_textblock_section av-av_textblock-0366cc7376be6c9e82a3e9cc8987b64f '   itemscope=\"itemscope\" itemtype=\"https:\/\/schema.org\/CreativeWork\" ><div class='avia_textblock'  itemprop=\"text\" ><p style=\"text-align: justify;\">Das <span style=\"color: #940614;\"><em>Institut f\u00fcr s\u00fcdostalpine Bronze- und Eisenzeitforschung ISBE<\/em><\/span> bietet im Rahmen von Ausgrabungen altersgerechte F\u00fchrungen und ein interaktives Kennenlernen der Arbeit von Arch\u00e4ologen und Arch\u00e4ologinnen f\u00fcr Sch\u00fcler und Sch\u00fclerinnen an. Das Programm f\u00fcr Volksschulen wurde in Zusammenarbeit mit Dir. Dipl.-P\u00e4d. Beate Dolschek (VS Zeltweg) entwickelt.<\/p>\n<p>Weitere Informationen und Anmeldung unter <a title=\"ISBE\" href=\"mailto:office@isbe-archaeologie.at\" target=\"_blank\" rel=\"noopener\">office@isbe-archaeologie.at<\/a> oder <a href=\"tel:+4369912587560\">+43\/699\/12587560<\/a>.<\/p>\n<p><strong>Programm f\u00fcr Volksschulen:<\/strong><\/p>\n<p style=\"text-align: justify;\">Sch\u00fcler und Sch\u00fclerinnen erhalten die M\u00f6glichkeit sich als Jungarch\u00e4ologen zu versuchen. Auf vorbereiteten Fl\u00e4chen d\u00fcrfen die Kinder selbst nach \u201eSch\u00e4tzen\u201c graben, die anschlie\u00dfend zur ev. Weiterbearbeitung (waschen, zusammenpassende Teile finden, kleben\u2026) mitgenommen werden d\u00fcrfen.<\/p>\n<p><strong>Programm f\u00fcr h\u00f6here Schulen:<\/strong><\/p>\n<p style=\"text-align: justify;\">Bei einer Feldbegehung (Survey) auf einer vorbereiteten Fl\u00e4che sammeln die Sch\u00fcler und Sch\u00fclerinnen zun\u00e4chst Oberfl\u00e4chenfunde (Keramik, Glas, Metall, Stein\u2026) auf. In einer anschlie\u00dfenden interaktiven Diskussion werden Unterschiede und Besonderheiten des Fundmaterials, der Form etc. besprochen um zu verdeutlichen, was diese unscheinbaren, zuf\u00e4llig gefundenen Dinge alles \u00fcber l\u00e4ngst vergangene Zeiten \u201eerz\u00e4hlen\u201c k\u00f6nnen.<\/p>\n<p style=\"text-align: justify;\">Erkennen, Messen, Beschreiben und Interpretieren von arch\u00e4ologischen Befunden \u2013 die im Boden gespeicherte Geschichte \u201elesen\u201c lernen &#8211; sind wichtige Grundlagen einer arch\u00e4ologischen Ausgrabung, die gemeinsam mit den Sch\u00fclern und Sch\u00fclerinnen anhand von anschaulich nachgebildeten Befunden erarbeitet werden.<\/p>\n<p><strong>Schulatlas Steiermark:<\/strong><\/p>\n<p style=\"text-align: justify;\">Vom <span style=\"color: #940614;\"><em>Institut f\u00fcr s\u00fcdostalpine Bronze- und Eisenzeitforschung ISBE<\/em><\/span> erstellte Unterlagen f\u00fcr den Unterricht in Form von Karten und illustrierten Texten zum Thema Arch\u00e4ologie in der Steiermark finden Sie auch im <em><a href=\"http:\/\/www.schulatlas.at\/index.php?option=com_content&amp;view=article&amp;id=180&amp;Itemid=116\" target=\"_blank\" rel=\"noopener\">Schulatlas Steiermark<\/a>\u00a0<\/em>Rubrik <em>Themenatlas &#8211; Das Werden der Steiermark.<\/em><\/p>\n<\/div><\/section><br \/>\n<div  class='avia-button-wrap av-av_button-453e1482af841cfa803b1c1eb934ee1b-wrap avia-button-right  avia-builder-el-2  el_after_av_textblock  el_before_av_button '><a href='http:\/\/www.isbe-archaeologie.at\/?page_id=3523'  class='avia-button av-av_button-453e1482af841cfa803b1c1eb934ee1b av-link-btn avia-icon_select-no avia-size-small avia-position-right avia-color-theme-color-subtle'  ><span class='avia_iconbox_title' >zur\u00fcck<\/span><\/a><\/div><br \/>\n<div  class='avia-button-wrap av-av_button-836f67a34dd50f3f12011bb38d0eb456-wrap avia-button-left  avia-builder-el-3  el_after_av_button  avia-builder-el-last '><a href='http:\/\/www.isbe-archaeologie.at\/?page_id=3684'  class='avia-button av-av_button-836f67a34dd50f3f12011bb38d0eb456 av-link-btn avia-icon_select-no avia-size-medium avia-position-left avia-color-theme-color'  ><span class='avia_iconbox_title' >Aktuelle Projekte und Termine<\/span><\/a><\/div><\/p><\/div>\n<style type=\"text\/css\" data-created_by=\"avia_inline_auto\" id=\"style-css-av-av_one_fourth-0aa7055fe62c3622faec82866afbaeb2\">\n.flex_column.av-av_one_fourth-0aa7055fe62c3622faec82866afbaeb2{\nborder-radius:0px 0px 0px 0px;\npadding:0px 0px 0px 0px;\n}\n<\/style>\n<div  class='flex_column av-av_one_fourth-0aa7055fe62c3622faec82866afbaeb2 av_one_fourth  avia-builder-el-4  el_after_av_three_fourth  el_before_av_masonry_gallery  avia-builder-el-last  flex_column_div av-zero-column-padding  '     ><section  class='av_textblock_section av-av_textblock-0366cc7376be6c9e82a3e9cc8987b64f '   itemscope=\"itemscope\" itemtype=\"https:\/\/schema.org\/CreativeWork\" ><div class='avia_textblock'  itemprop=\"text\" ><p style=\"text-align: justify;\">Im Rahmen des Interreg Projektes Iron-Age-Danube wurde im Juni 2017 ein umfangreiches interaktives Schulprogramm geboten. Weitere Informationen entnehmen Sie bitte der Programmbrosch\u00fcre.<\/p>\n<p><a href=\"http:\/\/www.isbe-archaeologie.at\/wp-content\/uploads\/2015\/02\/Brosch\u00fcre_Schulen.pdf\" target=\"_blank\">Brosch\u00fcre_Schulen<\/a><\/p>\n<\/div><\/section><\/div><\/p>\n<div id='av-masonry-1' class='av-masonry av-av_masonry_gallery-224f4a7e644d77c87a68b4968ceee735 noHover av-fixed-size av-1px-gap av-hover-overlay- av-masonry-animation-active av-masonry-col-6 av-caption-always av-caption-style- av-masonry-gallery ' data-post_id=\"3613\"><div class=\"av-masonry-container isotope av-js-disabled\"><div class='av-masonry-entry isotope-item av-masonry-item-no-image '><\/div><a href=\"http:\/\/www.isbe-archaeologie.at\/wp-content\/uploads\/2015\/02\/VS-Zeltweg-auf-dem-Weg-zur-Ausgrabung-beim-Kultwagengrab-1030x690.jpg\" data-srcset=\"http:\/\/www.isbe-archaeologie.at\/wp-content\/uploads\/2015\/02\/VS-Zeltweg-auf-dem-Weg-zur-Ausgrabung-beim-Kultwagengrab-1030x690.jpg 1030w, http:\/\/www.isbe-archaeologie.at\/wp-content\/uploads\/2015\/02\/VS-Zeltweg-auf-dem-Weg-zur-Ausgrabung-beim-Kultwagengrab-300x201.jpg 300w, http:\/\/www.isbe-archaeologie.at\/wp-content\/uploads\/2015\/02\/VS-Zeltweg-auf-dem-Weg-zur-Ausgrabung-beim-Kultwagengrab-705x472.jpg 705w, http:\/\/www.isbe-archaeologie.at\/wp-content\/uploads\/2015\/02\/VS-Zeltweg-auf-dem-Weg-zur-Ausgrabung-beim-Kultwagengrab-450x301.jpg 450w, http:\/\/www.isbe-archaeologie.at\/wp-content\/uploads\/2015\/02\/VS-Zeltweg-auf-dem-Weg-zur-Ausgrabung-beim-Kultwagengrab.jpg 1181w\" data-sizes=\"(max-width: 1030px) 100vw, 1030px\"  aria-label=\"Bild VS Zeltweg auf dem Weg zur Ausgrabung beim Kultwagengrab\"  id='av-masonry-1-item-3625' data-av-masonry-item='3625' class='av-masonry-entry isotope-item post-3625 attachment type-attachment status-inherit hentry  av-masonry-item-with-image' title=\"VS Zeltweg auf dem Weg zur Ausgrabung beim Kultwagengrab\" alt=\"\"    itemprop=\"thumbnailUrl\" ><div class='av-inner-masonry-sizer'><\/div><figure class='av-inner-masonry main_color'><div class=\"av-masonry-outerimage-container\"><div class='av-masonry-image-container' style=\"background-image: url(http:\/\/www.isbe-archaeologie.at\/wp-content\/uploads\/2015\/02\/VS-Zeltweg-auf-dem-Weg-zur-Ausgrabung-beim-Kultwagengrab-705x472.jpg);\"  title=\"VS Zeltweg auf dem Weg zur Ausgrabung beim Kultwagengrab\"  ><\/div><\/div><\/figure><\/a><!--end av-masonry entry--><a href=\"http:\/\/www.isbe-archaeologie.at\/wp-content\/uploads\/2015\/02\/vorbereitete-Fl\u00e4che-f\u00fcr-das-Aufsammeln-von-Oberfl\u00e4chenfunden-1030x686.jpg\" data-srcset=\"http:\/\/www.isbe-archaeologie.at\/wp-content\/uploads\/2015\/02\/vorbereitete-Fl\u00e4che-f\u00fcr-das-Aufsammeln-von-Oberfl\u00e4chenfunden-1030x686.jpg 1030w, http:\/\/www.isbe-archaeologie.at\/wp-content\/uploads\/2015\/02\/vorbereitete-Fl\u00e4che-f\u00fcr-das-Aufsammeln-von-Oberfl\u00e4chenfunden-300x200.jpg 300w, http:\/\/www.isbe-archaeologie.at\/wp-content\/uploads\/2015\/02\/vorbereitete-Fl\u00e4che-f\u00fcr-das-Aufsammeln-von-Oberfl\u00e4chenfunden-705x470.jpg 705w, http:\/\/www.isbe-archaeologie.at\/wp-content\/uploads\/2015\/02\/vorbereitete-Fl\u00e4che-f\u00fcr-das-Aufsammeln-von-Oberfl\u00e4chenfunden-450x300.jpg 450w, http:\/\/www.isbe-archaeologie.at\/wp-content\/uploads\/2015\/02\/vorbereitete-Fl\u00e4che-f\u00fcr-das-Aufsammeln-von-Oberfl\u00e4chenfunden.jpg 1181w\" data-sizes=\"(max-width: 1030px) 100vw, 1030px\"  aria-label=\"Bild vorbereitete Fl\u00e4che f\u00fcr das Aufsammeln von Oberfl\u00e4chenfunden\"  id='av-masonry-1-item-3624' data-av-masonry-item='3624' class='av-masonry-entry isotope-item post-3624 attachment type-attachment status-inherit hentry  av-masonry-item-with-image' title=\"vorbereitete Fl\u00e4che f\u00fcr das Aufsammeln von Oberfl\u00e4chenfunden\" alt=\"\"    itemprop=\"thumbnailUrl\" ><div class='av-inner-masonry-sizer'><\/div><figure class='av-inner-masonry main_color'><div class=\"av-masonry-outerimage-container\"><div class='av-masonry-image-container' style=\"background-image: url(http:\/\/www.isbe-archaeologie.at\/wp-content\/uploads\/2015\/02\/vorbereitete-Fl\u00e4che-f\u00fcr-das-Aufsammeln-von-Oberfl\u00e4chenfunden-705x470.jpg);\"  title=\"vorbereitete Fl\u00e4che f\u00fcr das Aufsammeln von Oberfl\u00e4chenfunden\"  ><\/div><\/div><\/figure><\/a><!--end av-masonry entry--><a href=\"http:\/\/www.isbe-archaeologie.at\/wp-content\/uploads\/2015\/02\/Schulklasse-beim-Messen-und-Beschreiben-686x1030.jpg\" data-srcset=\"http:\/\/www.isbe-archaeologie.at\/wp-content\/uploads\/2015\/02\/Schulklasse-beim-Messen-und-Beschreiben-686x1030.jpg 686w, http:\/\/www.isbe-archaeologie.at\/wp-content\/uploads\/2015\/02\/Schulklasse-beim-Messen-und-Beschreiben-200x300.jpg 200w, http:\/\/www.isbe-archaeologie.at\/wp-content\/uploads\/2015\/02\/Schulklasse-beim-Messen-und-Beschreiben-470x705.jpg 470w, http:\/\/www.isbe-archaeologie.at\/wp-content\/uploads\/2015\/02\/Schulklasse-beim-Messen-und-Beschreiben-450x675.jpg 450w, http:\/\/www.isbe-archaeologie.at\/wp-content\/uploads\/2015\/02\/Schulklasse-beim-Messen-und-Beschreiben.jpg 787w\" data-sizes=\"(max-width: 686px) 100vw, 686px\"  aria-label=\"Bild Schulklasse beim Messen und Beschreiben\"  id='av-masonry-1-item-3623' data-av-masonry-item='3623' class='av-masonry-entry isotope-item post-3623 attachment type-attachment status-inherit hentry  av-masonry-item-with-image' title=\"Schulklasse beim Messen und Beschreiben\" alt=\"\"    itemprop=\"thumbnailUrl\" ><div class='av-inner-masonry-sizer'><\/div><figure class='av-inner-masonry main_color'><div class=\"av-masonry-outerimage-container\"><div class='av-masonry-image-container' style=\"background-image: url(http:\/\/www.isbe-archaeologie.at\/wp-content\/uploads\/2015\/02\/Schulklasse-beim-Messen-und-Beschreiben-470x705.jpg);\"  title=\"Schulklasse beim Messen und Beschreiben\"  ><\/div><\/div><\/figure><\/a><!--end av-masonry entry--><a href=\"http:\/\/www.isbe-archaeologie.at\/wp-content\/uploads\/2015\/02\/Schulklasse-beim-Aufsammeln-von-Oberfl\u00e4chenfunden1-1030x686.jpg\" data-srcset=\"http:\/\/www.isbe-archaeologie.at\/wp-content\/uploads\/2015\/02\/Schulklasse-beim-Aufsammeln-von-Oberfl\u00e4chenfunden1-1030x686.jpg 1030w, http:\/\/www.isbe-archaeologie.at\/wp-content\/uploads\/2015\/02\/Schulklasse-beim-Aufsammeln-von-Oberfl\u00e4chenfunden1-300x200.jpg 300w, http:\/\/www.isbe-archaeologie.at\/wp-content\/uploads\/2015\/02\/Schulklasse-beim-Aufsammeln-von-Oberfl\u00e4chenfunden1-705x470.jpg 705w, http:\/\/www.isbe-archaeologie.at\/wp-content\/uploads\/2015\/02\/Schulklasse-beim-Aufsammeln-von-Oberfl\u00e4chenfunden1-450x300.jpg 450w, http:\/\/www.isbe-archaeologie.at\/wp-content\/uploads\/2015\/02\/Schulklasse-beim-Aufsammeln-von-Oberfl\u00e4chenfunden1.jpg 1181w\" data-sizes=\"(max-width: 1030px) 100vw, 1030px\"  aria-label=\"Bild Schulklasse beim Aufsammeln von Oberfl\u00e4chenfunden\"  id='av-masonry-1-item-3622' data-av-masonry-item='3622' class='av-masonry-entry isotope-item post-3622 attachment type-attachment status-inherit hentry  av-masonry-item-with-image' title=\"Schulklasse beim Aufsammeln von Oberfl\u00e4chenfunden\" alt=\"\"    itemprop=\"thumbnailUrl\" ><div class='av-inner-masonry-sizer'><\/div><figure class='av-inner-masonry main_color'><div class=\"av-masonry-outerimage-container\"><div class='av-masonry-image-container' style=\"background-image: url(http:\/\/www.isbe-archaeologie.at\/wp-content\/uploads\/2015\/02\/Schulklasse-beim-Aufsammeln-von-Oberfl\u00e4chenfunden1-705x470.jpg);\"  title=\"Schulklasse beim Aufsammeln von Oberfl\u00e4chenfunden\"  ><\/div><\/div><\/figure><\/a><!--end av-masonry entry--><a href=\"http:\/\/www.isbe-archaeologie.at\/wp-content\/uploads\/2015\/02\/nachgebildete-Mauerstruktur-aus-Stein-1030x553.jpg\" data-srcset=\"http:\/\/www.isbe-archaeologie.at\/wp-content\/uploads\/2015\/02\/nachgebildete-Mauerstruktur-aus-Stein-1030x553.jpg 1030w, http:\/\/www.isbe-archaeologie.at\/wp-content\/uploads\/2015\/02\/nachgebildete-Mauerstruktur-aus-Stein-300x161.jpg 300w, http:\/\/www.isbe-archaeologie.at\/wp-content\/uploads\/2015\/02\/nachgebildete-Mauerstruktur-aus-Stein-705x378.jpg 705w, http:\/\/www.isbe-archaeologie.at\/wp-content\/uploads\/2015\/02\/nachgebildete-Mauerstruktur-aus-Stein-450x242.jpg 450w, http:\/\/www.isbe-archaeologie.at\/wp-content\/uploads\/2015\/02\/nachgebildete-Mauerstruktur-aus-Stein.jpg 1181w\" data-sizes=\"(max-width: 1030px) 100vw, 1030px\"  aria-label=\"Bild nachgebildete Mauerstruktur aus Stein\"  id='av-masonry-1-item-3621' data-av-masonry-item='3621' class='av-masonry-entry isotope-item post-3621 attachment type-attachment status-inherit hentry  av-masonry-item-with-image' title=\"nachgebildete Mauerstruktur aus Stein\" alt=\"\"    itemprop=\"thumbnailUrl\" ><div class='av-inner-masonry-sizer'><\/div><figure class='av-inner-masonry main_color'><div class=\"av-masonry-outerimage-container\"><div class='av-masonry-image-container' style=\"background-image: url(http:\/\/www.isbe-archaeologie.at\/wp-content\/uploads\/2015\/02\/nachgebildete-Mauerstruktur-aus-Stein-705x378.jpg);\"  title=\"nachgebildete Mauerstruktur aus Stein\"  ><\/div><\/div><\/figure><\/a><!--end av-masonry entry--><a href=\"http:\/\/www.isbe-archaeologie.at\/wp-content\/uploads\/2015\/02\/nachgebildete-arch\u00e4ologische-Befunde-1030x726.jpg\" data-srcset=\"http:\/\/www.isbe-archaeologie.at\/wp-content\/uploads\/2015\/02\/nachgebildete-arch\u00e4ologische-Befunde-1030x726.jpg 1030w, http:\/\/www.isbe-archaeologie.at\/wp-content\/uploads\/2015\/02\/nachgebildete-arch\u00e4ologische-Befunde-300x211.jpg 300w, http:\/\/www.isbe-archaeologie.at\/wp-content\/uploads\/2015\/02\/nachgebildete-arch\u00e4ologische-Befunde-705x497.jpg 705w, http:\/\/www.isbe-archaeologie.at\/wp-content\/uploads\/2015\/02\/nachgebildete-arch\u00e4ologische-Befunde-450x317.jpg 450w, http:\/\/www.isbe-archaeologie.at\/wp-content\/uploads\/2015\/02\/nachgebildete-arch\u00e4ologische-Befunde.jpg 1181w\" data-sizes=\"(max-width: 1030px) 100vw, 1030px\"  aria-label=\"Bild nachgebildete arch\u00e4ologische Befunde\"  id='av-masonry-1-item-3620' data-av-masonry-item='3620' class='av-masonry-entry isotope-item post-3620 attachment type-attachment status-inherit hentry  av-masonry-item-with-image' title=\"nachgebildete arch\u00e4ologische Befunde\" alt=\"\"    itemprop=\"thumbnailUrl\" ><div class='av-inner-masonry-sizer'><\/div><figure class='av-inner-masonry main_color'><div class=\"av-masonry-outerimage-container\"><div class='av-masonry-image-container' style=\"background-image: url(http:\/\/www.isbe-archaeologie.at\/wp-content\/uploads\/2015\/02\/nachgebildete-arch\u00e4ologische-Befunde-705x497.jpg);\"  title=\"nachgebildete arch\u00e4ologische Befunde\"  ><\/div><\/div><\/figure><\/a><!--end av-masonry entry--><\/div><a class='av-masonry-pagination av-masonry-load-more' href='#load-more'  data-ids='3625,3624,3623,3622,3621,3620,3619,3618,3617,3616,3615,3614'  data-caption_elements='none'  data-caption_styling=''  data-caption_display='always'  data-img_copyright=''  data-size='fixed'  data-orientation=''  data-image_size='masonry'  data-gap='1px'  data-columns='6'  data-av-desktop-columns=''  data-av-medium-columns=''  data-av-small-columns=''  data-av-mini-columns=''  data-items='6'  data-paginate='load_more'  data-color=''  data-custom_bg=''  data-img_copyright_font=''  data-av-desktop-font-img_copyright_font=''  data-av-medium-font-img_copyright_font=''  data-av-small-font-img_copyright_font=''  data-av-mini-font-img_copyright_font=''  data-img_copyright_color=''  data-img_copyright_bg=''  data-animation='active'  data-animation_duration=''  data-animation_custom_bg_color=''  data-animation_custom_bg_color_multi_list=''  data-animation_z_index_curtain='100'  data-overlay_fx=''  data-container_links='active'  data-link_dest=''  data-lightbox_text=''  data-img_scrset=''  data-lazy_loading='disabled'  data-av-desktop-hide=''  data-av-medium-hide=''  data-av-small-hide=''  data-av-mini-hide=''  data-alb_description=''  data-id=''  data-custom_class=''  data-template_class=''  data-av_uid=''  data-sc_version='1.0'  data-action=''  data-link='category'  data-post_type='post, page, attachment, revision, nav_menu_item, custom_css, customize_changeset, oembed_cache, user_request, wp_block, wp_template, wp_template_part, wp_global_styles, wp_navigation, wp_font_family, wp_font_face, portfolio, avia_framework_post'  data-term_rel='IN'  data-offset='0'  data-container_class='av-masonry-gallery'  data-wc_prod_visible=''  data-wc_prod_hidden=''  data-wc_prod_featured=''  data-prod_order_by=''  data-prod_order=''  data-sort='no'  data-auto_ratio='1.7'  data-set_breadcrumb='1'  data-custom_markup=''  data-query_orderby='date'  data-query_order='DESC'  data-date_filter=''  data-date_filter_start=''  data-date_filter_end=''  data-date_filter_format='yy\/mm\/dd'  data-period_filter_unit_1=''  data-period_filter_unit_2=''  data-page_element_filter=''  data-avno='c8bf4064c2'>Mehr laden<\/a><\/div>\n\n<style type=\"text\/css\" data-created_by=\"avia_inline_auto\" id=\"style-css-av-av_one_half-6126cab7d8fab8d08143dd2dacdf673c\">\n.flex_column.av-av_one_half-6126cab7d8fab8d08143dd2dacdf673c{\nborder-radius:0px 0px 0px 0px;\npadding:0px 0px 0px 0px;\n}\n<\/style>\n<div  class='flex_column av-av_one_half-6126cab7d8fab8d08143dd2dacdf673c av_one_half  avia-builder-el-7  el_after_av_masonry_gallery  el_before_av_textblock  avia-builder-el-first  first flex_column_div av-zero-column-padding  '     ><\/div>\n<section  class='av_textblock_section av-av_textblock-0366cc7376be6c9e82a3e9cc8987b64f '   itemscope=\"itemscope\" itemtype=\"https:\/\/schema.org\/CreativeWork\" ><div class='avia_textblock'  itemprop=\"text\" ><p>Klicken Sie hier um Ihren eigenen Text einzuf\u00fcgen<\/p>\n<\/div><\/section>\n","protected":false},"excerpt":{"rendered":"","protected":false},"author":1,"featured_media":0,"parent":3523,"menu_order":3,"comment_status":"open","ping_status":"open","template":"","meta":{"footnotes":""},"_links":{"self":[{"href":"http:\/\/www.isbe-archaeologie.at\/index.php?rest_route=\/wp\/v2\/pages\/3613"}],"collection":[{"href":"http:\/\/www.isbe-archaeologie.at\/index.php?rest_route=\/wp\/v2\/pages"}],"about":[{"href":"http:\/\/www.isbe-archaeologie.at\/index.php?rest_route=\/wp\/v2\/types\/page"}],"author":[{"embeddable":true,"href":"http:\/\/www.isbe-archaeologie.at\/index.php?rest_route=\/wp\/v2\/users\/1"}],"replies":[{"embeddable":true,"href":"http:\/\/www.isbe-archaeologie.at\/index.php?rest_route=%2Fwp%2Fv2%2Fcomments&post=3613"}],"version-history":[{"count":22,"href":"http:\/\/www.isbe-archaeologie.at\/index.php?rest_route=\/wp\/v2\/pages\/3613\/revisions"}],"predecessor-version":[{"id":4591,"href":"http:\/\/www.isbe-archaeologie.at\/index.php?rest_route=\/wp\/v2\/pages\/3613\/revisions\/4591"}],"up":[{"embeddable":true,"href":"http:\/\/www.isbe-archaeologie.at\/index.php?rest_route=\/wp\/v2\/pages\/3523"}],"wp:attachment":[{"href":"http:\/\/www.isbe-archaeologie.at\/index.php?rest_route=%2Fwp%2Fv2%2Fmedia&parent=3613"}],"curies":[{"name":"wp","href":"https:\/\/api.w.org\/{rel}","templated":true}]}}