{"id":3657,"date":"2015-02-05T12:10:39","date_gmt":"2015-02-05T12:10:39","guid":{"rendered":"http:\/\/www.isbe-archaeologie.at\/?page_id=3657"},"modified":"2015-02-11T18:26:37","modified_gmt":"2015-02-11T18:26:37","slug":"vortraege","status":"publish","type":"page","link":"http:\/\/www.isbe-archaeologie.at\/?page_id=3657","title":{"rendered":"Vortr\u00e4ge"},"content":{"rendered":"<section  class='av_textblock_section av-av_textblock-0366cc7376be6c9e82a3e9cc8987b64f '   itemscope=\"itemscope\" itemtype=\"https:\/\/schema.org\/CreativeWork\" ><div class='avia_textblock'  itemprop=\"text\" ><p style=\"text-align: justify;\">Um die Inhalte und Ergebnisse unserer Forschungen einer interessierten \u00d6ffentlichkeit n\u00e4her zu bringen ist es dem <span style=\"color: #940614;\"><em>Institut f\u00fcr s\u00fcdostalpine Bronze- und Eisenzeitforschung ISBE<\/em> <\/span>stets ein wichtiges Anliegen diese auch im Rahmen von Vortr\u00e4gen zu vermitteln.<\/p>\n<p style=\"text-align: justify;\">Zahlreiche Vortr\u00e4ge zu den Forschungen im Rahmen des <a title=\"ALEA \u2013 Projekt\" href=\"http:\/\/www.isbe-archaeologie.at\/?page_id=3858\"><strong><em>ALEA<\/em><em>&#8211;<\/em>Projektes<\/strong><\/a> (Ausgrabungen in den hallstattzeitlichen F\u00fcrstengr\u00e4bern von Strettweg und Waltersdorf sowie der hallstattzeitlichen Siedlung auf dem Falkenberg) fanden \u2013 zum Teil in Kooperation mit dem <em><a href=\"http:\/\/www.fuerstengrab-strettweg.at\/\">Arbeitskreis Falkenberg<\/a> e. V.<\/em> &#8211; \u00a0nicht nur in verschiedenen Orten des Bezirkes \u00a0Murtal (Judenburg, Fohnsdorf, Knittelfeld, Hetzendorf), sondern auch in Murau, Graz, Wien, Innsbruck, Hallein, Linz sowie in Ljubljana und Piran (SLO) statt. \u00dcber die Ausgrabung am Schlossberg von St. Lorenzen bei Knittelfeld wurde ebenfalls im Rahmen von Vortr\u00e4gen in der Gemeinde St. Lorenzen sowie in Graz berichtet.<\/p>\n<p style=\"text-align: justify;\">Die zusammen mit dem<em><a href=\"http:\/\/www.kirchberger-laendchen.at\/\"> Historischen Verein f\u00fcr das Kirchberger L\u00e4ndchen <\/a>e. V.<\/em> durchgef\u00fchrten Forschungen im Bereich des Raabtals (<a title=\"RaabArch \u2013 Projekt\" href=\"http:\/\/www.isbe-archaeologie.at\/?page_id=3862\"><strong>Projekt <em>RaabArch<\/em><\/strong><\/a>) wurden in einigen Vortr\u00e4gen in Kirchberg, Fladnitz und Graz vorgestellt.<\/p>\n<p style=\"text-align: justify;\">Die bei der fr\u00fchen mittelalterlichen Burgstelle und romanischen Kirchenruine St. Jakob am Mitterberg in Zusammenhang mit den Bauuntersuchungen durch den <a href=\"http:\/\/www.baukulturstiftung.at\/\"><em>Verein zu Erhaltung und Erforschung der \u00d6sterreichischen Baukultur <\/em><\/a>durchgef\u00fchrten Grabungen konnten in Neumarkt und Graz pr\u00e4sentiert werden.<\/p>\n<\/div><\/section>\n<div  class='avia-button-wrap av-av_button-8f7ad9b44d3b1fba4458155da1cf655d-wrap avia-button-left  avia-builder-el-1  el_after_av_textblock  el_before_av_button '><a href='http:\/\/www.isbe-archaeologie.at\/?page_id=3684'  class='avia-button av-av_button-8f7ad9b44d3b1fba4458155da1cf655d av-link-btn avia-icon_select-no avia-size-medium avia-position-left avia-color-theme-color'  ><span class='avia_iconbox_title' >Aktuelle Vortr\u00e4ge<\/span><\/a><\/div>\n<div  class='avia-button-wrap av-av_button-453e1482af841cfa803b1c1eb934ee1b-wrap avia-button-right  avia-builder-el-2  el_after_av_button  el_before_av_masonry_gallery  avia-builder-el-last '><a href='http:\/\/www.isbe-archaeologie.at\/?page_id=3523'  class='avia-button av-av_button-453e1482af841cfa803b1c1eb934ee1b av-link-btn avia-icon_select-no avia-size-small avia-position-right avia-color-theme-color-subtle'  ><span class='avia_iconbox_title' >zur\u00fcck<\/span><\/a><\/div>\n<div id='av-masonry-1' class='av-masonry av-av_masonry_gallery-66b778355c15d6744838d2fd9037107c noHover av-fixed-size av-1px-gap av-hover-overlay- av-masonry-animation-active av-masonry-col-6 av-caption-always av-caption-style- av-masonry-gallery ' data-post_id=\"3657\"><div class=\"av-masonry-container isotope av-js-disabled\"><div class='av-masonry-entry isotope-item av-masonry-item-no-image '><\/div><a href=\"http:\/\/www.isbe-archaeologie.at\/wp-content\/uploads\/2015\/02\/Balkengr\u00e4bchen-und-Pfostenl\u00f6cher-Reste-hallstattzeitlicher-Geb\u00e4ude.jpg\" data-srcset=\"http:\/\/www.isbe-archaeologie.at\/wp-content\/uploads\/2015\/02\/Balkengr\u00e4bchen-und-Pfostenl\u00f6cher-Reste-hallstattzeitlicher-Geb\u00e4ude.jpg 734w, http:\/\/www.isbe-archaeologie.at\/wp-content\/uploads\/2015\/02\/Balkengr\u00e4bchen-und-Pfostenl\u00f6cher-Reste-hallstattzeitlicher-Geb\u00e4ude-300x179.jpg 300w, http:\/\/www.isbe-archaeologie.at\/wp-content\/uploads\/2015\/02\/Balkengr\u00e4bchen-und-Pfostenl\u00f6cher-Reste-hallstattzeitlicher-Geb\u00e4ude-705x422.jpg 705w, http:\/\/www.isbe-archaeologie.at\/wp-content\/uploads\/2015\/02\/Balkengr\u00e4bchen-und-Pfostenl\u00f6cher-Reste-hallstattzeitlicher-Geb\u00e4ude-450x269.jpg 450w\" data-sizes=\"(max-width: 734px) 100vw, 734px\"  aria-label=\"Bild Balkengr\u00e4bchen und Pfostenl\u00f6cher &#8211; Reste hallstattzeitlicher Geb\u00e4ude\"  id='av-masonry-1-item-3413' data-av-masonry-item='3413' class='av-masonry-entry isotope-item post-3413 attachment type-attachment status-inherit hentry  av-masonry-item-with-image' title=\"Balkengr\u00e4bchen und Pfostenl\u00f6cher &#8211; Reste hallstattzeitlicher Geb\u00e4ude\" alt=\"\"    itemprop=\"thumbnailUrl\" ><div class='av-inner-masonry-sizer'><\/div><figure class='av-inner-masonry main_color'><div class=\"av-masonry-outerimage-container\"><div class='av-masonry-image-container' style=\"background-image: url(http:\/\/www.isbe-archaeologie.at\/wp-content\/uploads\/2015\/02\/Balkengr\u00e4bchen-und-Pfostenl\u00f6cher-Reste-hallstattzeitlicher-Geb\u00e4ude-705x422.jpg);\"  title=\"Balkengr\u00e4bchen und Pfostenl\u00f6cher &#8211; Reste hallstattzeitlicher Geb\u00e4ude\"  ><\/div><\/div><\/figure><\/a><!--end av-masonry entry--><a href=\"http:\/\/www.isbe-archaeologie.at\/wp-content\/uploads\/2015\/02\/Steinrollierung-eines-bronzezeitlichen-Geb\u00e4udes-unter-der-lat\u00e8nezeitlichen-Rampensch\u00fcttung.jpg\" data-srcset=\"http:\/\/www.isbe-archaeologie.at\/wp-content\/uploads\/2015\/02\/Steinrollierung-eines-bronzezeitlichen-Geb\u00e4udes-unter-der-lat\u00e8nezeitlichen-Rampensch\u00fcttung.jpg 446w, http:\/\/www.isbe-archaeologie.at\/wp-content\/uploads\/2015\/02\/Steinrollierung-eines-bronzezeitlichen-Geb\u00e4udes-unter-der-lat\u00e8nezeitlichen-Rampensch\u00fcttung-300x198.jpg 300w\" data-sizes=\"(max-width: 446px) 100vw, 446px\"  aria-label=\"Bild Steinrollierung eines bronzezeitlichen Geb\u00e4udes unter der lat\u00e8nezeitlichen Rampensch\u00fcttung\"  id='av-masonry-1-item-3437' data-av-masonry-item='3437' class='av-masonry-entry isotope-item post-3437 attachment type-attachment status-inherit hentry  av-masonry-item-with-image' title=\"Steinrollierung eines bronzezeitlichen Geb\u00e4udes unter der lat\u00e8nezeitlichen Rampensch\u00fcttung\" alt=\"\"    itemprop=\"thumbnailUrl\" ><div class='av-inner-masonry-sizer'><\/div><figure class='av-inner-masonry main_color'><div class=\"av-masonry-outerimage-container\"><div class='av-masonry-image-container' style=\"background-image: url(http:\/\/www.isbe-archaeologie.at\/wp-content\/uploads\/2015\/02\/Steinrollierung-eines-bronzezeitlichen-Geb\u00e4udes-unter-der-lat\u00e8nezeitlichen-Rampensch\u00fcttung.jpg);\"  title=\"Steinrollierung eines bronzezeitlichen Geb\u00e4udes unter der lat\u00e8nezeitlichen Rampensch\u00fcttung\"  ><\/div><\/div><\/figure><\/a><!--end av-masonry entry--><a href=\"http:\/\/www.isbe-archaeologie.at\/wp-content\/uploads\/2015\/02\/Bernsteinperlenketten-532x1030.jpg\" data-srcset=\"http:\/\/www.isbe-archaeologie.at\/wp-content\/uploads\/2015\/02\/Bernsteinperlenketten-532x1030.jpg 532w, http:\/\/www.isbe-archaeologie.at\/wp-content\/uploads\/2015\/02\/Bernsteinperlenketten-155x300.jpg 155w, http:\/\/www.isbe-archaeologie.at\/wp-content\/uploads\/2015\/02\/Bernsteinperlenketten-775x1500.jpg 775w, http:\/\/www.isbe-archaeologie.at\/wp-content\/uploads\/2015\/02\/Bernsteinperlenketten-364x705.jpg 364w, http:\/\/www.isbe-archaeologie.at\/wp-content\/uploads\/2015\/02\/Bernsteinperlenketten-450x871.jpg 450w, http:\/\/www.isbe-archaeologie.at\/wp-content\/uploads\/2015\/02\/Bernsteinperlenketten.jpg 787w\" data-sizes=\"(max-width: 532px) 100vw, 532px\"  aria-label=\"Bild Bernsteinperlenketten\"  id='av-masonry-1-item-3446' data-av-masonry-item='3446' class='av-masonry-entry isotope-item post-3446 attachment type-attachment status-inherit hentry  av-masonry-item-with-image' title=\"Bernsteinperlenketten\" alt=\"\"    itemprop=\"thumbnailUrl\" ><div class='av-inner-masonry-sizer'><\/div><figure class='av-inner-masonry main_color'><div class=\"av-masonry-outerimage-container\"><div class='av-masonry-image-container' style=\"background-image: url(http:\/\/www.isbe-archaeologie.at\/wp-content\/uploads\/2015\/02\/Bernsteinperlenketten-364x705.jpg);\"  title=\"Bernsteinperlenketten\"  ><\/div><\/div><\/figure><\/a><!--end av-masonry entry--><a href=\"http:\/\/www.isbe-archaeologie.at\/wp-content\/uploads\/2015\/02\/das-Schwert-des-F\u00fcrsten-in-Fundlage.jpg\" data-srcset=\"http:\/\/www.isbe-archaeologie.at\/wp-content\/uploads\/2015\/02\/das-Schwert-des-F\u00fcrsten-in-Fundlage.jpg 721w, http:\/\/www.isbe-archaeologie.at\/wp-content\/uploads\/2015\/02\/das-Schwert-des-F\u00fcrsten-in-Fundlage-300x127.jpg 300w, http:\/\/www.isbe-archaeologie.at\/wp-content\/uploads\/2015\/02\/das-Schwert-des-F\u00fcrsten-in-Fundlage-705x299.jpg 705w, http:\/\/www.isbe-archaeologie.at\/wp-content\/uploads\/2015\/02\/das-Schwert-des-F\u00fcrsten-in-Fundlage-450x191.jpg 450w\" data-sizes=\"(max-width: 721px) 100vw, 721px\"  aria-label=\"Bild das Schwert des F\u00fcrsten in Fundlage\"  id='av-masonry-1-item-3459' data-av-masonry-item='3459' class='av-masonry-entry isotope-item post-3459 attachment type-attachment status-inherit hentry  av-masonry-item-with-image' title=\"das Schwert des F\u00fcrsten in Fundlage\" alt=\"\"    itemprop=\"thumbnailUrl\" ><div class='av-inner-masonry-sizer'><\/div><figure class='av-inner-masonry main_color'><div class=\"av-masonry-outerimage-container\"><div class='av-masonry-image-container' style=\"background-image: url(http:\/\/www.isbe-archaeologie.at\/wp-content\/uploads\/2015\/02\/das-Schwert-des-F\u00fcrsten-in-Fundlage-705x299.jpg);\"  title=\"das Schwert des F\u00fcrsten in Fundlage\"  ><\/div><\/div><\/figure><\/a><!--end av-masonry entry--><a href=\"http:\/\/www.isbe-archaeologie.at\/wp-content\/uploads\/2015\/02\/fertig-ausgegrabene-hallstattzeitliche-Grabkammer-1030x686.jpg\" data-srcset=\"http:\/\/www.isbe-archaeologie.at\/wp-content\/uploads\/2015\/02\/fertig-ausgegrabene-hallstattzeitliche-Grabkammer-1030x686.jpg 1030w, http:\/\/www.isbe-archaeologie.at\/wp-content\/uploads\/2015\/02\/fertig-ausgegrabene-hallstattzeitliche-Grabkammer-300x200.jpg 300w, http:\/\/www.isbe-archaeologie.at\/wp-content\/uploads\/2015\/02\/fertig-ausgegrabene-hallstattzeitliche-Grabkammer-705x470.jpg 705w, http:\/\/www.isbe-archaeologie.at\/wp-content\/uploads\/2015\/02\/fertig-ausgegrabene-hallstattzeitliche-Grabkammer-450x300.jpg 450w, http:\/\/www.isbe-archaeologie.at\/wp-content\/uploads\/2015\/02\/fertig-ausgegrabene-hallstattzeitliche-Grabkammer.jpg 1181w\" data-sizes=\"(max-width: 1030px) 100vw, 1030px\"  aria-label=\"Bild fertig ausgegrabene hallstattzeitliche  Grabkammer\"  id='av-masonry-1-item-3490' data-av-masonry-item='3490' class='av-masonry-entry isotope-item post-3490 attachment type-attachment status-inherit hentry  av-masonry-item-with-image' title=\"fertig ausgegrabene hallstattzeitliche  Grabkammer\" alt=\"\"    itemprop=\"thumbnailUrl\" ><div class='av-inner-masonry-sizer'><\/div><figure class='av-inner-masonry main_color'><div class=\"av-masonry-outerimage-container\"><div class='av-masonry-image-container' style=\"background-image: url(http:\/\/www.isbe-archaeologie.at\/wp-content\/uploads\/2015\/02\/fertig-ausgegrabene-hallstattzeitliche-Grabkammer-705x470.jpg);\"  title=\"fertig ausgegrabene hallstattzeitliche  Grabkammer\"  ><\/div><\/div><\/figure><\/a><!--end av-masonry entry--><a href=\"http:\/\/www.isbe-archaeologie.at\/wp-content\/uploads\/2015\/02\/Balkengr\u00e4bchen-und-Pfostenl\u00f6cher-von-hallstattzeitlichen-Geb\u00e4uden-782x1030.jpg\" data-srcset=\"http:\/\/www.isbe-archaeologie.at\/wp-content\/uploads\/2015\/02\/Balkengr\u00e4bchen-und-Pfostenl\u00f6cher-von-hallstattzeitlichen-Geb\u00e4uden-782x1030.jpg 782w, http:\/\/www.isbe-archaeologie.at\/wp-content\/uploads\/2015\/02\/Balkengr\u00e4bchen-und-Pfostenl\u00f6cher-von-hallstattzeitlichen-Geb\u00e4uden-228x300.jpg 228w, http:\/\/www.isbe-archaeologie.at\/wp-content\/uploads\/2015\/02\/Balkengr\u00e4bchen-und-Pfostenl\u00f6cher-von-hallstattzeitlichen-Geb\u00e4uden-1138x1500.jpg 1138w, http:\/\/www.isbe-archaeologie.at\/wp-content\/uploads\/2015\/02\/Balkengr\u00e4bchen-und-Pfostenl\u00f6cher-von-hallstattzeitlichen-Geb\u00e4uden-535x705.jpg 535w, http:\/\/www.isbe-archaeologie.at\/wp-content\/uploads\/2015\/02\/Balkengr\u00e4bchen-und-Pfostenl\u00f6cher-von-hallstattzeitlichen-Geb\u00e4uden-450x593.jpg 450w, http:\/\/www.isbe-archaeologie.at\/wp-content\/uploads\/2015\/02\/Balkengr\u00e4bchen-und-Pfostenl\u00f6cher-von-hallstattzeitlichen-Geb\u00e4uden.jpg 1181w\" data-sizes=\"(max-width: 782px) 100vw, 782px\"  aria-label=\"Bild Balkengr\u00e4bchen und Pfostenl\u00f6cher von hallstattzeitlichen Geb\u00e4uden\"  id='av-masonry-1-item-3509' data-av-masonry-item='3509' class='av-masonry-entry isotope-item post-3509 attachment type-attachment status-inherit hentry  av-masonry-item-with-image' title=\"Balkengr\u00e4bchen und Pfostenl\u00f6cher von hallstattzeitlichen Geb\u00e4uden\" alt=\"\"    itemprop=\"thumbnailUrl\" ><div class='av-inner-masonry-sizer'><\/div><figure class='av-inner-masonry main_color'><div class=\"av-masonry-outerimage-container\"><div class='av-masonry-image-container' style=\"background-image: url(http:\/\/www.isbe-archaeologie.at\/wp-content\/uploads\/2015\/02\/Balkengr\u00e4bchen-und-Pfostenl\u00f6cher-von-hallstattzeitlichen-Geb\u00e4uden-535x705.jpg);\"  title=\"Balkengr\u00e4bchen und Pfostenl\u00f6cher von hallstattzeitlichen Geb\u00e4uden\"  ><\/div><\/div><\/figure><\/a><!--end av-masonry entry--><\/div><\/div>\n","protected":false},"excerpt":{"rendered":"","protected":false},"author":1,"featured_media":0,"parent":3523,"menu_order":3,"comment_status":"open","ping_status":"open","template":"","meta":{"footnotes":""},"_links":{"self":[{"href":"http:\/\/www.isbe-archaeologie.at\/index.php?rest_route=\/wp\/v2\/pages\/3657"}],"collection":[{"href":"http:\/\/www.isbe-archaeologie.at\/index.php?rest_route=\/wp\/v2\/pages"}],"about":[{"href":"http:\/\/www.isbe-archaeologie.at\/index.php?rest_route=\/wp\/v2\/types\/page"}],"author":[{"embeddable":true,"href":"http:\/\/www.isbe-archaeologie.at\/index.php?rest_route=\/wp\/v2\/users\/1"}],"replies":[{"embeddable":true,"href":"http:\/\/www.isbe-archaeologie.at\/index.php?rest_route=%2Fwp%2Fv2%2Fcomments&post=3657"}],"version-history":[{"count":13,"href":"http:\/\/www.isbe-archaeologie.at\/index.php?rest_route=\/wp\/v2\/pages\/3657\/revisions"}],"predecessor-version":[{"id":3945,"href":"http:\/\/www.isbe-archaeologie.at\/index.php?rest_route=\/wp\/v2\/pages\/3657\/revisions\/3945"}],"up":[{"embeddable":true,"href":"http:\/\/www.isbe-archaeologie.at\/index.php?rest_route=\/wp\/v2\/pages\/3523"}],"wp:attachment":[{"href":"http:\/\/www.isbe-archaeologie.at\/index.php?rest_route=%2Fwp%2Fv2%2Fmedia&parent=3657"}],"curies":[{"name":"wp","href":"https:\/\/api.w.org\/{rel}","templated":true}]}}