{"id":3673,"date":"2015-02-05T14:38:54","date_gmt":"2015-02-05T14:38:54","guid":{"rendered":"http:\/\/www.isbe-archaeologie.at\/?page_id=3673"},"modified":"2015-02-12T18:37:41","modified_gmt":"2015-02-12T18:37:41","slug":"lidar-daten-und-luftbildauswertung","status":"publish","type":"page","link":"http:\/\/www.isbe-archaeologie.at\/?page_id=3673","title":{"rendered":"LIDAR-Daten und Luftbildauswertung"},"content":{"rendered":"<section  class='av_textblock_section av-av_textblock-0366cc7376be6c9e82a3e9cc8987b64f '   itemscope=\"itemscope\" itemtype=\"https:\/\/schema.org\/CreativeWork\" ><div class='avia_textblock'  itemprop=\"text\" ><p>Es gibt verschiedenste M\u00f6glichkeiten arch\u00e4ologische Fundstellen zu lokalisieren:<\/p>\n<ol>\n<li>Zufallsfunde im Zuge von Bodeneingriffen<\/li>\n<li>im Rahmen von Begehungen\/Surveys entdeckte k\u00fcnstliche Strukturen oder aufgesammelte Lesefunde<\/li>\n<li>aus der Luft, vom Flugzeug, Hubschrauber oder Drohne fotografierte Bewuchsmerkmale<\/li>\n<li>vom Flugzeug mittels Laserimpulsen aufgenommene k\u00fcnstliche Bodenformationen<\/li>\n<li>geophysikalische Messungen um im Boden verborgene Befunde festzustellen<\/li>\n<\/ol>\n<p style=\"text-align: justify;\">Die unter Punkt 4 genannte, seit einigen Jahren von der Arch\u00e4ologie genutzte Methode der Auswertung von LIDAR- (light detection and ranging) Daten bietet eine hervorragende Grundlage zur Entdeckung von Bodendenkmalen. Die Auswertung von LIDAR-Daten und Luftbildern des <a title=\"GIS Steiermark\" href=\"http:\/\/www.gis.steiermark.at\/\" target=\"_blank\" rel=\"noopener\"><em>GIS Steiermark<\/em><\/a> (A7 Landes- und Gemeindeentwicklung, Referat Statistik und Geoinformation) erm\u00f6glicht eine effiziente Erfassung\u00a0 einer \u201earch\u00e4ologischen Landschaft\u201c.<\/p>\n<p style=\"text-align: justify;\">Das <span style=\"color: #940614;\"><em>Institut f\u00fcr s\u00fcdostalpine Bronze- und Eisenzeitforschung ISBE <\/em><\/span>\u00a0besch\u00e4ftigt sich seit Jahren im Rahmen einer Kooperation mit dem <a title=\"GIS Steiermark\" href=\"http:\/\/www.gis.steiermark.at\/\" target=\"_blank\" rel=\"noopener\"><em>GIS Steiermark<\/em><\/a> mit der Erfassung und Kartierung von LIDAR-Daten und der Auswertung von Luftbildern des Bundeslandes Steiermark.<\/p>\n<\/div><\/section>\n<div  class='avia-button-wrap av-av_button-453e1482af841cfa803b1c1eb934ee1b-wrap avia-button-right  avia-builder-el-1  el_after_av_textblock  el_before_av_masonry_gallery  avia-builder-el-last '><a href='http:\/\/www.isbe-archaeologie.at\/?page_id=3523'  class='avia-button av-av_button-453e1482af841cfa803b1c1eb934ee1b av-link-btn avia-icon_select-no avia-size-small avia-position-right avia-color-theme-color-subtle'  ><span class='avia_iconbox_title' >zur\u00fcck<\/span><\/a><\/div>\n<div id='av-masonry-1' class='av-masonry av-av_masonry_gallery-dbd5495e5a9104bdd38696278b30e3cf noHover av-fixed-size av-1px-gap av-hover-overlay- av-masonry-animation-active av-masonry-col-6 av-caption-on-hover av-caption-style- av-masonry-gallery ' data-post_id=\"3673\"><div class=\"av-masonry-container isotope av-js-disabled\"><div class='av-masonry-entry isotope-item av-masonry-item-no-image '><\/div><a href=\"http:\/\/www.isbe-archaeologie.at\/wp-content\/uploads\/2015\/02\/abgekommene-H\u00fcgelgr\u00e4ber-die-als-kreisf\u00f6rmiges-Bewuchsmerkmal-im-Feld-sichtbar-werden-Aufnahme-H.-G.-Korb-1030x645.jpg\" data-srcset=\"http:\/\/www.isbe-archaeologie.at\/wp-content\/uploads\/2015\/02\/abgekommene-H\u00fcgelgr\u00e4ber-die-als-kreisf\u00f6rmiges-Bewuchsmerkmal-im-Feld-sichtbar-werden-Aufnahme-H.-G.-Korb-1030x645.jpg 1030w, http:\/\/www.isbe-archaeologie.at\/wp-content\/uploads\/2015\/02\/abgekommene-H\u00fcgelgr\u00e4ber-die-als-kreisf\u00f6rmiges-Bewuchsmerkmal-im-Feld-sichtbar-werden-Aufnahme-H.-G.-Korb-300x188.jpg 300w, http:\/\/www.isbe-archaeologie.at\/wp-content\/uploads\/2015\/02\/abgekommene-H\u00fcgelgr\u00e4ber-die-als-kreisf\u00f6rmiges-Bewuchsmerkmal-im-Feld-sichtbar-werden-Aufnahme-H.-G.-Korb-705x442.jpg 705w, http:\/\/www.isbe-archaeologie.at\/wp-content\/uploads\/2015\/02\/abgekommene-H\u00fcgelgr\u00e4ber-die-als-kreisf\u00f6rmiges-Bewuchsmerkmal-im-Feld-sichtbar-werden-Aufnahme-H.-G.-Korb-450x282.jpg 450w, http:\/\/www.isbe-archaeologie.at\/wp-content\/uploads\/2015\/02\/abgekommene-H\u00fcgelgr\u00e4ber-die-als-kreisf\u00f6rmiges-Bewuchsmerkmal-im-Feld-sichtbar-werden-Aufnahme-H.-G.-Korb.jpg 1181w\" data-sizes=\"(max-width: 1030px) 100vw, 1030px\"  aria-label=\"Bild Einzelbild aus Videosequenz\"  id='av-masonry-1-item-3674' data-av-masonry-item='3674' class='av-masonry-entry isotope-item post-3674 attachment type-attachment status-inherit hentry  av-masonry-item-with-image' title=\"Einzelbild aus Videosequenz\" alt=\"\"    itemprop=\"thumbnailUrl\" ><div class='av-inner-masonry-sizer'><\/div><figure class='av-inner-masonry main_color'><div class=\"av-masonry-outerimage-container\"><div class='av-masonry-image-container' style=\"background-image: url(http:\/\/www.isbe-archaeologie.at\/wp-content\/uploads\/2015\/02\/abgekommene-H\u00fcgelgr\u00e4ber-die-als-kreisf\u00f6rmiges-Bewuchsmerkmal-im-Feld-sichtbar-werden-Aufnahme-H.-G.-Korb-705x442.jpg);\"  title=\"Einzelbild aus Videosequenz\"  ><\/div><\/div><\/figure><\/a><!--end av-masonry entry--><a href=\"http:\/\/www.isbe-archaeologie.at\/wp-content\/uploads\/2015\/02\/befestigte-H\u00f6hensiedlung-am-Ringkogel-bei-Hartberg-Airborne-Laserscan-GIS-Steiermark-1030x729.jpg\" data-srcset=\"http:\/\/www.isbe-archaeologie.at\/wp-content\/uploads\/2015\/02\/befestigte-H\u00f6hensiedlung-am-Ringkogel-bei-Hartberg-Airborne-Laserscan-GIS-Steiermark-1030x729.jpg 1030w, http:\/\/www.isbe-archaeologie.at\/wp-content\/uploads\/2015\/02\/befestigte-H\u00f6hensiedlung-am-Ringkogel-bei-Hartberg-Airborne-Laserscan-GIS-Steiermark-300x212.jpg 300w, http:\/\/www.isbe-archaeologie.at\/wp-content\/uploads\/2015\/02\/befestigte-H\u00f6hensiedlung-am-Ringkogel-bei-Hartberg-Airborne-Laserscan-GIS-Steiermark-260x185.jpg 260w, http:\/\/www.isbe-archaeologie.at\/wp-content\/uploads\/2015\/02\/befestigte-H\u00f6hensiedlung-am-Ringkogel-bei-Hartberg-Airborne-Laserscan-GIS-Steiermark-705x499.jpg 705w, http:\/\/www.isbe-archaeologie.at\/wp-content\/uploads\/2015\/02\/befestigte-H\u00f6hensiedlung-am-Ringkogel-bei-Hartberg-Airborne-Laserscan-GIS-Steiermark-450x318.jpg 450w, http:\/\/www.isbe-archaeologie.at\/wp-content\/uploads\/2015\/02\/befestigte-H\u00f6hensiedlung-am-Ringkogel-bei-Hartberg-Airborne-Laserscan-GIS-Steiermark.jpg 1169w\" data-sizes=\"(max-width: 1030px) 100vw, 1030px\"  aria-label=\"Bild befestigte H\u00f6hensiedlung am Ringkogel bei Hartberg &#8211; Airborne Laserscan &#8211; GIS Steiermark\"  id='av-masonry-1-item-3675' data-av-masonry-item='3675' class='av-masonry-entry isotope-item post-3675 attachment type-attachment status-inherit hentry  av-masonry-item-with-image' title=\"befestigte H\u00f6hensiedlung am Ringkogel bei Hartberg &#8211; Airborne Laserscan &#8211; GIS Steiermark\" alt=\"\"    itemprop=\"thumbnailUrl\" ><div class='av-inner-masonry-sizer'><\/div><figure class='av-inner-masonry main_color'><div class=\"av-masonry-outerimage-container\"><div class='av-masonry-image-container' style=\"background-image: url(http:\/\/www.isbe-archaeologie.at\/wp-content\/uploads\/2015\/02\/befestigte-H\u00f6hensiedlung-am-Ringkogel-bei-Hartberg-Airborne-Laserscan-GIS-Steiermark-705x499.jpg);\"  title=\"befestigte H\u00f6hensiedlung am Ringkogel bei Hartberg &#8211; Airborne Laserscan &#8211; GIS Steiermark\"  ><\/div><\/div><\/figure><\/a><!--end av-masonry entry--><a href=\"http:\/\/www.isbe-archaeologie.at\/wp-content\/uploads\/2015\/02\/H\u00fcgelgr\u00e4bergruppen-am-Burgstallkogel-bei-Kleinklein-Airborne-Laserscan-GIS-Steiermark-1030x729.jpg\" data-srcset=\"http:\/\/www.isbe-archaeologie.at\/wp-content\/uploads\/2015\/02\/H\u00fcgelgr\u00e4bergruppen-am-Burgstallkogel-bei-Kleinklein-Airborne-Laserscan-GIS-Steiermark-1030x729.jpg 1030w, http:\/\/www.isbe-archaeologie.at\/wp-content\/uploads\/2015\/02\/H\u00fcgelgr\u00e4bergruppen-am-Burgstallkogel-bei-Kleinklein-Airborne-Laserscan-GIS-Steiermark-300x212.jpg 300w, http:\/\/www.isbe-archaeologie.at\/wp-content\/uploads\/2015\/02\/H\u00fcgelgr\u00e4bergruppen-am-Burgstallkogel-bei-Kleinklein-Airborne-Laserscan-GIS-Steiermark-260x185.jpg 260w, http:\/\/www.isbe-archaeologie.at\/wp-content\/uploads\/2015\/02\/H\u00fcgelgr\u00e4bergruppen-am-Burgstallkogel-bei-Kleinklein-Airborne-Laserscan-GIS-Steiermark-705x499.jpg 705w, http:\/\/www.isbe-archaeologie.at\/wp-content\/uploads\/2015\/02\/H\u00fcgelgr\u00e4bergruppen-am-Burgstallkogel-bei-Kleinklein-Airborne-Laserscan-GIS-Steiermark-450x318.jpg 450w, http:\/\/www.isbe-archaeologie.at\/wp-content\/uploads\/2015\/02\/H\u00fcgelgr\u00e4bergruppen-am-Burgstallkogel-bei-Kleinklein-Airborne-Laserscan-GIS-Steiermark.jpg 1169w\" data-sizes=\"(max-width: 1030px) 100vw, 1030px\"  aria-label=\"Bild H\u00fcgelgr\u00e4bergruppen am Burgstallkogel bei Kleinklein -Airborne Laserscan &#8211; GIS Steiermark\"  id='av-masonry-1-item-3676' data-av-masonry-item='3676' class='av-masonry-entry isotope-item post-3676 attachment type-attachment status-inherit hentry  av-masonry-item-with-image' title=\"H\u00fcgelgr\u00e4bergruppen am Burgstallkogel bei Kleinklein -Airborne Laserscan &#8211; GIS Steiermark\" alt=\"\"    itemprop=\"thumbnailUrl\" ><div class='av-inner-masonry-sizer'><\/div><figure class='av-inner-masonry main_color'><div class=\"av-masonry-outerimage-container\"><div class='av-masonry-image-container' style=\"background-image: url(http:\/\/www.isbe-archaeologie.at\/wp-content\/uploads\/2015\/02\/H\u00fcgelgr\u00e4bergruppen-am-Burgstallkogel-bei-Kleinklein-Airborne-Laserscan-GIS-Steiermark-705x499.jpg);\"  title=\"H\u00fcgelgr\u00e4bergruppen am Burgstallkogel bei Kleinklein -Airborne Laserscan &#8211; GIS Steiermark\"  ><\/div><\/div><\/figure><\/a><!--end av-masonry entry--><a href=\"http:\/\/www.isbe-archaeologie.at\/wp-content\/uploads\/2015\/02\/kreisf\u00f6rmige-Bewuchsmerkmale-abgekommene-H\u00fcgelgr\u00e4ber-Orthofoto-GIS-Steiermark-1030x729.jpg\" data-srcset=\"http:\/\/www.isbe-archaeologie.at\/wp-content\/uploads\/2015\/02\/kreisf\u00f6rmige-Bewuchsmerkmale-abgekommene-H\u00fcgelgr\u00e4ber-Orthofoto-GIS-Steiermark-1030x729.jpg 1030w, http:\/\/www.isbe-archaeologie.at\/wp-content\/uploads\/2015\/02\/kreisf\u00f6rmige-Bewuchsmerkmale-abgekommene-H\u00fcgelgr\u00e4ber-Orthofoto-GIS-Steiermark-300x212.jpg 300w, http:\/\/www.isbe-archaeologie.at\/wp-content\/uploads\/2015\/02\/kreisf\u00f6rmige-Bewuchsmerkmale-abgekommene-H\u00fcgelgr\u00e4ber-Orthofoto-GIS-Steiermark-260x185.jpg 260w, http:\/\/www.isbe-archaeologie.at\/wp-content\/uploads\/2015\/02\/kreisf\u00f6rmige-Bewuchsmerkmale-abgekommene-H\u00fcgelgr\u00e4ber-Orthofoto-GIS-Steiermark-705x499.jpg 705w, http:\/\/www.isbe-archaeologie.at\/wp-content\/uploads\/2015\/02\/kreisf\u00f6rmige-Bewuchsmerkmale-abgekommene-H\u00fcgelgr\u00e4ber-Orthofoto-GIS-Steiermark-450x318.jpg 450w, http:\/\/www.isbe-archaeologie.at\/wp-content\/uploads\/2015\/02\/kreisf\u00f6rmige-Bewuchsmerkmale-abgekommene-H\u00fcgelgr\u00e4ber-Orthofoto-GIS-Steiermark.jpg 1169w\" data-sizes=\"(max-width: 1030px) 100vw, 1030px\"  aria-label=\"Bild kreisf\u00f6rmige Bewuchsmerkmale &#8211; abgekommene H\u00fcgelgr\u00e4ber &#8211; Orthofoto &#8211; GIS Steiermark\"  id='av-masonry-1-item-3677' data-av-masonry-item='3677' class='av-masonry-entry isotope-item post-3677 attachment type-attachment status-inherit hentry  av-masonry-item-with-image' title=\"kreisf\u00f6rmige Bewuchsmerkmale &#8211; abgekommene H\u00fcgelgr\u00e4ber &#8211; Orthofoto &#8211; GIS Steiermark\" alt=\"\"    itemprop=\"thumbnailUrl\" ><div class='av-inner-masonry-sizer'><\/div><figure class='av-inner-masonry main_color'><div class=\"av-masonry-outerimage-container\"><div class='av-masonry-image-container' style=\"background-image: url(http:\/\/www.isbe-archaeologie.at\/wp-content\/uploads\/2015\/02\/kreisf\u00f6rmige-Bewuchsmerkmale-abgekommene-H\u00fcgelgr\u00e4ber-Orthofoto-GIS-Steiermark-705x499.jpg);\"  title=\"kreisf\u00f6rmige Bewuchsmerkmale &#8211; abgekommene H\u00fcgelgr\u00e4ber &#8211; Orthofoto &#8211; GIS Steiermark\"  ><\/div><\/div><\/figure><\/a><!--end av-masonry entry--><a href=\"http:\/\/www.isbe-archaeologie.at\/wp-content\/uploads\/2015\/02\/lineare-Trockenheitsmerkmale-abgekommene-Geb\u00e4ude-und-Mauern-Orthofoto-GIS-Steiermark-1030x729.jpg\" data-srcset=\"http:\/\/www.isbe-archaeologie.at\/wp-content\/uploads\/2015\/02\/lineare-Trockenheitsmerkmale-abgekommene-Geb\u00e4ude-und-Mauern-Orthofoto-GIS-Steiermark-1030x729.jpg 1030w, http:\/\/www.isbe-archaeologie.at\/wp-content\/uploads\/2015\/02\/lineare-Trockenheitsmerkmale-abgekommene-Geb\u00e4ude-und-Mauern-Orthofoto-GIS-Steiermark-300x212.jpg 300w, http:\/\/www.isbe-archaeologie.at\/wp-content\/uploads\/2015\/02\/lineare-Trockenheitsmerkmale-abgekommene-Geb\u00e4ude-und-Mauern-Orthofoto-GIS-Steiermark-260x185.jpg 260w, http:\/\/www.isbe-archaeologie.at\/wp-content\/uploads\/2015\/02\/lineare-Trockenheitsmerkmale-abgekommene-Geb\u00e4ude-und-Mauern-Orthofoto-GIS-Steiermark-705x499.jpg 705w, http:\/\/www.isbe-archaeologie.at\/wp-content\/uploads\/2015\/02\/lineare-Trockenheitsmerkmale-abgekommene-Geb\u00e4ude-und-Mauern-Orthofoto-GIS-Steiermark-450x318.jpg 450w, http:\/\/www.isbe-archaeologie.at\/wp-content\/uploads\/2015\/02\/lineare-Trockenheitsmerkmale-abgekommene-Geb\u00e4ude-und-Mauern-Orthofoto-GIS-Steiermark.jpg 1169w\" data-sizes=\"(max-width: 1030px) 100vw, 1030px\"  aria-label=\"Bild lineare Trockenheitsmerkmale &#8211; abgekommene Geb\u00e4ude und Mauern &#8211; Orthofoto &#8211; GIS Steiermark\"  id='av-masonry-1-item-3678' data-av-masonry-item='3678' class='av-masonry-entry isotope-item post-3678 attachment type-attachment status-inherit hentry  av-masonry-item-with-image' title=\"lineare Trockenheitsmerkmale &#8211; abgekommene Geb\u00e4ude und Mauern &#8211; Orthofoto &#8211; GIS Steiermark\" alt=\"\"    itemprop=\"thumbnailUrl\" ><div class='av-inner-masonry-sizer'><\/div><figure class='av-inner-masonry main_color'><div class=\"av-masonry-outerimage-container\"><div class='av-masonry-image-container' style=\"background-image: url(http:\/\/www.isbe-archaeologie.at\/wp-content\/uploads\/2015\/02\/lineare-Trockenheitsmerkmale-abgekommene-Geb\u00e4ude-und-Mauern-Orthofoto-GIS-Steiermark-705x499.jpg);\"  title=\"lineare Trockenheitsmerkmale &#8211; abgekommene Geb\u00e4ude und Mauern &#8211; Orthofoto &#8211; GIS Steiermark\"  ><\/div><\/div><\/figure><\/a><!--end av-masonry entry--><a href=\"http:\/\/www.isbe-archaeologie.at\/wp-content\/uploads\/2015\/02\/Siedlungsterrassen-am-Falkenberg-bei-Judenburg-Airborne-Laserscan-GIS-Steiermark-1030x728.jpg\" data-srcset=\"http:\/\/www.isbe-archaeologie.at\/wp-content\/uploads\/2015\/02\/Siedlungsterrassen-am-Falkenberg-bei-Judenburg-Airborne-Laserscan-GIS-Steiermark-1030x728.jpg 1030w, http:\/\/www.isbe-archaeologie.at\/wp-content\/uploads\/2015\/02\/Siedlungsterrassen-am-Falkenberg-bei-Judenburg-Airborne-Laserscan-GIS-Steiermark-300x212.jpg 300w, http:\/\/www.isbe-archaeologie.at\/wp-content\/uploads\/2015\/02\/Siedlungsterrassen-am-Falkenberg-bei-Judenburg-Airborne-Laserscan-GIS-Steiermark-260x185.jpg 260w, http:\/\/www.isbe-archaeologie.at\/wp-content\/uploads\/2015\/02\/Siedlungsterrassen-am-Falkenberg-bei-Judenburg-Airborne-Laserscan-GIS-Steiermark-705x498.jpg 705w, http:\/\/www.isbe-archaeologie.at\/wp-content\/uploads\/2015\/02\/Siedlungsterrassen-am-Falkenberg-bei-Judenburg-Airborne-Laserscan-GIS-Steiermark-450x318.jpg 450w, http:\/\/www.isbe-archaeologie.at\/wp-content\/uploads\/2015\/02\/Siedlungsterrassen-am-Falkenberg-bei-Judenburg-Airborne-Laserscan-GIS-Steiermark.jpg 1169w\" data-sizes=\"(max-width: 1030px) 100vw, 1030px\"  aria-label=\"Bild Siedlungsterrassen am Falkenberg bei Judenburg  -Airborne Laserscan &#8211; GIS Steiermark\"  id='av-masonry-1-item-3679' data-av-masonry-item='3679' class='av-masonry-entry isotope-item post-3679 attachment type-attachment status-inherit hentry  av-masonry-item-with-image' title=\"Siedlungsterrassen am Falkenberg bei Judenburg  -Airborne Laserscan &#8211; GIS Steiermark\" alt=\"\"    itemprop=\"thumbnailUrl\" ><div class='av-inner-masonry-sizer'><\/div><figure class='av-inner-masonry main_color'><div class=\"av-masonry-outerimage-container\"><div class='av-masonry-image-container' style=\"background-image: url(http:\/\/www.isbe-archaeologie.at\/wp-content\/uploads\/2015\/02\/Siedlungsterrassen-am-Falkenberg-bei-Judenburg-Airborne-Laserscan-GIS-Steiermark-705x498.jpg);\"  title=\"Siedlungsterrassen am Falkenberg bei Judenburg  -Airborne Laserscan &#8211; GIS Steiermark\"  ><\/div><\/div><\/figure><\/a><!--end av-masonry entry--><\/div><\/div>\n","protected":false},"excerpt":{"rendered":"","protected":false},"author":1,"featured_media":0,"parent":3523,"menu_order":3,"comment_status":"open","ping_status":"open","template":"","meta":{"footnotes":""},"_links":{"self":[{"href":"http:\/\/www.isbe-archaeologie.at\/index.php?rest_route=\/wp\/v2\/pages\/3673"}],"collection":[{"href":"http:\/\/www.isbe-archaeologie.at\/index.php?rest_route=\/wp\/v2\/pages"}],"about":[{"href":"http:\/\/www.isbe-archaeologie.at\/index.php?rest_route=\/wp\/v2\/types\/page"}],"author":[{"embeddable":true,"href":"http:\/\/www.isbe-archaeologie.at\/index.php?rest_route=\/wp\/v2\/users\/1"}],"replies":[{"embeddable":true,"href":"http:\/\/www.isbe-archaeologie.at\/index.php?rest_route=%2Fwp%2Fv2%2Fcomments&post=3673"}],"version-history":[{"count":11,"href":"http:\/\/www.isbe-archaeologie.at\/index.php?rest_route=\/wp\/v2\/pages\/3673\/revisions"}],"predecessor-version":[{"id":3948,"href":"http:\/\/www.isbe-archaeologie.at\/index.php?rest_route=\/wp\/v2\/pages\/3673\/revisions\/3948"}],"up":[{"embeddable":true,"href":"http:\/\/www.isbe-archaeologie.at\/index.php?rest_route=\/wp\/v2\/pages\/3523"}],"wp:attachment":[{"href":"http:\/\/www.isbe-archaeologie.at\/index.php?rest_route=%2Fwp%2Fv2%2Fmedia&parent=3673"}],"curies":[{"name":"wp","href":"https:\/\/api.w.org\/{rel}","templated":true}]}}