{"id":3684,"date":"2015-02-05T14:56:58","date_gmt":"2015-02-05T14:56:58","guid":{"rendered":"http:\/\/www.isbe-archaeologie.at\/?page_id=3684"},"modified":"2022-01-12T18:12:06","modified_gmt":"2022-01-12T18:12:06","slug":"aktuelles","status":"publish","type":"page","link":"http:\/\/www.isbe-archaeologie.at\/?page_id=3684","title":{"rendered":"Aktuelles"},"content":{"rendered":"\n<style type=\"text\/css\" data-created_by=\"avia_inline_auto\" id=\"style-css-av-av_one_third-6126cab7d8fab8d08143dd2dacdf673c\">\n.flex_column.av-av_one_third-6126cab7d8fab8d08143dd2dacdf673c{\nborder-radius:0px 0px 0px 0px;\npadding:0px 0px 0px 0px;\n}\n<\/style>\n<div  class='flex_column av-av_one_third-6126cab7d8fab8d08143dd2dacdf673c av_one_third  avia-builder-el-0  el_before_av_one_fourth  avia-builder-el-first  first flex_column_div av-zero-column-padding  '     ><section  class='av_textblock_section av-av_textblock-0366cc7376be6c9e82a3e9cc8987b64f '   itemscope=\"itemscope\" itemtype=\"https:\/\/schema.org\/CreativeWork\" ><div class='avia_textblock'  itemprop=\"text\" ><p>ISBE-Forschungsprojekt<\/p>\n<h4><strong>Die R\u00f6merzeit im oberen Murtal und seinen Nebent\u00e4lern<\/strong><\/h4>\n<p><a href=\"http:\/\/www.isbe-archaeologie.at\/?page_id=4860\" target=\"_blank\"><strong>Geophysikalische Prospektion Neumarkter Hochtal\u00a0<\/strong><\/a><\/p>\n<p><a href=\"http:\/\/www.isbe-archaeologie.at\/?page_id=4828\" target=\"_blank\"><strong>Ausgrabungen im Bereich r\u00f6merzeitlichen Siedlungstellen<\/strong><\/a><\/p>\n<p style=\"text-align: justify;\">Das <em>Institut f\u00fcr s\u00fcdostalpine Bronze- und Eisenzeitforschung ISBE<\/em> hat im M\u00e4rz 2021 mit geophysikalischen Prospektionen im Neumarkter Hochtal begonnen. Im August und September fanden Ausgrabungen im Bereich von zwei r\u00f6merzeitlichen Siedlungsstellen in Vockenberg und Mariahof statt.<\/p>\n<\/div><\/section><\/div>\n<style type=\"text\/css\" data-created_by=\"avia_inline_auto\" id=\"style-css-av-av_one_fourth-0aa7055fe62c3622faec82866afbaeb2\">\n.flex_column.av-av_one_fourth-0aa7055fe62c3622faec82866afbaeb2{\nborder-radius:0px 0px 0px 0px;\npadding:0px 0px 0px 0px;\n}\n<\/style>\n<div  class='flex_column av-av_one_fourth-0aa7055fe62c3622faec82866afbaeb2 av_one_fourth  avia-builder-el-2  el_after_av_one_third  el_before_av_one_third  flex_column_div av-zero-column-padding  '     ><style type=\"text\/css\" data-created_by=\"avia_inline_auto\" id=\"style-css-av-av_gallery-50cf1e3edd1c721c01e5ad048916b467\">\n#top .avia-gallery.av-av_gallery-50cf1e3edd1c721c01e5ad048916b467 .avia-gallery-thumb a{\nwidth:100%;\n}\n<\/style>\n<div  class='avia-gallery av-av_gallery-50cf1e3edd1c721c01e5ad048916b467 avia_animate_when_visible  avia-builder-el-3  avia-builder-el-no-sibling  avia_lazyload avia-gallery-animate avia-gallery-1'  itemprop=\"image\" itemscope=\"itemscope\" itemtype=\"https:\/\/schema.org\/ImageObject\" ><meta itemprop=\"contentURL\" content=\"http:\/\/www.isbe-archaeologie.at\/?page_id=3684\"><div class='avia-gallery-thumb'><a href=\"http:\/\/www.isbe-archaeologie.at\/wp-content\/uploads\/2021\/03\/Vockenberg_web.jpg\" data-srcset=\"http:\/\/www.isbe-archaeologie.at\/wp-content\/uploads\/2021\/03\/Vockenberg_web.jpg 886w, http:\/\/www.isbe-archaeologie.at\/wp-content\/uploads\/2021\/03\/Vockenberg_web-300x225.jpg 300w, http:\/\/www.isbe-archaeologie.at\/wp-content\/uploads\/2021\/03\/Vockenberg_web-768x576.jpg 768w, http:\/\/www.isbe-archaeologie.at\/wp-content\/uploads\/2021\/03\/Vockenberg_web-705x529.jpg 705w, http:\/\/www.isbe-archaeologie.at\/wp-content\/uploads\/2021\/03\/Vockenberg_web-450x338.jpg 450w\" data-sizes=\"(max-width: 886px) 100vw, 886px\" data-rel='gallery-1' data-prev-img='http:\/\/www.isbe-archaeologie.at\/wp-content\/uploads\/2021\/03\/Vockenberg_web-495x400.jpg' class='first_thumb lightbox ' data-onclick='1' title='Vockenberg'  itemprop=\"thumbnailUrl\"  ><img decoding=\"async\" fetchpriority=\"high\" class=\"wp-image-4639 avia-img-lazy-loading-not-4639\"  data-avia-tooltip='Vockenberg' src=\"http:\/\/www.isbe-archaeologie.at\/wp-content\/uploads\/2021\/03\/Vockenberg_web-495x400.jpg\" width=\"495\" height=\"400\"  title='Vockenberg_web' alt='' \/><div class='big-prev-fake'><img decoding=\"async\" loading=\"lazy\" class=\"wp-image-4639 avia-img-lazy-loading-4639\"  width=\"495\" height=\"400\" src=\"http:\/\/www.isbe-archaeologie.at\/wp-content\/uploads\/2021\/03\/Vockenberg_web-495x400.jpg\" title='Vockenberg_web' alt='' \/><\/div><\/a><a href=\"http:\/\/www.isbe-archaeologie.at\/wp-content\/uploads\/2021\/03\/Vockenberg_03_09_2021_03.jpg\" data-srcset=\"http:\/\/www.isbe-archaeologie.at\/wp-content\/uploads\/2021\/03\/Vockenberg_03_09_2021_03.jpg 591w, http:\/\/www.isbe-archaeologie.at\/wp-content\/uploads\/2021\/03\/Vockenberg_03_09_2021_03-300x225.jpg 300w, http:\/\/www.isbe-archaeologie.at\/wp-content\/uploads\/2021\/03\/Vockenberg_03_09_2021_03-450x337.jpg 450w\" data-sizes=\"(max-width: 591px) 100vw, 591px\" data-rel='gallery-1' data-prev-img='http:\/\/www.isbe-archaeologie.at\/wp-content\/uploads\/2021\/03\/Vockenberg_03_09_2021_03-495x400.jpg' class='first_thumb lightbox ' data-onclick='2' title='R\u00f6merzeitliche Mauern Vockenberg'  itemprop=\"thumbnailUrl\"  ><img decoding=\"async\" fetchpriority=\"high\" class=\"wp-image-4798 avia-img-lazy-loading-not-4798\"  data-avia-tooltip='R\u00f6merzeitliche Mauern Vockenberg' src=\"http:\/\/www.isbe-archaeologie.at\/wp-content\/uploads\/2021\/03\/Vockenberg_03_09_2021_03-495x400.jpg\" width=\"495\" height=\"400\"  title='Vockenberg_03_09_2021_03' alt='' \/><div class='big-prev-fake'><img decoding=\"async\" loading=\"lazy\" class=\"wp-image-4798 avia-img-lazy-loading-4798\"  width=\"495\" height=\"400\" src=\"http:\/\/www.isbe-archaeologie.at\/wp-content\/uploads\/2021\/03\/Vockenberg_03_09_2021_03-495x400.jpg\" title='Vockenberg_03_09_2021_03' alt='' \/><\/div><\/a><\/div><\/div><\/div><\/p>\n\n<style type=\"text\/css\" data-created_by=\"avia_inline_auto\" id=\"style-css-av-av_one_third-0aa7055fe62c3622faec82866afbaeb2\">\n.flex_column.av-av_one_third-0aa7055fe62c3622faec82866afbaeb2{\nborder-radius:0px 0px 0px 0px;\npadding:0px 0px 0px 0px;\n}\n<\/style>\n<div  class='flex_column av-av_one_third-0aa7055fe62c3622faec82866afbaeb2 av_one_third  avia-builder-el-4  el_after_av_one_fourth  el_before_av_one_third  flex_column_div av-zero-column-padding  '     ><section  class='av_textblock_section av-av_textblock-0366cc7376be6c9e82a3e9cc8987b64f '   itemscope=\"itemscope\" itemtype=\"https:\/\/schema.org\/CreativeWork\" ><div class='avia_textblock'  itemprop=\"text\" ><h5 style=\"text-align: center;\"><strong>Arch\u00e4ologische Untersuchungen im r\u00f6merzeitlichen Heiligtum Knappenberg\/K\u00e4rnten<\/strong><\/h5>\n<p style=\"text-align: center;\">2019 bis 2021<\/p>\n<div id=\"attachment_4812\" style=\"width: 310px\" class=\"wp-caption aligncenter\"><a href=\"http:\/\/www.isbe-archaeologie.at\/wp-content\/uploads\/2015\/02\/Ausgrabung-Knappenberg-\u00c4dikula-1-und-2-mit-Temenosmauer-2021-\u00a9-ISBE.jpg\"><img loading=\"lazy\" decoding=\"async\" aria-describedby=\"caption-attachment-4812\" class=\"size-medium wp-image-4812\" src=\"http:\/\/www.isbe-archaeologie.at\/wp-content\/uploads\/2015\/02\/Ausgrabung-Knappenberg-\u00c4dikula-1-und-2-mit-Temenosmauer-2021-\u00a9-ISBE-300x225.jpg\" alt=\"\u00c4dikula I und II und Umfassungsmauer\" width=\"300\" height=\"225\" srcset=\"http:\/\/www.isbe-archaeologie.at\/wp-content\/uploads\/2015\/02\/Ausgrabung-Knappenberg-\u00c4dikula-1-und-2-mit-Temenosmauer-2021-\u00a9-ISBE-300x225.jpg 300w, http:\/\/www.isbe-archaeologie.at\/wp-content\/uploads\/2015\/02\/Ausgrabung-Knappenberg-\u00c4dikula-1-und-2-mit-Temenosmauer-2021-\u00a9-ISBE-768x577.jpg 768w, http:\/\/www.isbe-archaeologie.at\/wp-content\/uploads\/2015\/02\/Ausgrabung-Knappenberg-\u00c4dikula-1-und-2-mit-Temenosmauer-2021-\u00a9-ISBE-705x529.jpg 705w, http:\/\/www.isbe-archaeologie.at\/wp-content\/uploads\/2015\/02\/Ausgrabung-Knappenberg-\u00c4dikula-1-und-2-mit-Temenosmauer-2021-\u00a9-ISBE-450x338.jpg 450w, http:\/\/www.isbe-archaeologie.at\/wp-content\/uploads\/2015\/02\/Ausgrabung-Knappenberg-\u00c4dikula-1-und-2-mit-Temenosmauer-2021-\u00a9-ISBE.jpg 787w\" sizes=\"(max-width: 300px) 100vw, 300px\" \/><\/a><p id=\"caption-attachment-4812\" class=\"wp-caption-text\">\u00c4dikula I und II und Umfassungsmauer<\/p><\/div>\n<p style=\"text-align: left;\">\n<\/div><\/section><br \/>\n<div  class='avia-button-wrap av-av_button-20fddb54b4e2ffe3b8d06e385aeecb0b-wrap avia-button-center  avia-builder-el-6  el_after_av_textblock  avia-builder-el-last '><a href='http:\/\/www.isbe-archaeologie.at\/?page_id=4681'  class='avia-button av-av_button-20fddb54b4e2ffe3b8d06e385aeecb0b av-link-btn avia-icon_select-yes-right-icon avia-size-small avia-position-center avia-color-theme-color'  target=\"_blank\"  rel=\"noopener noreferrer\" ><span class='avia_iconbox_title' >Mehr lesen<\/span><span class='avia_button_icon avia_button_icon_right' aria-hidden='true' data-av_icon='\ue832' data-av_iconfont='entypo-fontello'><\/span><\/a><\/div><\/p><\/div>\n\n<style type=\"text\/css\" data-created_by=\"avia_inline_auto\" id=\"style-css-av-av_one_third-6126cab7d8fab8d08143dd2dacdf673c\">\n.flex_column.av-av_one_third-6126cab7d8fab8d08143dd2dacdf673c{\nborder-radius:0px 0px 0px 0px;\npadding:0px 0px 0px 0px;\n}\n<\/style>\n<div  class='flex_column av-av_one_third-6126cab7d8fab8d08143dd2dacdf673c av_one_third  avia-builder-el-7  el_after_av_one_third  el_before_av_one_fifth  first flex_column_div av-zero-column-padding  column-top-margin'     ><section  class='av_textblock_section av-av_textblock-0366cc7376be6c9e82a3e9cc8987b64f '   itemscope=\"itemscope\" itemtype=\"https:\/\/schema.org\/CreativeWork\" ><div class='avia_textblock'  itemprop=\"text\" ><h4>Neuerscheinung<\/h4>\n<p><strong>Martin Bertha<\/strong><\/p>\n<p><strong>Der Burgberg vor der Burg<\/strong><\/p>\n<p>Die urgeschichtliche Besiedlung des Eppensteiner Burgberges anhand der Surveyfunde der Jahre 2011 &#8211; 2013<\/p>\n<p style=\"text-align: justify;\">Im Zuge der Forschungen auf der Burgruine Eppenstein (MG Wei\u00dfkirchen in Steiermark) wurden in den Jahren 2011 bis 2013 umfangreiche Begehungen der umliegenden Bergh\u00e4nge durchgef\u00fchrt, die eine gro\u00dfe Menge an Keramikfragmenten erbrachten. Sie erm\u00f6glichen einen einzigartigen Einblick in die weit zur\u00fcckreichende Besiedlungsgeschichte dieses markanten Felsr\u00fcckens, die bereits mit den ersten b\u00e4uerlichen Siedlern des ausgehenden Neolithikums einsetzt. Im Laufe der folgenden Jahrtausende wurde der Eppensteiner Burgberg immer wieder Ziel unterschiedlicher Gruppen, denen der schroffe Berg als Siedlungsplatz diente.<\/p>\n<p>Publikation der<em> <a href=\"https:\/\/www.hlk.steiermark.at\/cms\/beitrag\/12828053\/147002709\/\" target=\"_blank\" rel=\"noopener\">Historischen Landeskommission f\u00fcr Steiermark<\/a><\/em><\/p>\n<\/div><\/section><\/div>\n\n<style type=\"text\/css\" data-created_by=\"avia_inline_auto\" id=\"style-css-av-av_one_fifth-0aa7055fe62c3622faec82866afbaeb2\">\n.flex_column.av-av_one_fifth-0aa7055fe62c3622faec82866afbaeb2{\nborder-radius:0px 0px 0px 0px;\npadding:0px 0px 0px 0px;\n}\n<\/style>\n<div  class='flex_column av-av_one_fifth-0aa7055fe62c3622faec82866afbaeb2 av_one_fifth  avia-builder-el-9  el_after_av_one_third  avia-builder-el-last  flex_column_div av-zero-column-padding  column-top-margin'     ><p>\n<style type=\"text\/css\" data-created_by=\"avia_inline_auto\" id=\"style-css-av-av_image-bf377b174c8b084682f247f201b0bef2\">\n.avia-image-container.av-av_image-bf377b174c8b084682f247f201b0bef2 img.avia_image{\nbox-shadow:none;\n}\n.avia-image-container.av-av_image-bf377b174c8b084682f247f201b0bef2 .av-image-caption-overlay-center{\ncolor:#ffffff;\n}\n<\/style>\n<div  class='avia-image-container av-av_image-bf377b174c8b084682f247f201b0bef2 av-styling- avia-align-center  avia-builder-el-10  el_before_av_button  avia-builder-el-first '   itemprop=\"image\" itemscope=\"itemscope\" itemtype=\"https:\/\/schema.org\/ImageObject\" ><div class=\"avia-image-container-inner\"><div class=\"avia-image-overlay-wrap\"><img decoding=\"async\" fetchpriority=\"high\" class='wp-image-4674 avia-img-lazy-loading-not-4674 avia_image ' src=\"http:\/\/www.isbe-archaeologie.at\/wp-content\/uploads\/2015\/02\/Cover_F090-211x300.jpg\" alt='' title='Cover_F090'  height=\"300\" width=\"211\"  itemprop=\"thumbnailUrl\" srcset=\"http:\/\/www.isbe-archaeologie.at\/wp-content\/uploads\/2015\/02\/Cover_F090-211x300.jpg 211w, http:\/\/www.isbe-archaeologie.at\/wp-content\/uploads\/2015\/02\/Cover_F090-768x1094.jpg 768w, http:\/\/www.isbe-archaeologie.at\/wp-content\/uploads\/2015\/02\/Cover_F090-723x1030.jpg 723w, http:\/\/www.isbe-archaeologie.at\/wp-content\/uploads\/2015\/02\/Cover_F090-1053x1500.jpg 1053w, http:\/\/www.isbe-archaeologie.at\/wp-content\/uploads\/2015\/02\/Cover_F090-495x705.jpg 495w, http:\/\/www.isbe-archaeologie.at\/wp-content\/uploads\/2015\/02\/Cover_F090-450x641.jpg 450w\" sizes=\"(max-width: 211px) 100vw, 211px\" \/><\/div><\/div><\/div><br \/>\n<div  class='avia-button-wrap av-av_button-a2978fbd8e94ffd6a0aca46ffeaca563-wrap avia-button-center  avia-builder-el-11  el_after_av_image  avia-builder-el-last '><a href='https:\/\/www.hlk.steiermark.at\/cms\/beitrag\/12830556\/153524465\/#tb2' class='avia-button av-av_button-a2978fbd8e94ffd6a0aca46ffeaca563 av-link-btn avia-icon_select-yes-right-icon avia-size-small avia-position-center avia-color-theme-color' target=\"_blank\" rel=\"noopener noreferrer\"><span class='avia_iconbox_title' >Mehr zum Buch<\/span><span class='avia_button_icon avia_button_icon_right' aria-hidden='true' data-av_icon='\ue832' data-av_iconfont='entypo-fontello'><\/span><\/a><\/div><\/p><\/div>\n","protected":false},"excerpt":{"rendered":"","protected":false},"author":1,"featured_media":0,"parent":0,"menu_order":2,"comment_status":"open","ping_status":"open","template":"","meta":{"footnotes":""},"_links":{"self":[{"href":"http:\/\/www.isbe-archaeologie.at\/index.php?rest_route=\/wp\/v2\/pages\/3684"}],"collection":[{"href":"http:\/\/www.isbe-archaeologie.at\/index.php?rest_route=\/wp\/v2\/pages"}],"about":[{"href":"http:\/\/www.isbe-archaeologie.at\/index.php?rest_route=\/wp\/v2\/types\/page"}],"author":[{"embeddable":true,"href":"http:\/\/www.isbe-archaeologie.at\/index.php?rest_route=\/wp\/v2\/users\/1"}],"replies":[{"embeddable":true,"href":"http:\/\/www.isbe-archaeologie.at\/index.php?rest_route=%2Fwp%2Fv2%2Fcomments&post=3684"}],"version-history":[{"count":180,"href":"http:\/\/www.isbe-archaeologie.at\/index.php?rest_route=\/wp\/v2\/pages\/3684\/revisions"}],"predecessor-version":[{"id":4882,"href":"http:\/\/www.isbe-archaeologie.at\/index.php?rest_route=\/wp\/v2\/pages\/3684\/revisions\/4882"}],"wp:attachment":[{"href":"http:\/\/www.isbe-archaeologie.at\/index.php?rest_route=%2Fwp%2Fv2%2Fmedia&parent=3684"}],"curies":[{"name":"wp","href":"https:\/\/api.w.org\/{rel}","templated":true}]}}