{"id":3827,"date":"2015-02-09T15:11:01","date_gmt":"2015-02-09T15:11:01","guid":{"rendered":"http:\/\/www.isbe-archaeologie.at\/?page_id=3827"},"modified":"2015-02-10T16:52:40","modified_gmt":"2015-02-10T16:52:40","slug":"georadarmessungen","status":"publish","type":"page","link":"http:\/\/www.isbe-archaeologie.at\/?page_id=3827","title":{"rendered":"Georadarmessungen"},"content":{"rendered":"<div  class='flex_column av-av_one_full-2a9015ff38129c418a3f2eafba3e9512 av_one_full  avia-builder-el-0  el_before_av_masonry_gallery  avia-builder-el-no-sibling  first flex_column_div  '     ><section  class='av_textblock_section av-av_textblock-0366cc7376be6c9e82a3e9cc8987b64f '   itemscope=\"itemscope\" itemtype=\"https:\/\/schema.org\/CreativeWork\" ><div class='avia_textblock'  itemprop=\"text\" ><p style=\"text-align: justify;\">Georadar oder Ground-Penetrating-Radar (GPRS) ist eine zerst\u00f6rungsfreie\u00a0Methode zur Erkundung\u00a0des bodennahen Untergrundes\u00a0mittels\u00a0elektromagnetischer Wellen. Die in den Boden gesandten Impulse werden durch die sich in der Tiefe befindenden, unterschiedlichen Materialien reflektiert, zur\u00fcck gesandt und von einer Aufnahmestation gespeichert. Die solcherma\u00dfen gewonnenen Daten k\u00f6nnen im Anschluss ausgewertet und interpretiert werden.<\/p>\n<p style=\"text-align: justify;\">K\u00fcnstlich\u00a0erzeugte Strukturen, wie Mauern, Gr\u00e4ben, Feuerstellen, etc., unterscheiden sich durch ihre besondere Beschaffenheit deutlich vom \u00fcbrigen Untergrund. Daher eignet sich\u00a0diese Methode ausgezeichnet zur Lokalisierung von arch\u00e4ologischen Fundstellen und eine ersten Feststellung ihrer Beschaffenheit ohne Bodeneingriffe durchf\u00fchren zu m\u00fcssen.<\/p>\n<p style=\"text-align: justify;\"><a href=\"http:\/\/www.nicolekamp.com\" target=\"_blank\" rel=\"noopener\">Nicole Kamp<\/a> (<em>Universit\u00e4t Graz, Institut f\u00fcr Geographie und Raumforschung, ALADYN Arbeitsgruppe<\/em>) f\u00fchrt\u00a0im Rahmen ihrer Dissertation in Zusammenhang mit den Projekten des <span style=\"color: #940614;\"><em>Institutes f\u00fcr s\u00fcdostalpine Bronze- und Eisenzeitforschung<\/em> <\/span>Georadarmessungen durch. Die im Vorfeld gewonnenen Ergebnisse dieser Messkampagnen bilden\u00a0einerseits eine\u00a0effiziente Grundlage f\u00fcr jede darauf folgende Ausgrabung, andererseits liefern die im Zuge der letzteren festgestellten Befunde wiederum eine perfekte Basis um die Interpretation von Messergebnissen zu perfektionieren.<\/p>\n<\/div><\/section><\/div><div id='av-masonry-1' class='av-masonry av-av_masonry_gallery-8e324d3b94d687d5082865c7581b55e0 noHover av-fixed-size av-1px-gap av-hover-overlay- av-masonry-animation-active av-masonry-col-6 av-caption-always av-caption-style- av-masonry-gallery ' data-post_id=\"3827\"><div class=\"av-masonry-container isotope av-js-disabled\"><div class='av-masonry-entry isotope-item av-masonry-item-no-image '><\/div><a href=\"http:\/\/www.isbe-archaeologie.at\/wp-content\/uploads\/2015\/02\/Georadarmessung-in-Strettweg-Tumulus-III-690x1030.jpg\" data-srcset=\"http:\/\/www.isbe-archaeologie.at\/wp-content\/uploads\/2015\/02\/Georadarmessung-in-Strettweg-Tumulus-III-690x1030.jpg 690w, http:\/\/www.isbe-archaeologie.at\/wp-content\/uploads\/2015\/02\/Georadarmessung-in-Strettweg-Tumulus-III-201x300.jpg 201w, http:\/\/www.isbe-archaeologie.at\/wp-content\/uploads\/2015\/02\/Georadarmessung-in-Strettweg-Tumulus-III-472x705.jpg 472w, http:\/\/www.isbe-archaeologie.at\/wp-content\/uploads\/2015\/02\/Georadarmessung-in-Strettweg-Tumulus-III-450x672.jpg 450w, http:\/\/www.isbe-archaeologie.at\/wp-content\/uploads\/2015\/02\/Georadarmessung-in-Strettweg-Tumulus-III.jpg 791w\" data-sizes=\"(max-width: 690px) 100vw, 690px\"  aria-label=\"Bild Georadarmessung in Strettweg\"  id='av-masonry-1-item-3835' data-av-masonry-item='3835' class='av-masonry-entry isotope-item post-3835 attachment type-attachment status-inherit hentry  av-masonry-item-with-image' title=\"Georadarmessung in Strettweg\" alt=\"\"    itemprop=\"thumbnailUrl\" ><div class='av-inner-masonry-sizer'><\/div><figure class='av-inner-masonry main_color'><div class=\"av-masonry-outerimage-container\"><div class='av-masonry-image-container' style=\"background-image: url(http:\/\/www.isbe-archaeologie.at\/wp-content\/uploads\/2015\/02\/Georadarmessung-in-Strettweg-Tumulus-III-472x705.jpg);\"  title=\"Georadarmessung in Strettweg\"  ><\/div><\/div><\/figure><\/a><!--end av-masonry entry--><a href=\"http:\/\/www.isbe-archaeologie.at\/wp-content\/uploads\/2015\/02\/Setzen-der-Messpunkte-mittels-GPS-1030x978.jpg\" data-srcset=\"http:\/\/www.isbe-archaeologie.at\/wp-content\/uploads\/2015\/02\/Setzen-der-Messpunkte-mittels-GPS-1030x978.jpg 1030w, http:\/\/www.isbe-archaeologie.at\/wp-content\/uploads\/2015\/02\/Setzen-der-Messpunkte-mittels-GPS-300x285.jpg 300w, http:\/\/www.isbe-archaeologie.at\/wp-content\/uploads\/2015\/02\/Setzen-der-Messpunkte-mittels-GPS-705x669.jpg 705w, http:\/\/www.isbe-archaeologie.at\/wp-content\/uploads\/2015\/02\/Setzen-der-Messpunkte-mittels-GPS-450x427.jpg 450w, http:\/\/www.isbe-archaeologie.at\/wp-content\/uploads\/2015\/02\/Setzen-der-Messpunkte-mittels-GPS.jpg 1181w\" data-sizes=\"(max-width: 1030px) 100vw, 1030px\"  aria-label=\"Bild Setzen der Messpunkte mittels GPS\"  id='av-masonry-1-item-3833' data-av-masonry-item='3833' class='av-masonry-entry isotope-item post-3833 attachment type-attachment status-inherit hentry  av-masonry-item-with-image' title=\"Setzen der Messpunkte mittels GPS\" alt=\"\"    itemprop=\"thumbnailUrl\" ><div class='av-inner-masonry-sizer'><\/div><figure class='av-inner-masonry main_color'><div class=\"av-masonry-outerimage-container\"><div class='av-masonry-image-container' style=\"background-image: url(http:\/\/www.isbe-archaeologie.at\/wp-content\/uploads\/2015\/02\/Setzen-der-Messpunkte-mittels-GPS-705x669.jpg);\"  title=\"Setzen der Messpunkte mittels GPS\"  ><\/div><\/div><\/figure><\/a><!--end av-masonry entry--><a href=\"http:\/\/www.isbe-archaeologie.at\/wp-content\/uploads\/2015\/02\/Georadarmessung-mittels-Handmessger\u00e4t-ZAMG.jpg\" data-srcset=\"http:\/\/www.isbe-archaeologie.at\/wp-content\/uploads\/2015\/02\/Georadarmessung-mittels-Handmessger\u00e4t-ZAMG.jpg 341w, http:\/\/www.isbe-archaeologie.at\/wp-content\/uploads\/2015\/02\/Georadarmessung-mittels-Handmessger\u00e4t-ZAMG-300x225.jpg 300w\" data-sizes=\"(max-width: 341px) 100vw, 341px\"  aria-label=\"Bild Georadarmessung mittels Handmessger\u00e4t &#8211; ZAMG\"  id='av-masonry-1-item-3832' data-av-masonry-item='3832' class='av-masonry-entry isotope-item post-3832 attachment type-attachment status-inherit hentry  av-masonry-item-with-image' title=\"Georadarmessung mittels Handmessger\u00e4t &#8211; ZAMG\" alt=\"\"    itemprop=\"thumbnailUrl\" ><div class='av-inner-masonry-sizer'><\/div><figure class='av-inner-masonry main_color'><div class=\"av-masonry-outerimage-container\"><div class='av-masonry-image-container' style=\"background-image: url(http:\/\/www.isbe-archaeologie.at\/wp-content\/uploads\/2015\/02\/Georadarmessung-mittels-Handmessger\u00e4t-ZAMG.jpg);\"  title=\"Georadarmessung mittels Handmessger\u00e4t &#8211; ZAMG\"  ><\/div><\/div><\/figure><\/a><!--end av-masonry entry--><a href=\"http:\/\/www.isbe-archaeologie.at\/wp-content\/uploads\/2015\/02\/Georadarmessung-mit-nachgezogenem-Schlitten1-1030x770.jpg\" data-srcset=\"http:\/\/www.isbe-archaeologie.at\/wp-content\/uploads\/2015\/02\/Georadarmessung-mit-nachgezogenem-Schlitten1-1030x770.jpg 1030w, http:\/\/www.isbe-archaeologie.at\/wp-content\/uploads\/2015\/02\/Georadarmessung-mit-nachgezogenem-Schlitten1-300x224.jpg 300w, http:\/\/www.isbe-archaeologie.at\/wp-content\/uploads\/2015\/02\/Georadarmessung-mit-nachgezogenem-Schlitten1-705x527.jpg 705w, http:\/\/www.isbe-archaeologie.at\/wp-content\/uploads\/2015\/02\/Georadarmessung-mit-nachgezogenem-Schlitten1-450x336.jpg 450w, http:\/\/www.isbe-archaeologie.at\/wp-content\/uploads\/2015\/02\/Georadarmessung-mit-nachgezogenem-Schlitten1.jpg 1181w\" data-sizes=\"(max-width: 1030px) 100vw, 1030px\"  aria-label=\"Bild Georadarmessung mit nachgezogenem Schlitten\"  id='av-masonry-1-item-3831' data-av-masonry-item='3831' class='av-masonry-entry isotope-item post-3831 attachment type-attachment status-inherit hentry  av-masonry-item-with-image' title=\"Georadarmessung mit nachgezogenem Schlitten\" alt=\"\"    itemprop=\"thumbnailUrl\" ><div class='av-inner-masonry-sizer'><\/div><figure class='av-inner-masonry main_color'><div class=\"av-masonry-outerimage-container\"><div class='av-masonry-image-container' style=\"background-image: url(http:\/\/www.isbe-archaeologie.at\/wp-content\/uploads\/2015\/02\/Georadarmessung-mit-nachgezogenem-Schlitten1-705x527.jpg);\"  title=\"Georadarmessung mit nachgezogenem Schlitten\"  ><\/div><\/div><\/figure><\/a><!--end av-masonry entry--><a href=\"http:\/\/www.isbe-archaeologie.at\/wp-content\/uploads\/2015\/02\/Bodenradarmessung-in-Strettweg-ZAMG-1030x690.jpg\" data-srcset=\"http:\/\/www.isbe-archaeologie.at\/wp-content\/uploads\/2015\/02\/Bodenradarmessung-in-Strettweg-ZAMG-1030x690.jpg 1030w, http:\/\/www.isbe-archaeologie.at\/wp-content\/uploads\/2015\/02\/Bodenradarmessung-in-Strettweg-ZAMG-300x201.jpg 300w, http:\/\/www.isbe-archaeologie.at\/wp-content\/uploads\/2015\/02\/Bodenradarmessung-in-Strettweg-ZAMG-705x472.jpg 705w, http:\/\/www.isbe-archaeologie.at\/wp-content\/uploads\/2015\/02\/Bodenradarmessung-in-Strettweg-ZAMG-450x301.jpg 450w, http:\/\/www.isbe-archaeologie.at\/wp-content\/uploads\/2015\/02\/Bodenradarmessung-in-Strettweg-ZAMG.jpg 1181w\" data-sizes=\"(max-width: 1030px) 100vw, 1030px\"  aria-label=\"Bild Bodenradarmessung in Strettweg &#8211; ZAMG\"  id='av-masonry-1-item-3830' data-av-masonry-item='3830' class='av-masonry-entry isotope-item post-3830 attachment type-attachment status-inherit hentry  av-masonry-item-with-image' title=\"Bodenradarmessung in Strettweg &#8211; ZAMG\" alt=\"\"    itemprop=\"thumbnailUrl\" ><div class='av-inner-masonry-sizer'><\/div><figure class='av-inner-masonry main_color'><div class=\"av-masonry-outerimage-container\"><div class='av-masonry-image-container' style=\"background-image: url(http:\/\/www.isbe-archaeologie.at\/wp-content\/uploads\/2015\/02\/Bodenradarmessung-in-Strettweg-ZAMG-705x472.jpg);\"  title=\"Bodenradarmessung in Strettweg &#8211; ZAMG\"  ><\/div><\/div><\/figure><\/a><!--end av-masonry entry--><a href=\"http:\/\/www.isbe-archaeologie.at\/wp-content\/uploads\/2015\/02\/Bodenradar-Messbild-eines-hallstattzeitlichen-H\u00fcgelgrabes.jpg\" data-srcset=\"http:\/\/www.isbe-archaeologie.at\/wp-content\/uploads\/2015\/02\/Bodenradar-Messbild-eines-hallstattzeitlichen-H\u00fcgelgrabes.jpg 707w, http:\/\/www.isbe-archaeologie.at\/wp-content\/uploads\/2015\/02\/Bodenradar-Messbild-eines-hallstattzeitlichen-H\u00fcgelgrabes-300x265.jpg 300w, http:\/\/www.isbe-archaeologie.at\/wp-content\/uploads\/2015\/02\/Bodenradar-Messbild-eines-hallstattzeitlichen-H\u00fcgelgrabes-705x623.jpg 705w, http:\/\/www.isbe-archaeologie.at\/wp-content\/uploads\/2015\/02\/Bodenradar-Messbild-eines-hallstattzeitlichen-H\u00fcgelgrabes-450x398.jpg 450w\" data-sizes=\"(max-width: 707px) 100vw, 707px\"  aria-label=\"Bild Bodenradar &#8211; Messbild eines hallstattzeitlichen H\u00fcgelgrabes\"  id='av-masonry-1-item-3828' data-av-masonry-item='3828' class='av-masonry-entry isotope-item post-3828 attachment type-attachment status-inherit hentry  av-masonry-item-with-image' title=\"Bodenradar &#8211; Messbild eines hallstattzeitlichen H\u00fcgelgrabes\" alt=\"\"    itemprop=\"thumbnailUrl\" ><div class='av-inner-masonry-sizer'><\/div><figure class='av-inner-masonry main_color'><div class=\"av-masonry-outerimage-container\"><div class='av-masonry-image-container' style=\"background-image: url(http:\/\/www.isbe-archaeologie.at\/wp-content\/uploads\/2015\/02\/Bodenradar-Messbild-eines-hallstattzeitlichen-H\u00fcgelgrabes-705x623.jpg);\"  title=\"Bodenradar &#8211; Messbild eines hallstattzeitlichen H\u00fcgelgrabes\"  ><\/div><\/div><\/figure><\/a><!--end av-masonry entry--><\/div><\/div><\/p>\n","protected":false},"excerpt":{"rendered":"","protected":false},"author":1,"featured_media":0,"parent":3523,"menu_order":0,"comment_status":"open","ping_status":"open","template":"","meta":{"footnotes":""},"_links":{"self":[{"href":"http:\/\/www.isbe-archaeologie.at\/index.php?rest_route=\/wp\/v2\/pages\/3827"}],"collection":[{"href":"http:\/\/www.isbe-archaeologie.at\/index.php?rest_route=\/wp\/v2\/pages"}],"about":[{"href":"http:\/\/www.isbe-archaeologie.at\/index.php?rest_route=\/wp\/v2\/types\/page"}],"author":[{"embeddable":true,"href":"http:\/\/www.isbe-archaeologie.at\/index.php?rest_route=\/wp\/v2\/users\/1"}],"replies":[{"embeddable":true,"href":"http:\/\/www.isbe-archaeologie.at\/index.php?rest_route=%2Fwp%2Fv2%2Fcomments&post=3827"}],"version-history":[{"count":17,"href":"http:\/\/www.isbe-archaeologie.at\/index.php?rest_route=\/wp\/v2\/pages\/3827\/revisions"}],"predecessor-version":[{"id":3937,"href":"http:\/\/www.isbe-archaeologie.at\/index.php?rest_route=\/wp\/v2\/pages\/3827\/revisions\/3937"}],"up":[{"embeddable":true,"href":"http:\/\/www.isbe-archaeologie.at\/index.php?rest_route=\/wp\/v2\/pages\/3523"}],"wp:attachment":[{"href":"http:\/\/www.isbe-archaeologie.at\/index.php?rest_route=%2Fwp%2Fv2%2Fmedia&parent=3827"}],"curies":[{"name":"wp","href":"https:\/\/api.w.org\/{rel}","templated":true}]}}