{"id":3959,"date":"2015-03-12T09:04:35","date_gmt":"2015-03-12T09:04:35","guid":{"rendered":"http:\/\/www.isbe-archaeologie.at\/?page_id=3959"},"modified":"2015-03-12T09:23:19","modified_gmt":"2015-03-12T09:23:19","slug":"sponsoring","status":"publish","type":"page","link":"http:\/\/www.isbe-archaeologie.at\/?page_id=3959","title":{"rendered":"Sponsoring"},"content":{"rendered":"<section  class='av_textblock_section av-av_textblock-0366cc7376be6c9e82a3e9cc8987b64f '   itemscope=\"itemscope\" itemtype=\"https:\/\/schema.org\/CreativeWork\" ><div class='avia_textblock'  itemprop=\"text\" ><p style=\"text-align: justify;\">Durch Ihr Sponsoring unterst\u00fctzen Sie die Forschungst\u00e4tigkeiten, Ausgrabungen, Restaurierungen und Publikationen des <strong><em><span style=\"color: #940614;\">Institutes f\u00fcr<\/span> <span style=\"color: #940614;\">s\u00fcdostalpine Bronze- und Eisenzeitforschung ISBE<\/span><\/em><\/strong>. Im Folgenden finden Sie unterschiedliche Sponsorenpakete, die auf Anfrage jedoch auch gerne Ihren pers\u00f6nlichen W\u00fcnschen entsprechend abge\u00e4ndert werden k\u00f6nnen:<\/p>\n<ol style=\"text-align: justify;\">\n<li>Sponsorenlogo auf Folder und Homepage, Transparent des Sponsors auf der Ausgrabung *<\/li>\n<li>Sponsorenlogo auf Folder, Publikationen und Homepage, Transparent des Sponsors auf der Ausgrabung *<\/li>\n<li>Sponsorenlogo auf Folder, Publikationen und Homepage, Transparent des Sponsors auf der Ausgrabung, Sequenz im Grabungsvideo *<\/li>\n<li>Sponsorentag: Spezialf\u00fchrung auf der Ausgrabung f\u00fcr den Sponsor mit Mitarbeitern, Kunden, Freunden\u2026 (Teilnahme auf eigene Gefahr); oder: Vortrag in den R\u00e4umlichkeiten des Sponsors; zus\u00e4tzlich: Sponsorenlogo auf Folder und Homepage, Transparent des Sponsors auf der Ausgrabung, Sequenz im Grabungsvideo *<\/li>\n<li>Spezieller Firmen-\/Sponsorentag (max. 30 Teilnehmer): Wanderung auf den Falkenberg bei Strettweg (hallstattzeitliche Siedlung und Grabh\u00fcgel) mit fachspezifischer F\u00fchrung; Imbiss im Gel\u00e4nde; F\u00fchrung auf der Ausgrabung; kurze Videodokumentation dieses Tages (Dauer: 5\u201310 Minuten, zur freien Verwendung); (Teilnahme auf eigene Gefahr); zus\u00e4tzlich: Sponsorenlogo auf Folder, Publikationen und Homepage, Transparent des Sponsors auf der Ausgrabung *<\/li>\n<li>F\u00fchrung f\u00fcr Firmen\/Organisationen (max. 30 Teilnehmer): Spezialf\u00fchrung auf der Ausgrabung; Imbiss im Gel\u00e4nde (Teilnahme auf eigene Gefahr)<\/li>\n<li>Vortrag (ev. mit speziell abgestimmtem Themenschwerpunkt)<\/li>\n<li>Schnuppertag\/Mitarbeit bei einer Ausgrabung (max. zwei Personen; k\u00f6rperliche und gesundheitliche Eignung vorausgesetzt! Teilnahme auf eigene Gefahr)<\/li>\n<li>Sponsoring einer gesamten Ausgrabung<\/li>\n<\/ol>\n<p style=\"text-align: justify;\">* Wir bitten um Bereitstellung von Logos und Transparenten von Seiten des Sponsors.<\/p>\n<p style=\"text-align: justify;\">Witterungsbedingt k\u00f6nnten sich f\u00fcr die F\u00fchrungen im Gel\u00e4nde und auf der Ausgrabung (Punkt 4\u20136) Einschr\u00e4nkungen ergeben.\u00a0 F\u00fcr weitere Informationen, Ausk\u00fcnfte und Terminvereinbarungen stehen wir Ihnen gerne zur Verf\u00fcgung:<\/p>\n<p style=\"text-align: center;\">Mail: <a href=\"mailto:office@isbe-archaeologie.at\">office@isbe-archaeologie.at<\/a><\/p>\n<p style=\"text-align: center;\">Tel.: <a href=\"tel:+43(0)699%20125 875 60\">+43(0)699 125 875 60<\/a> oder <a href=\"tel:+43(0)699%20125 875 59\">+43(0)699 125 875 59<\/a><\/p>\n<p style=\"text-align: center;\">Mit herzlichem Dank f\u00fcr Ihr Interesse, das ISBE-Team!<\/p>\n<\/div><\/section>\n<div id='av-masonry-1' class='av-masonry av-av_masonry_gallery-6cc0df943f13ef6a222929411ff98fe5 noHover av-fixed-size av-1px-gap av-hover-overlay- av-masonry-animation-active av-masonry-col-6 av-caption-always av-caption-style- av-masonry-gallery ' data-post_id=\"3959\"><div class=\"av-masonry-container isotope av-js-disabled\"><div class='av-masonry-entry isotope-item av-masonry-item-no-image '><\/div><a href=\"http:\/\/www.isbe-archaeologie.at\/wp-content\/uploads\/2015\/02\/der-Falkenberg-vom-Stadtturm-in-Judenburg-aus-gesehen-1030x690.jpg\" data-srcset=\"http:\/\/www.isbe-archaeologie.at\/wp-content\/uploads\/2015\/02\/der-Falkenberg-vom-Stadtturm-in-Judenburg-aus-gesehen-1030x690.jpg 1030w, http:\/\/www.isbe-archaeologie.at\/wp-content\/uploads\/2015\/02\/der-Falkenberg-vom-Stadtturm-in-Judenburg-aus-gesehen-300x201.jpg 300w, http:\/\/www.isbe-archaeologie.at\/wp-content\/uploads\/2015\/02\/der-Falkenberg-vom-Stadtturm-in-Judenburg-aus-gesehen-705x472.jpg 705w, http:\/\/www.isbe-archaeologie.at\/wp-content\/uploads\/2015\/02\/der-Falkenberg-vom-Stadtturm-in-Judenburg-aus-gesehen-450x301.jpg 450w, http:\/\/www.isbe-archaeologie.at\/wp-content\/uploads\/2015\/02\/der-Falkenberg-vom-Stadtturm-in-Judenburg-aus-gesehen.jpg 1181w\" data-sizes=\"(max-width: 1030px) 100vw, 1030px\"  aria-label=\"Bild der Falkenberg vom Stadtturm in Judenburg aus gesehen\"  id='av-masonry-1-item-3416' data-av-masonry-item='3416' class='av-masonry-entry isotope-item post-3416 attachment type-attachment status-inherit hentry  av-masonry-item-with-image' title=\"der Falkenberg vom Stadtturm in Judenburg aus gesehen\" alt=\"\"    itemprop=\"thumbnailUrl\" ><div class='av-inner-masonry-sizer'><\/div><figure class='av-inner-masonry main_color'><div class=\"av-masonry-outerimage-container\"><div class='av-masonry-image-container' style=\"background-image: url(http:\/\/www.isbe-archaeologie.at\/wp-content\/uploads\/2015\/02\/der-Falkenberg-vom-Stadtturm-in-Judenburg-aus-gesehen-705x472.jpg);\"  title=\"der Falkenberg vom Stadtturm in Judenburg aus gesehen\"  ><\/div><\/div><\/figure><\/a><!--end av-masonry entry--><a href=\"http:\/\/www.isbe-archaeologie.at\/wp-content\/uploads\/2015\/02\/Balkengr\u00e4bchen-und-Pfostenl\u00f6cher-Reste-hallstattzeitlicher-Geb\u00e4ude.jpg\" data-srcset=\"http:\/\/www.isbe-archaeologie.at\/wp-content\/uploads\/2015\/02\/Balkengr\u00e4bchen-und-Pfostenl\u00f6cher-Reste-hallstattzeitlicher-Geb\u00e4ude.jpg 734w, http:\/\/www.isbe-archaeologie.at\/wp-content\/uploads\/2015\/02\/Balkengr\u00e4bchen-und-Pfostenl\u00f6cher-Reste-hallstattzeitlicher-Geb\u00e4ude-300x179.jpg 300w, http:\/\/www.isbe-archaeologie.at\/wp-content\/uploads\/2015\/02\/Balkengr\u00e4bchen-und-Pfostenl\u00f6cher-Reste-hallstattzeitlicher-Geb\u00e4ude-705x422.jpg 705w, http:\/\/www.isbe-archaeologie.at\/wp-content\/uploads\/2015\/02\/Balkengr\u00e4bchen-und-Pfostenl\u00f6cher-Reste-hallstattzeitlicher-Geb\u00e4ude-450x269.jpg 450w\" data-sizes=\"(max-width: 734px) 100vw, 734px\"  aria-label=\"Bild Balkengr\u00e4bchen und Pfostenl\u00f6cher &#8211; Reste hallstattzeitlicher Geb\u00e4ude\"  id='av-masonry-1-item-3413' data-av-masonry-item='3413' class='av-masonry-entry isotope-item post-3413 attachment type-attachment status-inherit hentry  av-masonry-item-with-image' title=\"Balkengr\u00e4bchen und Pfostenl\u00f6cher &#8211; Reste hallstattzeitlicher Geb\u00e4ude\" alt=\"\"    itemprop=\"thumbnailUrl\" ><div class='av-inner-masonry-sizer'><\/div><figure class='av-inner-masonry main_color'><div class=\"av-masonry-outerimage-container\"><div class='av-masonry-image-container' style=\"background-image: url(http:\/\/www.isbe-archaeologie.at\/wp-content\/uploads\/2015\/02\/Balkengr\u00e4bchen-und-Pfostenl\u00f6cher-Reste-hallstattzeitlicher-Geb\u00e4ude-705x422.jpg);\"  title=\"Balkengr\u00e4bchen und Pfostenl\u00f6cher &#8211; Reste hallstattzeitlicher Geb\u00e4ude\"  ><\/div><\/div><\/figure><\/a><!--end av-masonry entry--><a href=\"http:\/\/www.isbe-archaeologie.at\/wp-content\/uploads\/2015\/02\/Bernsteinperlenketten-532x1030.jpg\" data-srcset=\"http:\/\/www.isbe-archaeologie.at\/wp-content\/uploads\/2015\/02\/Bernsteinperlenketten-532x1030.jpg 532w, http:\/\/www.isbe-archaeologie.at\/wp-content\/uploads\/2015\/02\/Bernsteinperlenketten-155x300.jpg 155w, http:\/\/www.isbe-archaeologie.at\/wp-content\/uploads\/2015\/02\/Bernsteinperlenketten-775x1500.jpg 775w, http:\/\/www.isbe-archaeologie.at\/wp-content\/uploads\/2015\/02\/Bernsteinperlenketten-364x705.jpg 364w, http:\/\/www.isbe-archaeologie.at\/wp-content\/uploads\/2015\/02\/Bernsteinperlenketten-450x871.jpg 450w, http:\/\/www.isbe-archaeologie.at\/wp-content\/uploads\/2015\/02\/Bernsteinperlenketten.jpg 787w\" data-sizes=\"(max-width: 532px) 100vw, 532px\"  aria-label=\"Bild Bernsteinperlenketten\"  id='av-masonry-1-item-3446' data-av-masonry-item='3446' class='av-masonry-entry isotope-item post-3446 attachment type-attachment status-inherit hentry  av-masonry-item-with-image' title=\"Bernsteinperlenketten\" alt=\"\"    itemprop=\"thumbnailUrl\" ><div class='av-inner-masonry-sizer'><\/div><figure class='av-inner-masonry main_color'><div class=\"av-masonry-outerimage-container\"><div class='av-masonry-image-container' style=\"background-image: url(http:\/\/www.isbe-archaeologie.at\/wp-content\/uploads\/2015\/02\/Bernsteinperlenketten-364x705.jpg);\"  title=\"Bernsteinperlenketten\"  ><\/div><\/div><\/figure><\/a><!--end av-masonry entry--><a href=\"http:\/\/www.isbe-archaeologie.at\/wp-content\/uploads\/2015\/02\/Goldperlen.jpg\" data-srcset=\"http:\/\/www.isbe-archaeologie.at\/wp-content\/uploads\/2015\/02\/Goldperlen.jpg 340w, http:\/\/www.isbe-archaeologie.at\/wp-content\/uploads\/2015\/02\/Goldperlen-300x223.jpg 300w\" data-sizes=\"(max-width: 340px) 100vw, 340px\"  aria-label=\"Bild Goldperlen\"  id='av-masonry-1-item-3450' data-av-masonry-item='3450' class='av-masonry-entry isotope-item post-3450 attachment type-attachment status-inherit hentry  av-masonry-item-with-image' title=\"Goldperlen\" alt=\"\"    itemprop=\"thumbnailUrl\" ><div class='av-inner-masonry-sizer'><\/div><figure class='av-inner-masonry main_color'><div class=\"av-masonry-outerimage-container\"><div class='av-masonry-image-container' style=\"background-image: url(http:\/\/www.isbe-archaeologie.at\/wp-content\/uploads\/2015\/02\/Goldperlen.jpg);\"  title=\"Goldperlen\"  ><\/div><\/div><\/figure><\/a><!--end av-masonry entry--><a href=\"http:\/\/www.isbe-archaeologie.at\/wp-content\/uploads\/2015\/02\/das-Schwert-des-F\u00fcrsten-in-Fundlage.jpg\" data-srcset=\"http:\/\/www.isbe-archaeologie.at\/wp-content\/uploads\/2015\/02\/das-Schwert-des-F\u00fcrsten-in-Fundlage.jpg 721w, http:\/\/www.isbe-archaeologie.at\/wp-content\/uploads\/2015\/02\/das-Schwert-des-F\u00fcrsten-in-Fundlage-300x127.jpg 300w, http:\/\/www.isbe-archaeologie.at\/wp-content\/uploads\/2015\/02\/das-Schwert-des-F\u00fcrsten-in-Fundlage-705x299.jpg 705w, http:\/\/www.isbe-archaeologie.at\/wp-content\/uploads\/2015\/02\/das-Schwert-des-F\u00fcrsten-in-Fundlage-450x191.jpg 450w\" data-sizes=\"(max-width: 721px) 100vw, 721px\"  aria-label=\"Bild das Schwert des F\u00fcrsten in Fundlage\"  id='av-masonry-1-item-3459' data-av-masonry-item='3459' class='av-masonry-entry isotope-item post-3459 attachment type-attachment status-inherit hentry  av-masonry-item-with-image' title=\"das Schwert des F\u00fcrsten in Fundlage\" alt=\"\"    itemprop=\"thumbnailUrl\" ><div class='av-inner-masonry-sizer'><\/div><figure class='av-inner-masonry main_color'><div class=\"av-masonry-outerimage-container\"><div class='av-masonry-image-container' style=\"background-image: url(http:\/\/www.isbe-archaeologie.at\/wp-content\/uploads\/2015\/02\/das-Schwert-des-F\u00fcrsten-in-Fundlage-705x299.jpg);\"  title=\"das Schwert des F\u00fcrsten in Fundlage\"  ><\/div><\/div><\/figure><\/a><!--end av-masonry entry--><a href=\"http:\/\/www.isbe-archaeologie.at\/wp-content\/uploads\/2015\/02\/Helmzier-Bronzefigur-mit-erhobenen-Armen.jpg\" data-srcset=\"http:\/\/www.isbe-archaeologie.at\/wp-content\/uploads\/2015\/02\/Helmzier-Bronzefigur-mit-erhobenen-Armen.jpg 344w, http:\/\/www.isbe-archaeologie.at\/wp-content\/uploads\/2015\/02\/Helmzier-Bronzefigur-mit-erhobenen-Armen-300x263.jpg 300w\" data-sizes=\"(max-width: 344px) 100vw, 344px\"  aria-label=\"Bild Helmzier &#8211; Bronzefigur mit erhobenen Armen\"  id='av-masonry-1-item-3462' data-av-masonry-item='3462' class='av-masonry-entry isotope-item post-3462 attachment type-attachment status-inherit hentry  av-masonry-item-with-image' title=\"Helmzier &#8211; Bronzefigur mit erhobenen Armen\" alt=\"\"    itemprop=\"thumbnailUrl\" ><div class='av-inner-masonry-sizer'><\/div><figure class='av-inner-masonry main_color'><div class=\"av-masonry-outerimage-container\"><div class='av-masonry-image-container' style=\"background-image: url(http:\/\/www.isbe-archaeologie.at\/wp-content\/uploads\/2015\/02\/Helmzier-Bronzefigur-mit-erhobenen-Armen.jpg);\"  title=\"Helmzier &#8211; Bronzefigur mit erhobenen Armen\"  ><\/div><\/div><\/figure><\/a><!--end av-masonry entry--><\/div><a class='av-masonry-pagination av-masonry-load-more' href='#load-more'  data-ids='3416,3413,3446,3450,3459,3462,3494,3922,3910,3647,3543,3509,3436,3433'  data-caption_elements='none'  data-caption_styling=''  data-caption_display='always'  data-img_copyright=''  data-size='fixed'  data-orientation=''  data-image_size='masonry'  data-gap='1px'  data-columns='6'  data-av-desktop-columns=''  data-av-medium-columns=''  data-av-small-columns=''  data-av-mini-columns=''  data-items='6'  data-paginate='load_more'  data-color=''  data-custom_bg=''  data-img_copyright_font=''  data-av-desktop-font-img_copyright_font=''  data-av-medium-font-img_copyright_font=''  data-av-small-font-img_copyright_font=''  data-av-mini-font-img_copyright_font=''  data-img_copyright_color=''  data-img_copyright_bg=''  data-animation='active'  data-animation_duration=''  data-animation_custom_bg_color=''  data-animation_custom_bg_color_multi_list=''  data-animation_z_index_curtain='100'  data-overlay_fx=''  data-container_links='active'  data-link_dest=''  data-lightbox_text=''  data-img_scrset=''  data-lazy_loading='disabled'  data-av-desktop-hide=''  data-av-medium-hide=''  data-av-small-hide=''  data-av-mini-hide=''  data-alb_description=''  data-id=''  data-custom_class=''  data-template_class=''  data-av_uid=''  data-sc_version='1.0'  data-action=''  data-link='category'  data-post_type='post, page, attachment, revision, nav_menu_item, custom_css, customize_changeset, oembed_cache, user_request, wp_block, wp_template, wp_template_part, wp_global_styles, wp_navigation, wp_font_family, wp_font_face, portfolio, avia_framework_post'  data-term_rel='IN'  data-offset='0'  data-container_class='av-masonry-gallery'  data-wc_prod_visible=''  data-wc_prod_hidden=''  data-wc_prod_featured=''  data-prod_order_by=''  data-prod_order=''  data-sort='no'  data-auto_ratio='1.7'  data-set_breadcrumb='1'  data-custom_markup=''  data-query_orderby='date'  data-query_order='DESC'  data-date_filter=''  data-date_filter_start=''  data-date_filter_end=''  data-date_filter_format='yy\/mm\/dd'  data-period_filter_unit_1=''  data-period_filter_unit_2=''  data-page_element_filter=''  data-avno='9ca8aa4f9b'>Mehr laden<\/a><\/div>\n","protected":false},"excerpt":{"rendered":"","protected":false},"author":1,"featured_media":0,"parent":3388,"menu_order":0,"comment_status":"open","ping_status":"open","template":"","meta":{"footnotes":""},"_links":{"self":[{"href":"http:\/\/www.isbe-archaeologie.at\/index.php?rest_route=\/wp\/v2\/pages\/3959"}],"collection":[{"href":"http:\/\/www.isbe-archaeologie.at\/index.php?rest_route=\/wp\/v2\/pages"}],"about":[{"href":"http:\/\/www.isbe-archaeologie.at\/index.php?rest_route=\/wp\/v2\/types\/page"}],"author":[{"embeddable":true,"href":"http:\/\/www.isbe-archaeologie.at\/index.php?rest_route=\/wp\/v2\/users\/1"}],"replies":[{"embeddable":true,"href":"http:\/\/www.isbe-archaeologie.at\/index.php?rest_route=%2Fwp%2Fv2%2Fcomments&post=3959"}],"version-history":[{"count":5,"href":"http:\/\/www.isbe-archaeologie.at\/index.php?rest_route=\/wp\/v2\/pages\/3959\/revisions"}],"predecessor-version":[{"id":3965,"href":"http:\/\/www.isbe-archaeologie.at\/index.php?rest_route=\/wp\/v2\/pages\/3959\/revisions\/3965"}],"up":[{"embeddable":true,"href":"http:\/\/www.isbe-archaeologie.at\/index.php?rest_route=\/wp\/v2\/pages\/3388"}],"wp:attachment":[{"href":"http:\/\/www.isbe-archaeologie.at\/index.php?rest_route=%2Fwp%2Fv2%2Fmedia&parent=3959"}],"curies":[{"name":"wp","href":"https:\/\/api.w.org\/{rel}","templated":true}]}}