{"id":3997,"date":"2015-10-18T13:27:41","date_gmt":"2015-10-18T13:27:41","guid":{"rendered":"http:\/\/www.isbe-archaeologie.at\/?page_id=3997"},"modified":"2017-11-15T09:59:30","modified_gmt":"2017-11-15T09:59:30","slug":"partner","status":"publish","type":"page","link":"http:\/\/www.isbe-archaeologie.at\/?page_id=3997","title":{"rendered":"Partner und Sponsoren"},"content":{"rendered":"<div  class='flex_column av-av_two_fifth-2a9015ff38129c418a3f2eafba3e9512 av_two_fifth  avia-builder-el-0  el_before_av_three_fifth  avia-builder-el-first  first flex_column_div  '     ><section  class='av_textblock_section av-av_textblock-0366cc7376be6c9e82a3e9cc8987b64f '   itemscope=\"itemscope\" itemtype=\"https:\/\/schema.org\/CreativeWork\" ><div class='avia_textblock'  itemprop=\"text\" ><p><strong><a href=\"http:\/\/www.bda.at\/\">Bundesdenkmalamt<\/a><\/strong><\/p>\n<p><strong><a href=\"http:\/\/archaeologie.uni-graz.at\/\" target=\"_blank\" rel=\"noopener\">Institut f\u00fcr Arch\u00e4ologie Karl-Franzens Universit\u00e4t Graz<\/a><\/strong><\/p>\n<p><strong><a href=\"https:\/\/geographie.uni-graz.at\/\" target=\"_blank\" rel=\"noopener\">Institut f\u00fcr Geographie und Raumforschung Karl-Franzens Universit\u00e4t\u00a0Graz<\/a><\/strong><\/p>\n<p><a href=\"http:\/\/st-georgen-judenburg.at\/georgsgemeinschaft-archiv\/\" target=\"_blank\" rel=\"noopener\"><strong>Georgsgemeinschaft zu Praitenfurt<\/strong><\/a><\/p>\n<p><strong><a href=\"http:\/\/www.gis.steiermark.at\/\" target=\"_blank\" rel=\"noopener\">GIS Steiermark,\u00a0A17 Landes- und Regionalentwicklung &#8211; Referat Statistik und Geoinformation<\/a><\/strong><\/p>\n<p><strong><a href=\"https:\/\/www.museum-joanneum.at\/archaeologiemuseum-schloss-eggenberg\" target=\"_blank\" rel=\"noopener\">Universalmuseum Joanneum<\/a><\/strong><\/p>\n<p><strong><a href=\"http:\/\/web.rgzm.de\/\" target=\"_blank\" rel=\"noopener\">R\u00f6misch Germanisches Zentralmuseum Mainz<\/a><\/strong><\/p>\n<p><strong><a href=\"http:\/\/www.keltenmuseum.at\/\" target=\"_blank\" rel=\"noopener\">Keltenmuseum Hallein<\/a><\/strong><\/p>\n<p><strong><a href=\"http:\/\/www.salzburgmuseum.at\/\" target=\"_blank\" rel=\"noopener\">Salzburg Museum<\/a><\/strong><\/p>\n<p><strong><a href=\"http:\/\/www.nhm-wien.ac.at\/\" target=\"_blank\" rel=\"noopener\">Naturhistorisches Museum Wien<\/a><\/strong><\/p>\n<p><strong><a href=\"http:\/\/www.keltenforschung-roseldorf.com\/\" target=\"_blank\" rel=\"noopener\">Keltenforschung Roseldorf<\/a><\/strong><\/p>\n<p><strong><a href=\"http:\/\/www.schulatlas.at\/\" target=\"_blank\" rel=\"noopener\">Schulatlas Steiermark<\/a><\/strong><\/p>\n<p><strong><a href=\"http:\/\/www.baukulturstiftung.at\/\" target=\"_blank\" rel=\"noopener\">\u00d6sterreichische Baukulturstiftung<\/a><\/strong><\/p>\n<p><strong><a href=\"http:\/\/www.hengist-archaeologie.at\/\" target=\"_blank\" rel=\"noopener\">Kulturpark Hengist<\/a><\/strong><\/p>\n<p><strong><a href=\"http:\/\/www.kirchberger-laendchen.at\/\" target=\"_blank\" rel=\"noopener\">Historischer Verein f\u00fcr das Kirchberger L\u00e4ndchen<\/a><\/strong><\/p>\n<p><a href=\"http:\/\/www.conserve.at\/\"><strong>Conserve\u00a0Baudenkmalforschung OG<\/strong><\/a><\/p>\n<p><strong><a href=\"http:\/\/www.zechner-dc.at\/\" target=\"_blank\" rel=\"noopener\">Zechner Denkmal Consulting GmbH<\/a><\/strong><\/p>\n<p><span style=\"color: #940600;\"><strong>Stadtmuseum Judenburg<\/strong><\/span><\/p>\n<p><strong><a href=\"http:\/\/www.pension-rattinger.at\/\" target=\"_blank\" rel=\"noopener\">Privat Pension Rattinger Judenburg<\/a><\/strong><\/p>\n<p><strong><a href=\"http:\/\/www.pzp.de\/\" target=\"_blank\" rel=\"noopener\">Posselt &amp; Zickgraf Prospektionen GbR<\/a><\/strong><\/p>\n<h4><\/h4>\n<\/div><\/section><\/div>\n\n<style type=\"text\/css\" data-created_by=\"avia_inline_auto\" id=\"style-css-av-av_three_fifth-9c1d454dc06f7247226bc4e8f931daae\">\n.flex_column.av-av_three_fifth-9c1d454dc06f7247226bc4e8f931daae{\nborder-radius:0px 0px 0px 0px;\npadding:0px 0px 0px 0px;\n}\n<\/style>\n<div  class='flex_column av-av_three_fifth-9c1d454dc06f7247226bc4e8f931daae av_three_fifth  avia-builder-el-2  el_after_av_two_fifth  avia-builder-el-last  flex_column_div av-zero-column-padding  '     ><style type=\"text\/css\" data-created_by=\"avia_inline_auto\" id=\"style-css-av-av_partner-d379c75b3ea608e27cf381c7346636a4\">\n.avia-logo-element-container.av-av_partner-d379c75b3ea608e27cf381c7346636a4 .av-partner-fake-img{\nbackground-size:cover;\n}\n<\/style>\n<div  class='avia-logo-element-container av-av_partner-d379c75b3ea608e27cf381c7346636a4 avia-logo-grid avia-content-slider avia-smallarrow-slider avia-content-grid-active noHover avia-content-slider-odd  avia-builder-el-3  avia-builder-el-no-sibling  avia-content-slider1' ><div class='avia-smallarrow-slider-heading  no-logo-slider-heading '><div class='new-special-heading'>&nbsp;<\/div><\/div><div class=\"avia-content-slider-inner\"><div class=\"slide-entry-wrap\"><div  class='slide-entry av-av_partner_logo-d7014f07e321dc3c3909fe84b958a1d9 flex_column no_margin av_one_third real-thumbnail post-entry slide-entry-overview slide-loop-1 slide-parity-odd  first'><span class='av-partner-fake-img' style='padding-bottom:72.483588621444%; background-image:url(http:\/\/www.isbe-archaeologie.at\/wp-content\/uploads\/2015\/10\/Logo-PZP-2014-Bitmap.jpg);'><\/span><\/div><div  class='slide-entry av-av_partner_logo-e8c9d9df654c6ca67bc3cc66bee6bcc4 flex_column no_margin av_one_third real-thumbnail post-entry slide-entry-overview slide-loop-2 slide-parity-even  '><span class='av-partner-fake-img' style='padding-bottom:72.483588621444%; background-image:url(http:\/\/www.isbe-archaeologie.at\/wp-content\/uploads\/2015\/10\/quer-175x6-wei\u00df-rot.jpg);'><\/span><\/div><div  class='slide-entry av-av_partner_logo-499c814b93f064b32945779b93168e0c flex_column no_margin av_one_third real-thumbnail post-entry slide-entry-overview slide-loop-3 slide-parity-odd  '><span class='av-partner-fake-img' style='padding-bottom:72.483588621444%; background-image:url(http:\/\/www.isbe-archaeologie.at\/wp-content\/uploads\/2015\/10\/logo_messner.jpg);'><\/span><\/div><\/div><div class=\"slide-entry-wrap\"><div  class='slide-entry av-av_partner_logo-59f239865e847ac21523d135fcd6ac7f flex_column no_margin av_one_third real-thumbnail post-entry slide-entry-overview slide-loop-4 slide-parity-odd  first'><span class='av-partner-fake-img' style='padding-bottom:72.483588621444%; background-image:url(http:\/\/www.isbe-archaeologie.at\/wp-content\/uploads\/2015\/10\/logo-feuchter.jpeg);'><\/span><\/div><div  class='slide-entry av-av_partner_logo-4105ac18f935ef0a4127121c898095a5 flex_column no_margin av_one_third real-thumbnail post-entry slide-entry-overview slide-loop-5 slide-parity-even  '><span class='av-partner-fake-img' style='padding-bottom:72.483588621444%; background-image:url(http:\/\/www.isbe-archaeologie.at\/wp-content\/uploads\/2015\/10\/bauprofi_quester_mein_bester_rgb.jpg);'><\/span><\/div><div  class='slide-entry av-av_partner_logo-e11c0d62c8a497a9f78748cc240dd84e flex_column no_margin av_one_third real-thumbnail post-entry slide-entry-overview slide-loop-6 slide-parity-odd  '><span class='av-partner-fake-img' style='padding-bottom:72.483588621444%; background-image:url(http:\/\/www.isbe-archaeologie.at\/wp-content\/uploads\/2015\/10\/IMG_0001.jpg);'><\/span><\/div><\/div><div class=\"slide-entry-wrap\"><div  class='slide-entry av-av_partner_logo-772bfa75c4103539bda043b40c839d63 flex_column no_margin av_one_third real-thumbnail post-entry slide-entry-overview slide-loop-7 slide-parity-odd  first'><span class='av-partner-fake-img' style='padding-bottom:72.483588621444%; background-image:url(http:\/\/www.isbe-archaeologie.at\/wp-content\/uploads\/2015\/10\/12055150_939320236148701_1531308107_o.jpg);'><\/span><\/div><div  class='slide-entry av-av_partner_logo-32bc6ff845a3375e42d4ef1adb128018 flex_column no_margin av_one_third real-thumbnail post-entry slide-entry-overview slide-loop-8 slide-parity-even  '><span class='av-partner-fake-img' style='padding-bottom:72.483588621444%; background-image:url(http:\/\/www.isbe-archaeologie.at\/wp-content\/uploads\/2015\/10\/2015_07_16_GallaMayer_logo_FINAL_300dpi.jpg);'><\/span><\/div><div  class='slide-entry av-av_partner_logo-b2e88dda39e4aa97f49b0a147d2e8ef3 flex_column no_margin av_one_third real-thumbnail post-entry slide-entry-overview slide-loop-9 slide-parity-odd  '><span class='av-partner-fake-img' style='padding-bottom:72.483588621444%; background-image:url(http:\/\/www.isbe-archaeologie.at\/wp-content\/uploads\/2015\/10\/Georgsgemeinschaft_2.jpg);'><\/span><\/div><\/div><div class=\"slide-entry-wrap\"><div  class='slide-entry av-av_partner_logo-57781554049abe51a5c098e9211e2b19 flex_column no_margin av_one_third real-thumbnail post-entry slide-entry-overview slide-loop-10 slide-parity-odd post-entry-last first'><span class='av-partner-fake-img' style='padding-bottom:72.483588621444%; background-image:url(http:\/\/www.isbe-archaeologie.at\/wp-content\/uploads\/2015\/10\/Kulturpark-Hengist_Arch\u00e4ologie.jpg);'><\/span><\/div><\/div><\/div><\/div><\/div>\n","protected":false},"excerpt":{"rendered":"","protected":false},"author":1,"featured_media":0,"parent":0,"menu_order":1,"comment_status":"open","ping_status":"open","template":"","meta":{"footnotes":""},"_links":{"self":[{"href":"http:\/\/www.isbe-archaeologie.at\/index.php?rest_route=\/wp\/v2\/pages\/3997"}],"collection":[{"href":"http:\/\/www.isbe-archaeologie.at\/index.php?rest_route=\/wp\/v2\/pages"}],"about":[{"href":"http:\/\/www.isbe-archaeologie.at\/index.php?rest_route=\/wp\/v2\/types\/page"}],"author":[{"embeddable":true,"href":"http:\/\/www.isbe-archaeologie.at\/index.php?rest_route=\/wp\/v2\/users\/1"}],"replies":[{"embeddable":true,"href":"http:\/\/www.isbe-archaeologie.at\/index.php?rest_route=%2Fwp%2Fv2%2Fcomments&post=3997"}],"version-history":[{"count":36,"href":"http:\/\/www.isbe-archaeologie.at\/index.php?rest_route=\/wp\/v2\/pages\/3997\/revisions"}],"predecessor-version":[{"id":4365,"href":"http:\/\/www.isbe-archaeologie.at\/index.php?rest_route=\/wp\/v2\/pages\/3997\/revisions\/4365"}],"wp:attachment":[{"href":"http:\/\/www.isbe-archaeologie.at\/index.php?rest_route=%2Fwp%2Fv2%2Fmedia&parent=3997"}],"curies":[{"name":"wp","href":"https:\/\/api.w.org\/{rel}","templated":true}]}}