{"id":4159,"date":"2016-06-13T18:51:18","date_gmt":"2016-06-13T18:51:18","guid":{"rendered":"http:\/\/www.isbe-archaeologie.at\/?page_id=4159"},"modified":"2016-06-15T19:08:21","modified_gmt":"2016-06-15T19:08:21","slug":"bronzezeitlicher-kupferbergbau-auf-der-wirtsalm-bei-viehhofen","status":"publish","type":"page","link":"http:\/\/www.isbe-archaeologie.at\/?page_id=4159","title":{"rendered":"Bronzezeitlicher Kupferbergbau auf der Wirtsalm bei Viehhofen"},"content":{"rendered":"<section  class='av_textblock_section av-av_textblock-0366cc7376be6c9e82a3e9cc8987b64f '   itemscope=\"itemscope\" itemtype=\"https:\/\/schema.org\/CreativeWork\" ><div class='avia_textblock'  itemprop=\"text\" ><p style=\"text-align: justify;\">Im Gebiet von Viehhofen (Pinzgau, Salzburg) liegt eine bedeutende Kupfererzlagerst\u00e4tte der Ostalpen. Seit der Bronzezeit wird in diesem Gebiet Kupfer abgebaut, das hier vor allem in Form von Kupferkies vorliegt. Obert\u00e4gig lassen sich auch heute noch eindrucksvolle Reste, wie etwa Scheidehalden und Pingen, feststellen. Das bronzezeitliche Abbaugebiet auf der Wirtsalm (heute Dengelalm) wurde bereits 1912 durch den Fund von Klopf- und Reibsteinen bekannt. 1955 fanden eine erste umfassende wissenschaftliche Untersuchung des Areals und eine Kartierung\/Vermessung der durch die Abbaut\u00e4tigkeit entstandenen Strukturen durch E. Preuschen und R. Pittioni statt. Zudem konnten im Zuge dieser Begehungen drei urnenfelderzeitliche Bronzenadeln aufgelesen werden, die einen ersten Ansatz f\u00fcr eine chronologische Einordnung der Fundstelle lieferten. Weitere Anhaltspunkte f\u00fcr eine pr\u00e4historische Bergbaut\u00e4tigkeit lieferten im Rahmen mehrerer Begehungen aufgelesene Keramikfragmente, die ebenfalls in die fr\u00fche bzw. \u00e4ltere Urnenfelderzeit zu datieren sind sowie diverse Klopf- und Reibsteine.<\/p>\n<p style=\"text-align: justify;\">Die arch\u00e4ologischen Funde aus Viehhofen z\u00e4hlen zu den wichtigsten Zeugnissen pr\u00e4historischen Bergbaues in den Ostalpen und k\u00fcnden von der \u00fcberregionalen, wirtschaftlichen und kulturellen Bedeutung dieses Kupferabbaugebietes.<\/p>\n<p style=\"text-align: justify;\">Im Sommer 2015 fand eine erste Begehung der Fundstelle auf der Wirtsalm durch das Institut f\u00fcr s\u00fcdostalpine Bronze- und Eisenzeitforschung ISBE statt, im Rahmen derer das Interesse an diesem eindrucksvollen Ensemble pr\u00e4historischer Bergbaut\u00e4tigkeit geweckt wurde. Diese Initialz\u00fcndung f\u00fchrte im darauffolgenden Jahr zur Durchf\u00fchrung von geophysikalischen Messungen und einer f\u00fcr den Sommer geplanten Ausgrabung.<\/p>\n<p style=\"text-align: justify;\">Da das Gel\u00e4nde sehr steil in Richtung Westen abf\u00e4llt und zudem gro\u00dfteils dicht mit Fichten bewachsen ist, wurden zwei Bereiche, die sich einerseits durch geringen Bewuchs und andererseits durch eine m\u00e4\u00dfige Hangneigung bzw. ann\u00e4hernd ebene Fl\u00e4che auszeichneten, f\u00fcr die Geomagnetik-Messungen (Durchf\u00fchrung Sebastian Pfnorr, <a href=\"http:\/\/www.pzp.de\/\" target=\"_blank\" rel=\"noopener\">Fa. Posselt &amp; Zickgraf Prospektionen GbR<\/a>) ausgew\u00e4hlt. Die dabei festgestellten Anomalien lassen an einigen Stellen auf durch die Einwirkung von Hitze ver\u00e4nderte Bodeneigenschaften schlie\u00dfen. Parallel zu den Messungen erbrachten vor allem die im Bereich der Scheidehalden durchgef\u00fchrten systematischen Begehungen einige Fundst\u00fccke, wie Teile von Bronzenadeln, einige Keramikfragmente, steinerne Reibplatten, Klopfsteine und Tierknochenbruchst\u00fccke.<\/p>\n<\/div><\/section>\n<div id='av-masonry-1' class='av-masonry av-av_masonry_gallery-fc1cd505d1efca162ba6719e34cbc669 noHover av-fixed-size av-1px-gap av-hover-overlay- av-masonry-animation-active av-masonry-col-6 av-caption-always av-caption-style- av-masonry-gallery ' data-post_id=\"4159\"><div class=\"av-masonry-container isotope av-js-disabled\"><div class='av-masonry-entry isotope-item av-masonry-item-no-image '><\/div><a href=\"http:\/\/www.isbe-archaeologie.at\/wp-content\/uploads\/2016\/06\/Viehhofen_Wirtsalm_Scheidehalden-\u00a9-ISBE.jpg\" data-srcset=\"http:\/\/www.isbe-archaeologie.at\/wp-content\/uploads\/2016\/06\/Viehhofen_Wirtsalm_Scheidehalden-\u00a9-ISBE.jpg 787w, http:\/\/www.isbe-archaeologie.at\/wp-content\/uploads\/2016\/06\/Viehhofen_Wirtsalm_Scheidehalden-\u00a9-ISBE-300x200.jpg 300w, http:\/\/www.isbe-archaeologie.at\/wp-content\/uploads\/2016\/06\/Viehhofen_Wirtsalm_Scheidehalden-\u00a9-ISBE-768x512.jpg 768w, http:\/\/www.isbe-archaeologie.at\/wp-content\/uploads\/2016\/06\/Viehhofen_Wirtsalm_Scheidehalden-\u00a9-ISBE-705x470.jpg 705w, http:\/\/www.isbe-archaeologie.at\/wp-content\/uploads\/2016\/06\/Viehhofen_Wirtsalm_Scheidehalden-\u00a9-ISBE-450x300.jpg 450w\" data-sizes=\"(max-width: 787px) 100vw, 787px\"  aria-label=\"Bild Viehhofen_Wirtsalm_Scheidehalden \u00a9 ISBE\"  id='av-masonry-1-item-4167' data-av-masonry-item='4167' class='av-masonry-entry isotope-item post-4167 attachment type-attachment status-inherit hentry  av-masonry-item-with-image' title=\"Viehhofen_Wirtsalm_Scheidehalden \u00a9 ISBE\" alt=\"\"    itemprop=\"thumbnailUrl\" ><div class='av-inner-masonry-sizer'><\/div><figure class='av-inner-masonry main_color'><div class=\"av-masonry-outerimage-container\"><div class='av-masonry-image-container' style=\"background-image: url(http:\/\/www.isbe-archaeologie.at\/wp-content\/uploads\/2016\/06\/Viehhofen_Wirtsalm_Scheidehalden-\u00a9-ISBE-705x470.jpg);\"  title=\"Viehhofen_Wirtsalm_Scheidehalden \u00a9 ISBE\"  ><\/div><\/div><\/figure><\/a><!--end av-masonry entry--><a href=\"http:\/\/www.isbe-archaeologie.at\/wp-content\/uploads\/2016\/06\/Viehhofen_Wirtsalm_Kupferh\u00e4ltiges_Gestein-\u00a9-ISBE.jpg\" data-srcset=\"http:\/\/www.isbe-archaeologie.at\/wp-content\/uploads\/2016\/06\/Viehhofen_Wirtsalm_Kupferh\u00e4ltiges_Gestein-\u00a9-ISBE.jpg 787w, http:\/\/www.isbe-archaeologie.at\/wp-content\/uploads\/2016\/06\/Viehhofen_Wirtsalm_Kupferh\u00e4ltiges_Gestein-\u00a9-ISBE-300x238.jpg 300w, http:\/\/www.isbe-archaeologie.at\/wp-content\/uploads\/2016\/06\/Viehhofen_Wirtsalm_Kupferh\u00e4ltiges_Gestein-\u00a9-ISBE-768x610.jpg 768w, http:\/\/www.isbe-archaeologie.at\/wp-content\/uploads\/2016\/06\/Viehhofen_Wirtsalm_Kupferh\u00e4ltiges_Gestein-\u00a9-ISBE-705x560.jpg 705w, http:\/\/www.isbe-archaeologie.at\/wp-content\/uploads\/2016\/06\/Viehhofen_Wirtsalm_Kupferh\u00e4ltiges_Gestein-\u00a9-ISBE-450x357.jpg 450w\" data-sizes=\"(max-width: 787px) 100vw, 787px\"  aria-label=\"Bild Viehhofen_Wirtsalm_Kupferh\u00e4ltiges_Gestein \u00a9 ISBE\"  id='av-masonry-1-item-4163' data-av-masonry-item='4163' class='av-masonry-entry isotope-item post-4163 attachment type-attachment status-inherit hentry  av-masonry-item-with-image' title=\"Viehhofen_Wirtsalm_Kupferh\u00e4ltiges_Gestein \u00a9 ISBE\" alt=\"\"    itemprop=\"thumbnailUrl\" ><div class='av-inner-masonry-sizer'><\/div><figure class='av-inner-masonry main_color'><div class=\"av-masonry-outerimage-container\"><div class='av-masonry-image-container' style=\"background-image: url(http:\/\/www.isbe-archaeologie.at\/wp-content\/uploads\/2016\/06\/Viehhofen_Wirtsalm_Kupferh\u00e4ltiges_Gestein-\u00a9-ISBE-705x560.jpg);\"  title=\"Viehhofen_Wirtsalm_Kupferh\u00e4ltiges_Gestein \u00a9 ISBE\"  ><\/div><\/div><\/figure><\/a><!--end av-masonry entry--><a href=\"http:\/\/www.isbe-archaeologie.at\/wp-content\/uploads\/2016\/06\/Viehhofen_Wirtsalm_Bergbauspuren-\u00a9-ISBE.jpg\" data-srcset=\"http:\/\/www.isbe-archaeologie.at\/wp-content\/uploads\/2016\/06\/Viehhofen_Wirtsalm_Bergbauspuren-\u00a9-ISBE.jpg 787w, http:\/\/www.isbe-archaeologie.at\/wp-content\/uploads\/2016\/06\/Viehhofen_Wirtsalm_Bergbauspuren-\u00a9-ISBE-300x200.jpg 300w, http:\/\/www.isbe-archaeologie.at\/wp-content\/uploads\/2016\/06\/Viehhofen_Wirtsalm_Bergbauspuren-\u00a9-ISBE-768x512.jpg 768w, http:\/\/www.isbe-archaeologie.at\/wp-content\/uploads\/2016\/06\/Viehhofen_Wirtsalm_Bergbauspuren-\u00a9-ISBE-705x470.jpg 705w, http:\/\/www.isbe-archaeologie.at\/wp-content\/uploads\/2016\/06\/Viehhofen_Wirtsalm_Bergbauspuren-\u00a9-ISBE-450x300.jpg 450w\" data-sizes=\"(max-width: 787px) 100vw, 787px\"  aria-label=\"Bild Viehhofen_Wirtsalm_Bergbauspuren \u00a9 ISBE\"  id='av-masonry-1-item-4160' data-av-masonry-item='4160' class='av-masonry-entry isotope-item post-4160 attachment type-attachment status-inherit hentry  av-masonry-item-with-image' title=\"Viehhofen_Wirtsalm_Bergbauspuren \u00a9 ISBE\" alt=\"\"    itemprop=\"thumbnailUrl\" ><div class='av-inner-masonry-sizer'><\/div><figure class='av-inner-masonry main_color'><div class=\"av-masonry-outerimage-container\"><div class='av-masonry-image-container' style=\"background-image: url(http:\/\/www.isbe-archaeologie.at\/wp-content\/uploads\/2016\/06\/Viehhofen_Wirtsalm_Bergbauspuren-\u00a9-ISBE-705x470.jpg);\"  title=\"Viehhofen_Wirtsalm_Bergbauspuren \u00a9 ISBE\"  ><\/div><\/div><\/figure><\/a><!--end av-masonry entry--><a href=\"http:\/\/www.isbe-archaeologie.at\/wp-content\/uploads\/2016\/06\/Viehhofen_Wirtsalm_Pingenzug-\u00a9-ISBE.jpg\" data-srcset=\"http:\/\/www.isbe-archaeologie.at\/wp-content\/uploads\/2016\/06\/Viehhofen_Wirtsalm_Pingenzug-\u00a9-ISBE.jpg 787w, http:\/\/www.isbe-archaeologie.at\/wp-content\/uploads\/2016\/06\/Viehhofen_Wirtsalm_Pingenzug-\u00a9-ISBE-300x200.jpg 300w, http:\/\/www.isbe-archaeologie.at\/wp-content\/uploads\/2016\/06\/Viehhofen_Wirtsalm_Pingenzug-\u00a9-ISBE-768x512.jpg 768w, http:\/\/www.isbe-archaeologie.at\/wp-content\/uploads\/2016\/06\/Viehhofen_Wirtsalm_Pingenzug-\u00a9-ISBE-705x470.jpg 705w, http:\/\/www.isbe-archaeologie.at\/wp-content\/uploads\/2016\/06\/Viehhofen_Wirtsalm_Pingenzug-\u00a9-ISBE-450x300.jpg 450w\" data-sizes=\"(max-width: 787px) 100vw, 787px\"  aria-label=\"Bild Viehhofen_Wirtsalm_Pingenzug \u00a9 ISBE\"  id='av-masonry-1-item-4165' data-av-masonry-item='4165' class='av-masonry-entry isotope-item post-4165 attachment type-attachment status-inherit hentry  av-masonry-item-with-image' title=\"Viehhofen_Wirtsalm_Pingenzug \u00a9 ISBE\" alt=\"\"    itemprop=\"thumbnailUrl\" ><div class='av-inner-masonry-sizer'><\/div><figure class='av-inner-masonry main_color'><div class=\"av-masonry-outerimage-container\"><div class='av-masonry-image-container' style=\"background-image: url(http:\/\/www.isbe-archaeologie.at\/wp-content\/uploads\/2016\/06\/Viehhofen_Wirtsalm_Pingenzug-\u00a9-ISBE-705x470.jpg);\"  title=\"Viehhofen_Wirtsalm_Pingenzug \u00a9 ISBE\"  ><\/div><\/div><\/figure><\/a><!--end av-masonry entry--><a href=\"http:\/\/www.isbe-archaeologie.at\/wp-content\/uploads\/2016\/06\/Viehhofen_Wirtsalm_Podium-\u00a9-ISBE.jpg\" data-srcset=\"http:\/\/www.isbe-archaeologie.at\/wp-content\/uploads\/2016\/06\/Viehhofen_Wirtsalm_Podium-\u00a9-ISBE.jpg 787w, http:\/\/www.isbe-archaeologie.at\/wp-content\/uploads\/2016\/06\/Viehhofen_Wirtsalm_Podium-\u00a9-ISBE-300x200.jpg 300w, http:\/\/www.isbe-archaeologie.at\/wp-content\/uploads\/2016\/06\/Viehhofen_Wirtsalm_Podium-\u00a9-ISBE-768x512.jpg 768w, http:\/\/www.isbe-archaeologie.at\/wp-content\/uploads\/2016\/06\/Viehhofen_Wirtsalm_Podium-\u00a9-ISBE-705x470.jpg 705w, http:\/\/www.isbe-archaeologie.at\/wp-content\/uploads\/2016\/06\/Viehhofen_Wirtsalm_Podium-\u00a9-ISBE-450x300.jpg 450w\" data-sizes=\"(max-width: 787px) 100vw, 787px\"  aria-label=\"Bild Viehhofen_Wirtsalm_Podium \u00a9 ISBE\"  id='av-masonry-1-item-4166' data-av-masonry-item='4166' class='av-masonry-entry isotope-item post-4166 attachment type-attachment status-inherit hentry  av-masonry-item-with-image' title=\"Viehhofen_Wirtsalm_Podium \u00a9 ISBE\" alt=\"\"    itemprop=\"thumbnailUrl\" ><div class='av-inner-masonry-sizer'><\/div><figure class='av-inner-masonry main_color'><div class=\"av-masonry-outerimage-container\"><div class='av-masonry-image-container' style=\"background-image: url(http:\/\/www.isbe-archaeologie.at\/wp-content\/uploads\/2016\/06\/Viehhofen_Wirtsalm_Podium-\u00a9-ISBE-705x470.jpg);\"  title=\"Viehhofen_Wirtsalm_Podium \u00a9 ISBE\"  ><\/div><\/div><\/figure><\/a><!--end av-masonry entry--><a href=\"http:\/\/www.isbe-archaeologie.at\/wp-content\/uploads\/2016\/06\/Viehhofen_Wirtsalm_Geomagnetikmessung_1-\u00a9-ISBE.jpg\" data-srcset=\"http:\/\/www.isbe-archaeologie.at\/wp-content\/uploads\/2016\/06\/Viehhofen_Wirtsalm_Geomagnetikmessung_1-\u00a9-ISBE.jpg 787w, http:\/\/www.isbe-archaeologie.at\/wp-content\/uploads\/2016\/06\/Viehhofen_Wirtsalm_Geomagnetikmessung_1-\u00a9-ISBE-300x200.jpg 300w, http:\/\/www.isbe-archaeologie.at\/wp-content\/uploads\/2016\/06\/Viehhofen_Wirtsalm_Geomagnetikmessung_1-\u00a9-ISBE-768x512.jpg 768w, http:\/\/www.isbe-archaeologie.at\/wp-content\/uploads\/2016\/06\/Viehhofen_Wirtsalm_Geomagnetikmessung_1-\u00a9-ISBE-705x470.jpg 705w, http:\/\/www.isbe-archaeologie.at\/wp-content\/uploads\/2016\/06\/Viehhofen_Wirtsalm_Geomagnetikmessung_1-\u00a9-ISBE-450x300.jpg 450w\" data-sizes=\"(max-width: 787px) 100vw, 787px\"  aria-label=\"Bild Viehhofen_Wirtsalm_Geomagnetikmessung_1 \u00a9 ISBE\"  id='av-masonry-1-item-4161' data-av-masonry-item='4161' class='av-masonry-entry isotope-item post-4161 attachment type-attachment status-inherit hentry  av-masonry-item-with-image' title=\"Viehhofen_Wirtsalm_Geomagnetikmessung_1 \u00a9 ISBE\" alt=\"\"    itemprop=\"thumbnailUrl\" ><div class='av-inner-masonry-sizer'><\/div><figure class='av-inner-masonry main_color'><div class=\"av-masonry-outerimage-container\"><div class='av-masonry-image-container' style=\"background-image: url(http:\/\/www.isbe-archaeologie.at\/wp-content\/uploads\/2016\/06\/Viehhofen_Wirtsalm_Geomagnetikmessung_1-\u00a9-ISBE-705x470.jpg);\"  title=\"Viehhofen_Wirtsalm_Geomagnetikmessung_1 \u00a9 ISBE\"  ><\/div><\/div><\/figure><\/a><!--end av-masonry entry--><\/div><a class='av-masonry-pagination av-masonry-load-more' href='#load-more'  data-ids='4167,4163,4160,4165,4166,4161,4162,4164'  data-caption_elements='none'  data-caption_styling=''  data-caption_display='always'  data-img_copyright=''  data-size='fixed'  data-orientation=''  data-image_size='masonry'  data-gap='1px'  data-columns='6'  data-av-desktop-columns=''  data-av-medium-columns=''  data-av-small-columns=''  data-av-mini-columns=''  data-items='6'  data-paginate='load_more'  data-color=''  data-custom_bg=''  data-img_copyright_font=''  data-av-desktop-font-img_copyright_font=''  data-av-medium-font-img_copyright_font=''  data-av-small-font-img_copyright_font=''  data-av-mini-font-img_copyright_font=''  data-img_copyright_color=''  data-img_copyright_bg=''  data-animation='active'  data-animation_duration=''  data-animation_custom_bg_color=''  data-animation_custom_bg_color_multi_list=''  data-animation_z_index_curtain='100'  data-overlay_fx=''  data-container_links='active'  data-link_dest=''  data-lightbox_text=''  data-img_scrset=''  data-lazy_loading='disabled'  data-av-desktop-hide=''  data-av-medium-hide=''  data-av-small-hide=''  data-av-mini-hide=''  data-alb_description=''  data-id=''  data-custom_class=''  data-template_class=''  data-av_uid=''  data-sc_version='1.0'  data-action=''  data-link='category'  data-post_type='post, page, attachment, revision, nav_menu_item, custom_css, customize_changeset, oembed_cache, user_request, wp_block, wp_template, wp_template_part, wp_global_styles, wp_navigation, wp_font_family, wp_font_face, portfolio, avia_framework_post'  data-term_rel='IN'  data-offset='0'  data-container_class='av-masonry-gallery'  data-wc_prod_visible=''  data-wc_prod_hidden=''  data-wc_prod_featured=''  data-prod_order_by=''  data-prod_order=''  data-sort='no'  data-auto_ratio='1.7'  data-set_breadcrumb='1'  data-custom_markup=''  data-query_orderby='date'  data-query_order='DESC'  data-date_filter=''  data-date_filter_start=''  data-date_filter_end=''  data-date_filter_format='yy\/mm\/dd'  data-period_filter_unit_1=''  data-period_filter_unit_2=''  data-page_element_filter=''  data-avno='69bfe00316'>Mehr laden<\/a><\/div>\n","protected":false},"excerpt":{"rendered":"","protected":false},"author":1,"featured_media":0,"parent":3409,"menu_order":0,"comment_status":"closed","ping_status":"closed","template":"","meta":{"footnotes":""},"_links":{"self":[{"href":"http:\/\/www.isbe-archaeologie.at\/index.php?rest_route=\/wp\/v2\/pages\/4159"}],"collection":[{"href":"http:\/\/www.isbe-archaeologie.at\/index.php?rest_route=\/wp\/v2\/pages"}],"about":[{"href":"http:\/\/www.isbe-archaeologie.at\/index.php?rest_route=\/wp\/v2\/types\/page"}],"author":[{"embeddable":true,"href":"http:\/\/www.isbe-archaeologie.at\/index.php?rest_route=\/wp\/v2\/users\/1"}],"replies":[{"embeddable":true,"href":"http:\/\/www.isbe-archaeologie.at\/index.php?rest_route=%2Fwp%2Fv2%2Fcomments&post=4159"}],"version-history":[{"count":4,"href":"http:\/\/www.isbe-archaeologie.at\/index.php?rest_route=\/wp\/v2\/pages\/4159\/revisions"}],"predecessor-version":[{"id":4179,"href":"http:\/\/www.isbe-archaeologie.at\/index.php?rest_route=\/wp\/v2\/pages\/4159\/revisions\/4179"}],"up":[{"embeddable":true,"href":"http:\/\/www.isbe-archaeologie.at\/index.php?rest_route=\/wp\/v2\/pages\/3409"}],"wp:attachment":[{"href":"http:\/\/www.isbe-archaeologie.at\/index.php?rest_route=%2Fwp%2Fv2%2Fmedia&parent=4159"}],"curies":[{"name":"wp","href":"https:\/\/api.w.org\/{rel}","templated":true}]}}