{"id":4635,"date":"2021-03-23T13:31:07","date_gmt":"2021-03-23T13:31:07","guid":{"rendered":"http:\/\/www.isbe-archaeologie.at\/?page_id=4635"},"modified":"2022-01-12T16:28:01","modified_gmt":"2022-01-12T16:28:01","slug":"geophysikalische-prospektion-neumarkter-hochtal","status":"publish","type":"page","link":"http:\/\/www.isbe-archaeologie.at\/?page_id=4635","title":{"rendered":"Die R\u00f6merzeit im oberen Murtal und seinen Nebent\u00e4lern"},"content":{"rendered":"\n<style type=\"text\/css\" data-created_by=\"avia_inline_auto\" id=\"style-css-av-av_two_third-6126cab7d8fab8d08143dd2dacdf673c\">\n.flex_column.av-av_two_third-6126cab7d8fab8d08143dd2dacdf673c{\nborder-radius:0px 0px 0px 0px;\npadding:0px 0px 0px 0px;\n}\n<\/style>\n<div  class='flex_column av-av_two_third-6126cab7d8fab8d08143dd2dacdf673c av_two_third  avia-builder-el-0  el_before_av_one_third  avia-builder-el-first  first flex_column_div av-zero-column-padding  '     ><p><section  class='av_textblock_section av-av_textblock-0366cc7376be6c9e82a3e9cc8987b64f '   itemscope=\"itemscope\" itemtype=\"https:\/\/schema.org\/CreativeWork\" ><div class='avia_textblock'  itemprop=\"text\" ><p>ISBE-Forschungsprojekt<\/p>\n<p><strong><em>Die R\u00f6merzeit im oberen Murtal und seinen Nebent\u00e4ler<\/em><\/strong><\/p>\n<p style=\"text-align: justify;\">Das Ziel des mehrj\u00e4hrigen Forschungsprojektes <strong><em>Die R\u00f6merzeit im oberen Murtal und seinen Nebent\u00e4lern<\/em><\/strong>\u00a0unter der Leitung von <em>Helmut Vrabec BA MA\/ISBE<\/em>\u00a0ist es ein die r\u00f6merzeitliche Besiedlung in diesem Bereich zu untersuchen. Die Analyse von Luftbildern\/Orthofotos die\u00a0im Sommer 2013 vom Land Steiermark (<em>Abt. 17 Referat Statistik und Geoinformation<\/em>) aufgenommen wurden machten zahlreiche\u00a0bis dahin unbekannte k\u00fcnstliche Strukturen (sogenannte Bewuchsanomalien) sichtbar. Die auf diese Weise zutage getretenen potentiellen r\u00f6merzeitlichen Fundstellen werden mittels geophysikalischer Messungen untersucht. Um die mittels dieser Methoden festgestellten Siedlungspl\u00e4tze datieren und eingehend beurteilen zu k\u00f6nnen\u00a0werden au\u00dferdem Feldbegehungen (Surveys) und an einigen Stellen arch\u00e4ologische Ausgrabungen durchgef\u00fchrt. Die Forschungen werden dankenswerterweise vom <em>Bundesdenkmalamt<\/em> gef\u00f6rdert und in Kooperation mit dem <em>Historischen Arbeitskreis Neumarkt HISTAK<\/em> durchgef\u00fchrt.<\/p>\n<p style=\"text-align: justify;\">Im Rahmen des\u00a0Forschungsprojektes\u00a0<strong><em>Die R\u00f6merzeit im oberen Murtal und seinen Nebent\u00e4lern<\/em><\/strong>\u00a0wird einerseits der derzeitige Kenntnisstand \u00fcber die r\u00f6merzeitliche Besiedlung der Region erheblich erweitert und erg\u00e4nzt und au\u00dferdem wertvolle Daten zur \u00e4u\u00dferen und inneren Struktur der einzelnen Siedlungspl\u00e4tze gewonnen werden.<\/p>\n<\/div><\/section><br \/>\n<div  class='avia-button-wrap av-av_button-4d94ab690b3c082a9eab0a816202bd4b-wrap avia-button-center  avia-builder-el-2  el_after_av_textblock  el_before_av_button '><a href='http:\/\/www.isbe-archaeologie.at\/?page_id=4860'  class='avia-button av-av_button-4d94ab690b3c082a9eab0a816202bd4b av-link-btn avia-icon_select-yes-right-icon avia-size-medium avia-position-center avia-color-theme-color'  target=\"_blank\"  rel=\"noopener noreferrer\" ><span class='avia_iconbox_title' >Geophysikalische Prospektion<\/span><span class='avia_button_icon avia_button_icon_right' aria-hidden='true' data-av_icon='\ue832' data-av_iconfont='entypo-fontello'><\/span><\/a><\/div><br \/>\n<div  class='avia-button-wrap av-av_button-a7cafddc0c2342f8691767544e1bec33-wrap avia-button-center  avia-builder-el-3  el_after_av_button  avia-builder-el-last '><a href='http:\/\/www.isbe-archaeologie.at\/?page_id=4828'  class='avia-button av-av_button-a7cafddc0c2342f8691767544e1bec33 av-link-btn avia-icon_select-yes-right-icon avia-size-medium avia-position-center avia-color-theme-color'  target=\"_blank\"  rel=\"noopener noreferrer\" ><span class='avia_iconbox_title' >Arch\u00e4ologische Untersuchungen<\/span><span class='avia_button_icon avia_button_icon_right' aria-hidden='true' data-av_icon='\ue832' data-av_iconfont='entypo-fontello'><\/span><\/a><\/div><\/p><\/div>\n\n<style type=\"text\/css\" data-created_by=\"avia_inline_auto\" id=\"style-css-av-av_one_third-0aa7055fe62c3622faec82866afbaeb2\">\n.flex_column.av-av_one_third-0aa7055fe62c3622faec82866afbaeb2{\nborder-radius:0px 0px 0px 0px;\npadding:0px 0px 0px 0px;\n}\n<\/style>\n<div  class='flex_column av-av_one_third-0aa7055fe62c3622faec82866afbaeb2 av_one_third  avia-builder-el-4  el_after_av_two_third  avia-builder-el-last  flex_column_div av-zero-column-padding  '     ><style type=\"text\/css\" data-created_by=\"avia_inline_auto\" id=\"style-css-av-av_image-b74e21656c1a1ee71bdb74586961750a\">\n.avia-image-container.av-av_image-b74e21656c1a1ee71bdb74586961750a img.avia_image{\nbox-shadow:none;\n}\n.avia-image-container.av-av_image-b74e21656c1a1ee71bdb74586961750a .av-image-caption-overlay-center{\ncolor:#ffffff;\n}\n<\/style>\n<div  class='avia-image-container av-av_image-b74e21656c1a1ee71bdb74586961750a av-styling- avia-align-center  avia-builder-el-5  avia-builder-el-no-sibling '   itemprop=\"image\" itemscope=\"itemscope\" itemtype=\"https:\/\/schema.org\/ImageObject\" ><div class=\"avia-image-container-inner\"><div class=\"avia-image-overlay-wrap\"><img decoding=\"async\" fetchpriority=\"high\" class='wp-image-4831 avia-img-lazy-loading-not-4831 avia_image ' src=\"http:\/\/www.isbe-archaeologie.at\/wp-content\/uploads\/2022\/01\/1_Tauchendorf-Blick-auf-den-Zirbitzkogel-300x200.jpg\" alt='' title='1_Tauchendorf, Blick auf den Zirbitzkogel'  height=\"200\" width=\"300\"  itemprop=\"thumbnailUrl\" srcset=\"http:\/\/www.isbe-archaeologie.at\/wp-content\/uploads\/2022\/01\/1_Tauchendorf-Blick-auf-den-Zirbitzkogel-300x200.jpg 300w, http:\/\/www.isbe-archaeologie.at\/wp-content\/uploads\/2022\/01\/1_Tauchendorf-Blick-auf-den-Zirbitzkogel-450x300.jpg 450w, http:\/\/www.isbe-archaeologie.at\/wp-content\/uploads\/2022\/01\/1_Tauchendorf-Blick-auf-den-Zirbitzkogel.jpg 591w\" sizes=\"(max-width: 300px) 100vw, 300px\" \/><\/div><\/div><\/div><\/div>\n","protected":false},"excerpt":{"rendered":"","protected":false},"author":1,"featured_media":0,"parent":3409,"menu_order":0,"comment_status":"closed","ping_status":"closed","template":"","meta":{"footnotes":""},"_links":{"self":[{"href":"http:\/\/www.isbe-archaeologie.at\/index.php?rest_route=\/wp\/v2\/pages\/4635"}],"collection":[{"href":"http:\/\/www.isbe-archaeologie.at\/index.php?rest_route=\/wp\/v2\/pages"}],"about":[{"href":"http:\/\/www.isbe-archaeologie.at\/index.php?rest_route=\/wp\/v2\/types\/page"}],"author":[{"embeddable":true,"href":"http:\/\/www.isbe-archaeologie.at\/index.php?rest_route=\/wp\/v2\/users\/1"}],"replies":[{"embeddable":true,"href":"http:\/\/www.isbe-archaeologie.at\/index.php?rest_route=%2Fwp%2Fv2%2Fcomments&post=4635"}],"version-history":[{"count":25,"href":"http:\/\/www.isbe-archaeologie.at\/index.php?rest_route=\/wp\/v2\/pages\/4635\/revisions"}],"predecessor-version":[{"id":4872,"href":"http:\/\/www.isbe-archaeologie.at\/index.php?rest_route=\/wp\/v2\/pages\/4635\/revisions\/4872"}],"up":[{"embeddable":true,"href":"http:\/\/www.isbe-archaeologie.at\/index.php?rest_route=\/wp\/v2\/pages\/3409"}],"wp:attachment":[{"href":"http:\/\/www.isbe-archaeologie.at\/index.php?rest_route=%2Fwp%2Fv2%2Fmedia&parent=4635"}],"curies":[{"name":"wp","href":"https:\/\/api.w.org\/{rel}","templated":true}]}}